{"id":2745,"date":"2025-11-21T16:23:08","date_gmt":"2025-11-21T15:23:08","guid":{"rendered":"https:\/\/kanakyreptiles.com\/?post_type=product&#038;p=2745"},"modified":"2025-11-21T16:25:27","modified_gmt":"2025-11-21T15:25:27","slug":"anolis-sabanus-1-1-reproductora","status":"publish","type":"product","link":"https:\/\/kanakyreptiles.com\/en\/product\/anolis-sabanus-1-1-reproductora\/","title":{"rendered":"Anolis sabanus 1.1 Reproductora"},"content":{"rendered":"<h2 data-start=\"137\" data-end=\"172\"><strong data-start=\"140\" data-end=\"170\">Pair of <em data-start=\"152\" data-end=\"168\">Anolis sabanus<\/em><\/strong><\/h2>\n<h3 data-start=\"173\" data-end=\"214\"><strong data-start=\"177\" data-end=\"214\">(Anolis de Saba \u2013 Morfo End\u00e9mico)<\/strong><\/h3>\n<p data-start=\"216\" data-end=\"551\">Disponemos de una <strong data-start=\"234\" data-end=\"264\">pareja de <em data-start=\"246\" data-end=\"262\">Anolis sabanus<\/em><\/strong>, una especie <strong data-start=\"278\" data-end=\"309\">end\u00e9mica de la isla de Saba<\/strong>, conocida por su apariencia elegante y su car\u00e1cter activo. Este anolis destaca por su <strong data-start=\"396\" data-end=\"440\">coloraci\u00f3n moteada<\/strong>, acompa\u00f1ada de detalles amarillentos y patrones sutiles que cambian seg\u00fan la iluminaci\u00f3n y su estado de \u00e1nimo.<\/p>\n<p data-start=\"553\" data-end=\"687\">Son animales robustos, llamativos y perfectos para terrarios plantados que permitan apreciar su comportamiento diurno, curioso y \u00e1gil.<\/p>\n<hr data-start=\"689\" data-end=\"692\" \/>\n<h3 data-start=\"694\" data-end=\"731\">\u2b50 <strong data-start=\"700\" data-end=\"731\">Caracter\u00edsticas principales<\/strong><\/h3>\n<ul data-start=\"732\" data-end=\"994\">\n<li data-start=\"732\" data-end=\"765\">\n<p data-start=\"734\" data-end=\"765\"><strong data-start=\"734\" data-end=\"746\">Especie:<\/strong> <em data-start=\"747\" data-end=\"763\">Anolis sabanus<\/em><\/p>\n<\/li>\n<li data-start=\"766\" data-end=\"799\">\n<p data-start=\"768\" data-end=\"799\"><strong data-start=\"768\" data-end=\"779\">Estado:<\/strong> Pareja confirmada<\/p>\n<\/li>\n<li data-start=\"800\" data-end=\"842\">\n<p data-start=\"802\" data-end=\"842\"><strong data-start=\"802\" data-end=\"818\">Procedencia:<\/strong> Isla de Saba (Caribe)<\/p>\n<\/li>\n<li data-start=\"843\" data-end=\"920\">\n<p data-start=\"845\" data-end=\"920\"><strong data-start=\"845\" data-end=\"860\">Coloraci\u00f3n:<\/strong> Tonos beige salpicados de manchas negras<\/p>\n<\/li>\n<li data-start=\"921\" data-end=\"956\">\n<p data-start=\"923\" data-end=\"956\"><strong data-start=\"923\" data-end=\"945\">Tama\u00f1o aproximado:<\/strong> 14\u201318 cm<\/p>\n<\/li>\n<li data-start=\"957\" data-end=\"994\">\n<p data-start=\"959\" data-end=\"994\"><strong data-start=\"959\" data-end=\"981\">Nivel recomendado:<\/strong> Intermedio<\/p>\n<\/li>\n<\/ul>\n<hr data-start=\"996\" data-end=\"999\" \/>\n<h2 data-start=\"1001\" data-end=\"1027\">\ud83e\udd8e <strong data-start=\"1007\" data-end=\"1027\">Cuidados b\u00e1sicos<\/strong><\/h2>\n<h3 data-start=\"1028\" data-end=\"1044\"><strong data-start=\"1032\" data-end=\"1044\">Terrario<\/strong><\/h3>\n<ul data-start=\"1045\" data-end=\"1190\">\n<li data-start=\"1045\" data-end=\"1108\">\n<p data-start=\"1047\" data-end=\"1108\">Tipo: Vertical, m\u00ednimo <strong data-start=\"1070\" data-end=\"1089\">45 \u00d7 45 \u00d7 60 cm<\/strong> para una pareja.<\/p>\n<\/li>\n<li data-start=\"1109\" data-end=\"1190\">\n<p data-start=\"1111\" data-end=\"1190\">Ambiente: Plantado, con ramas firmes, lianas y escondites a diferentes alturas.<\/p>\n<\/li>\n<\/ul>\n<h3 data-start=\"1192\" data-end=\"1211\"><strong data-start=\"1196\" data-end=\"1211\">Temperatura<\/strong><\/h3>\n<ul data-start=\"1212\" data-end=\"1382\">\n<li data-start=\"1212\" data-end=\"1241\">\n<p data-start=\"1214\" data-end=\"1241\">Zona c\u00e1lida: <strong data-start=\"1227\" data-end=\"1239\">28\u201330 \u00baC<\/strong><\/p>\n<\/li>\n<li data-start=\"1242\" data-end=\"1271\">\n<p data-start=\"1244\" data-end=\"1271\">Zona fresca: <strong data-start=\"1257\" data-end=\"1269\">24\u201326 \u00baC<\/strong><\/p>\n<\/li>\n<li data-start=\"1272\" data-end=\"1295\">\n<p data-start=\"1274\" data-end=\"1295\">Noche: <strong data-start=\"1281\" data-end=\"1293\">21\u201323 \u00baC<\/strong><\/p>\n<\/li>\n<li data-start=\"1296\" data-end=\"1382\">\n<p data-start=\"1298\" data-end=\"1382\">Iluminaci\u00f3n UVB: <strong data-start=\"1315\" data-end=\"1327\">6%<\/strong>, imprescindible para mantener coloraci\u00f3n y salud \u00f3sea.<\/p>\n<\/li>\n<\/ul>\n<h3 data-start=\"1384\" data-end=\"1399\"><strong data-start=\"1388\" data-end=\"1399\">Humidity<\/strong><\/h3>\n<ul data-start=\"1400\" data-end=\"1510\">\n<li data-start=\"1400\" data-end=\"1460\">\n<p data-start=\"1402\" data-end=\"1460\"><strong data-start=\"1402\" data-end=\"1413\">60\u201375 %<\/strong>, con pulverizaciones una o dos veces al d\u00eda.<\/p>\n<\/li>\n<li data-start=\"1461\" data-end=\"1510\">\n<p data-start=\"1463\" data-end=\"1510\">Buena ventilaci\u00f3n para evitar humedad excesiva.<\/p>\n<\/li>\n<\/ul>\n<h3 data-start=\"1512\" data-end=\"1532\"><strong data-start=\"1516\" data-end=\"1532\">Feeding<\/strong><\/h3>\n<ul data-start=\"1533\" data-end=\"1690\">\n<li data-start=\"1533\" data-end=\"1616\">\n<p data-start=\"1535\" data-end=\"1616\">Dieta insect\u00edvora variada: grillos, cucas, langostas peque\u00f1as y larvas blandas.<\/p>\n<\/li>\n<li data-start=\"1617\" data-end=\"1690\">\n<p data-start=\"1619\" data-end=\"1690\">Suplementaci\u00f3n con <strong data-start=\"1638\" data-end=\"1663\">calcio (con y sin D3)<\/strong> y multivitam\u00ednico regular.<\/p>\n<\/li>\n<\/ul>\n<h3 data-start=\"1692\" data-end=\"1714\"><strong data-start=\"1696\" data-end=\"1714\">Comportamiento<\/strong><\/h3>\n<ul data-start=\"1715\" data-end=\"1819\">\n<li data-start=\"1715\" data-end=\"1741\">\n<p data-start=\"1717\" data-end=\"1741\">Muy activos y diurnos.<\/p>\n<\/li>\n<li data-start=\"1742\" data-end=\"1819\">\n<p data-start=\"1744\" data-end=\"1819\">Agradecen \u00e1reas elevadas y buena densidad de plantas para sentirse seguros.<\/p>\n<\/li>\n<\/ul>\n<ul data-start=\"1583\" data-end=\"1690\">\n<li data-start=\"1583\" data-end=\"1628\">\n<p data-start=\"1585\" data-end=\"1628\"><strong data-start=\"1585\" data-end=\"1596\">65\u201380 %<\/strong>, con pulverizaciones diarias.<\/p>\n<\/li>\n<li data-start=\"1629\" data-end=\"1690\">\n<p data-start=\"1631\" data-end=\"1690\">Necesitan buena circulaci\u00f3n de aire para evitar saturaci\u00f3n.<\/p>\n<\/li>\n<\/ul>\n<h3 data-start=\"1692\" data-end=\"1712\"><strong data-start=\"1696\" data-end=\"1712\">Feeding<\/strong><\/h3>\n<ul data-start=\"1713\" data-end=\"1845\">\n<li data-start=\"1713\" data-end=\"1787\">\n<p data-start=\"1715\" data-end=\"1787\">Insect\u00edvora variada: grillos, cucas peque\u00f1as, langosta, larvas suaves.<\/p>\n<\/li>\n<li data-start=\"1788\" data-end=\"1845\">\n<p data-start=\"1790\" data-end=\"1845\">Suplementaci\u00f3n: calcio (con y sin D3) y multivitaminas.<\/p>\n<\/li>\n<\/ul>\n<h3 data-start=\"1847\" data-end=\"1869\"><strong data-start=\"1851\" data-end=\"1869\">Comportamiento<\/strong><\/h3>\n<ul data-start=\"1870\" data-end=\"1985\">\n<li data-start=\"1870\" data-end=\"1910\">\n<p data-start=\"1872\" data-end=\"1910\">Diurnos, muy activos y observadores.<\/p>\n<\/li>\n<li data-start=\"1911\" data-end=\"1985\">\n<p data-start=\"1913\" data-end=\"1985\">Les encanta trepar y utilizan intensamente las zonas altas del terrario.<\/p>\n<\/li>\n<\/ul>","protected":false},"excerpt":{"rendered":"<p>Pareja de Anolis sabanus (Anolis de Saba \u2013 Morfo End\u00e9mico) Disponemos de una pareja de Anolis sabanus, una especie end\u00e9mica de la isla de Saba, conocida por su apariencia elegante y su car\u00e1cter activo. Este anolis destaca por su coloraci\u00f3n moteada, acompa\u00f1ada de detalles amarillentos y patrones sutiles que cambian seg\u00fan la iluminaci\u00f3n y su [&hellip;]<\/p>\n","protected":false},"featured_media":2740,"template":"","meta":[],"product_brand":[],"product_cat":[44],"product_tag":[],"class_list":{"0":"post-2745","1":"product","2":"type-product","3":"status-publish","4":"has-post-thumbnail","6":"product_cat-otros-reptiles","8":"first","9":"instock","10":"shipping-taxable","11":"purchasable","12":"product-type-simple"},"yoast_head":"<!-- This site is optimized with the Yoast SEO plugin v27.3 - https:\/\/yoast.com\/product\/yoast-seo-wordpress\/ -->\n<title>Anolis sabanus 1.1 Reproductora - Kanaky Reptiles<\/title>\n<meta name=\"robots\" content=\"index, follow, max-snippet:-1, max-image-preview:large, max-video-preview:-1\" \/>\n<link rel=\"canonical\" href=\"https:\/\/kanakyreptiles.com\/en\/product\/anolis-sabanus-1-1-reproductora\/\" \/>\n<meta property=\"og:locale\" content=\"en_US\" \/>\n<meta property=\"og:type\" content=\"article\" \/>\n<meta property=\"og:title\" content=\"Anolis sabanus 1.1 Reproductora - Kanaky Reptiles\" \/>\n<meta property=\"og:description\" content=\"Pareja de Anolis sabanus (Anolis de Saba \u2013 Morfo End\u00e9mico) Disponemos de una pareja de Anolis sabanus, una especie end\u00e9mica de la isla de Saba, conocida por su apariencia elegante y su car\u00e1cter activo. Este anolis destaca por su coloraci\u00f3n moteada, acompa\u00f1ada de detalles amarillentos y patrones sutiles que cambian seg\u00fan la iluminaci\u00f3n y su [&hellip;]\" \/>\n<meta property=\"og:url\" content=\"https:\/\/kanakyreptiles.com\/en\/product\/anolis-sabanus-1-1-reproductora\/\" \/>\n<meta property=\"og:site_name\" content=\"Kanaky Reptiles\" \/>\n<meta property=\"article:modified_time\" content=\"2025-11-21T15:25:27+00:00\" \/>\n<meta property=\"og:image\" content=\"https:\/\/kanakyreptiles.com\/wp-content\/uploads\/2025\/11\/Anolis-sabanus-1.jpg\" \/>\n\t<meta property=\"og:image:width\" content=\"1002\" \/>\n\t<meta property=\"og:image:height\" content=\"1002\" \/>\n\t<meta property=\"og:image:type\" content=\"image\/jpeg\" \/>\n<meta name=\"twitter:card\" content=\"summary_large_image\" \/>\n<meta name=\"twitter:label1\" content=\"Est. reading time\" \/>\n\t<meta name=\"twitter:data1\" content=\"2 minutes\" \/>\n<script type=\"application\/ld+json\" class=\"yoast-schema-graph\">{\"@context\":\"https:\\\/\\\/schema.org\",\"@graph\":[{\"@type\":\"WebPage\",\"@id\":\"https:\\\/\\\/kanakyreptiles.com\\\/product\\\/anolis-sabanus-1-1-reproductora\\\/\",\"url\":\"https:\\\/\\\/kanakyreptiles.com\\\/product\\\/anolis-sabanus-1-1-reproductora\\\/\",\"name\":\"Anolis sabanus 1.1 Reproductora - Kanaky Reptiles\",\"isPartOf\":{\"@id\":\"https:\\\/\\\/kanakyreptiles.com\\\/#website\"},\"primaryImageOfPage\":{\"@id\":\"https:\\\/\\\/kanakyreptiles.com\\\/product\\\/anolis-sabanus-1-1-reproductora\\\/#primaryimage\"},\"image\":{\"@id\":\"https:\\\/\\\/kanakyreptiles.com\\\/product\\\/anolis-sabanus-1-1-reproductora\\\/#primaryimage\"},\"thumbnailUrl\":\"https:\\\/\\\/kanakyreptiles.com\\\/wp-content\\\/uploads\\\/2025\\\/11\\\/Anolis-sabanus-1.jpg\",\"datePublished\":\"2025-11-21T15:23:08+00:00\",\"dateModified\":\"2025-11-21T15:25:27+00:00\",\"breadcrumb\":{\"@id\":\"https:\\\/\\\/kanakyreptiles.com\\\/product\\\/anolis-sabanus-1-1-reproductora\\\/#breadcrumb\"},\"inLanguage\":\"en-US\",\"potentialAction\":[{\"@type\":\"ReadAction\",\"target\":[\"https:\\\/\\\/kanakyreptiles.com\\\/product\\\/anolis-sabanus-1-1-reproductora\\\/\"]}]},{\"@type\":\"ImageObject\",\"inLanguage\":\"en-US\",\"@id\":\"https:\\\/\\\/kanakyreptiles.com\\\/product\\\/anolis-sabanus-1-1-reproductora\\\/#primaryimage\",\"url\":\"https:\\\/\\\/kanakyreptiles.com\\\/wp-content\\\/uploads\\\/2025\\\/11\\\/Anolis-sabanus-1.jpg\",\"contentUrl\":\"https:\\\/\\\/kanakyreptiles.com\\\/wp-content\\\/uploads\\\/2025\\\/11\\\/Anolis-sabanus-1.jpg\",\"width\":1002,\"height\":1002,\"caption\":\"Anolis sabanus 1\"},{\"@type\":\"BreadcrumbList\",\"@id\":\"https:\\\/\\\/kanakyreptiles.com\\\/product\\\/anolis-sabanus-1-1-reproductora\\\/#breadcrumb\",\"itemListElement\":[{\"@type\":\"ListItem\",\"position\":1,\"name\":\"Portada\",\"item\":\"https:\\\/\\\/kanakyreptiles.com\\\/\"},{\"@type\":\"ListItem\",\"position\":2,\"name\":\"Tienda\",\"item\":\"https:\\\/\\\/kanakyreptiles.com\\\/tienda\\\/\"},{\"@type\":\"ListItem\",\"position\":3,\"name\":\"Anolis sabanus 1.1 Reproductora\"}]},{\"@type\":\"WebSite\",\"@id\":\"https:\\\/\\\/kanakyreptiles.com\\\/#website\",\"url\":\"https:\\\/\\\/kanakyreptiles.com\\\/\",\"name\":\"Kanaky Reptiles\",\"description\":\"Venta de reptiles\",\"publisher\":{\"@id\":\"https:\\\/\\\/kanakyreptiles.com\\\/#organization\"},\"potentialAction\":[{\"@type\":\"SearchAction\",\"target\":{\"@type\":\"EntryPoint\",\"urlTemplate\":\"https:\\\/\\\/kanakyreptiles.com\\\/?s={search_term_string}\"},\"query-input\":{\"@type\":\"PropertyValueSpecification\",\"valueRequired\":true,\"valueName\":\"search_term_string\"}}],\"inLanguage\":\"en-US\"},{\"@type\":\"Organization\",\"@id\":\"https:\\\/\\\/kanakyreptiles.com\\\/#organization\",\"name\":\"Kanaky Reptiles\",\"url\":\"https:\\\/\\\/kanakyreptiles.com\\\/\",\"logo\":{\"@type\":\"ImageObject\",\"inLanguage\":\"en-US\",\"@id\":\"https:\\\/\\\/kanakyreptiles.com\\\/#\\\/schema\\\/logo\\\/image\\\/\",\"url\":\"https:\\\/\\\/kanakyreptiles.com\\\/wp-content\\\/uploads\\\/2024\\\/05\\\/LOGO-KANAKY-REPTILES-COMPLETO-am.png\",\"contentUrl\":\"https:\\\/\\\/kanakyreptiles.com\\\/wp-content\\\/uploads\\\/2024\\\/05\\\/LOGO-KANAKY-REPTILES-COMPLETO-am.png\",\"width\":2278,\"height\":445,\"caption\":\"Kanaky Reptiles\"},\"image\":{\"@id\":\"https:\\\/\\\/kanakyreptiles.com\\\/#\\\/schema\\\/logo\\\/image\\\/\"},\"sameAs\":[\"https:\\\/\\\/www.youtube.com\\\/channel\\\/UClqHTv-N_fxdR2BacMygxPQ\",\"https:\\\/\\\/www.instagram.com\\\/kanakyterraria\\\/\"]}]}<\/script>\n<!-- \/ Yoast SEO plugin. -->","yoast_head_json":{"title":"Anolis sabanus 1.1 Reproductora - Kanaky Reptiles","robots":{"index":"index","follow":"follow","max-snippet":"max-snippet:-1","max-image-preview":"max-image-preview:large","max-video-preview":"max-video-preview:-1"},"canonical":"https:\/\/kanakyreptiles.com\/en\/product\/anolis-sabanus-1-1-reproductora\/","og_locale":"en_US","og_type":"article","og_title":"Anolis sabanus 1.1 Reproductora - Kanaky Reptiles","og_description":"Pareja de Anolis sabanus (Anolis de Saba \u2013 Morfo End\u00e9mico) Disponemos de una pareja de Anolis sabanus, una especie end\u00e9mica de la isla de Saba, conocida por su apariencia elegante y su car\u00e1cter activo. Este anolis destaca por su coloraci\u00f3n moteada, acompa\u00f1ada de detalles amarillentos y patrones sutiles que cambian seg\u00fan la iluminaci\u00f3n y su [&hellip;]","og_url":"https:\/\/kanakyreptiles.com\/en\/product\/anolis-sabanus-1-1-reproductora\/","og_site_name":"Kanaky Reptiles","article_modified_time":"2025-11-21T15:25:27+00:00","og_image":[{"width":1002,"height":1002,"url":"https:\/\/kanakyreptiles.com\/wp-content\/uploads\/2025\/11\/Anolis-sabanus-1.jpg","type":"image\/jpeg"}],"twitter_card":"summary_large_image","twitter_misc":{"Est. reading time":"2 minutes"},"schema":{"@context":"https:\/\/schema.org","@graph":[{"@type":"WebPage","@id":"https:\/\/kanakyreptiles.com\/product\/anolis-sabanus-1-1-reproductora\/","url":"https:\/\/kanakyreptiles.com\/product\/anolis-sabanus-1-1-reproductora\/","name":"Anolis sabanus 1.1 Reproductora - Kanaky Reptiles","isPartOf":{"@id":"https:\/\/kanakyreptiles.com\/#website"},"primaryImageOfPage":{"@id":"https:\/\/kanakyreptiles.com\/product\/anolis-sabanus-1-1-reproductora\/#primaryimage"},"image":{"@id":"https:\/\/kanakyreptiles.com\/product\/anolis-sabanus-1-1-reproductora\/#primaryimage"},"thumbnailUrl":"https:\/\/kanakyreptiles.com\/wp-content\/uploads\/2025\/11\/Anolis-sabanus-1.jpg","datePublished":"2025-11-21T15:23:08+00:00","dateModified":"2025-11-21T15:25:27+00:00","breadcrumb":{"@id":"https:\/\/kanakyreptiles.com\/product\/anolis-sabanus-1-1-reproductora\/#breadcrumb"},"inLanguage":"en-US","potentialAction":[{"@type":"ReadAction","target":["https:\/\/kanakyreptiles.com\/product\/anolis-sabanus-1-1-reproductora\/"]}]},{"@type":"ImageObject","inLanguage":"en-US","@id":"https:\/\/kanakyreptiles.com\/product\/anolis-sabanus-1-1-reproductora\/#primaryimage","url":"https:\/\/kanakyreptiles.com\/wp-content\/uploads\/2025\/11\/Anolis-sabanus-1.jpg","contentUrl":"https:\/\/kanakyreptiles.com\/wp-content\/uploads\/2025\/11\/Anolis-sabanus-1.jpg","width":1002,"height":1002,"caption":"Anolis sabanus 1"},{"@type":"BreadcrumbList","@id":"https:\/\/kanakyreptiles.com\/product\/anolis-sabanus-1-1-reproductora\/#breadcrumb","itemListElement":[{"@type":"ListItem","position":1,"name":"Portada","item":"https:\/\/kanakyreptiles.com\/"},{"@type":"ListItem","position":2,"name":"Tienda","item":"https:\/\/kanakyreptiles.com\/tienda\/"},{"@type":"ListItem","position":3,"name":"Anolis sabanus 1.1 Reproductora"}]},{"@type":"WebSite","@id":"https:\/\/kanakyreptiles.com\/#website","url":"https:\/\/kanakyreptiles.com\/","name":"Kanaky Reptiles","description":"Reptiles for sale","publisher":{"@id":"https:\/\/kanakyreptiles.com\/#organization"},"potentialAction":[{"@type":"SearchAction","target":{"@type":"EntryPoint","urlTemplate":"https:\/\/kanakyreptiles.com\/?s={search_term_string}"},"query-input":{"@type":"PropertyValueSpecification","valueRequired":true,"valueName":"search_term_string"}}],"inLanguage":"en-US"},{"@type":"Organization","@id":"https:\/\/kanakyreptiles.com\/#organization","name":"Kanaky Reptiles","url":"https:\/\/kanakyreptiles.com\/","logo":{"@type":"ImageObject","inLanguage":"en-US","@id":"https:\/\/kanakyreptiles.com\/#\/schema\/logo\/image\/","url":"https:\/\/kanakyreptiles.com\/wp-content\/uploads\/2024\/05\/LOGO-KANAKY-REPTILES-COMPLETO-am.png","contentUrl":"https:\/\/kanakyreptiles.com\/wp-content\/uploads\/2024\/05\/LOGO-KANAKY-REPTILES-COMPLETO-am.png","width":2278,"height":445,"caption":"Kanaky Reptiles"},"image":{"@id":"https:\/\/kanakyreptiles.com\/#\/schema\/logo\/image\/"},"sameAs":["https:\/\/www.youtube.com\/channel\/UClqHTv-N_fxdR2BacMygxPQ","https:\/\/www.instagram.com\/kanakyterraria\/"]}]}},"_links":{"self":[{"href":"https:\/\/kanakyreptiles.com\/en\/wp-json\/wp\/v2\/product\/2745","targetHints":{"allow":["GET"]}}],"collection":[{"href":"https:\/\/kanakyreptiles.com\/en\/wp-json\/wp\/v2\/product"}],"about":[{"href":"https:\/\/kanakyreptiles.com\/en\/wp-json\/wp\/v2\/types\/product"}],"wp:featuredmedia":[{"embeddable":true,"href":"https:\/\/kanakyreptiles.com\/en\/wp-json\/wp\/v2\/media\/2740"}],"wp:attachment":[{"href":"https:\/\/kanakyreptiles.com\/en\/wp-json\/wp\/v2\/media?parent=2745"}],"wp:term":[{"taxonomy":"product_brand","embeddable":true,"href":"https:\/\/kanakyreptiles.com\/en\/wp-json\/wp\/v2\/product_brand?post=2745"},{"taxonomy":"product_cat","embeddable":true,"href":"https:\/\/kanakyreptiles.com\/en\/wp-json\/wp\/v2\/product_cat?post=2745"},{"taxonomy":"product_tag","embeddable":true,"href":"https:\/\/kanakyreptiles.com\/en\/wp-json\/wp\/v2\/product_tag?post=2745"}],"curies":[{"name":"wp","href":"https:\/\/api.w.org\/{rel}","templated":true}]}}