{"id":2734,"date":"2025-11-21T16:14:52","date_gmt":"2025-11-21T15:14:52","guid":{"rendered":"https:\/\/kanakyreptiles.com\/?post_type=product&#038;p=2734"},"modified":"2025-11-21T16:14:52","modified_gmt":"2025-11-21T15:14:52","slug":"anolis-leachii-1-1","status":"publish","type":"product","link":"https:\/\/kanakyreptiles.com\/en\/product\/anolis-leachii-1-1\/","title":{"rendered":"Anolis leachii 1.1"},"content":{"rendered":"<h2 data-start=\"162\" data-end=\"197\"><strong data-start=\"165\" data-end=\"195\">Pair of <em data-start=\"177\" data-end=\"193\">Anolis leachii<\/em><\/strong><\/h2>\n<h3 data-start=\"198\" data-end=\"253\"><strong data-start=\"202\" data-end=\"253\">(Anolis gigante de Leach)<\/strong><\/h3>\n<p data-start=\"255\" data-end=\"615\">Presentamos una <strong data-start=\"271\" data-end=\"301\">pareja de <em data-start=\"283\" data-end=\"299\">Anolis leachii<\/em><\/strong>, una de las especies de anolis m\u00e1s impresionantes y buscadas por su tama\u00f1o, coloraci\u00f3n vibrante y comportamiento activo. Originarios de Antigua y Barbuda, estos anolis destacan por su elegante tonalidad verde esmeralda, su imponente papada y su capacidad para adaptarse excepcionalmente bien a entornos plantados.<\/p>\n<p data-start=\"617\" data-end=\"777\">Una opci\u00f3n perfecta tanto para aficionados avanzados como para criadores que buscan incorporar una especie llamativa, robusta y con gran potencial reproductivo.<\/p>\n<hr data-start=\"779\" data-end=\"782\" \/>\n<h3 data-start=\"784\" data-end=\"821\">\u2b50 <strong data-start=\"790\" data-end=\"821\">Caracter\u00edsticas principales<\/strong><\/h3>\n<ul data-start=\"822\" data-end=\"1114\">\n<li data-start=\"822\" data-end=\"855\">\n<p data-start=\"824\" data-end=\"855\"><strong data-start=\"824\" data-end=\"836\">Especie:<\/strong> <em data-start=\"837\" data-end=\"853\">Anolis leachii<\/em><\/p>\n<\/li>\n<li data-start=\"887\" data-end=\"936\">\n<p data-start=\"889\" data-end=\"936\"><strong data-start=\"889\" data-end=\"900\">Tama\u00f1o adulto:<\/strong> Entre 18\u201325 cm (incluida la cola)<\/p>\n<\/li>\n<li data-start=\"937\" data-end=\"975\">\n<p data-start=\"939\" data-end=\"975\"><strong data-start=\"939\" data-end=\"956\">Temperamento:<\/strong> Activo y curioso<\/p>\n<\/li>\n<li data-start=\"976\" data-end=\"1050\">\n<p data-start=\"978\" data-end=\"1050\"><strong data-start=\"978\" data-end=\"993\">Coloraci\u00f3n:<\/strong> Verde intenso con variaciones turquesa y marcas claras<\/p>\n<\/li>\n<li data-start=\"1051\" data-end=\"1114\">\n<p data-start=\"1053\" data-end=\"1114\"><strong data-start=\"1053\" data-end=\"1090\">Nivel de experiencia recomendado:<\/strong> Intermedio \u2013 Avanzado<\/p>\n<\/li>\n<\/ul>\n<hr data-start=\"1116\" data-end=\"1119\" \/>\n<h2 data-start=\"1121\" data-end=\"1147\">\ud83e\udd8e <strong data-start=\"1127\" data-end=\"1147\">Cuidados b\u00e1sicos<\/strong><\/h2>\n<h3 data-start=\"1148\" data-end=\"1164\"><strong data-start=\"1152\" data-end=\"1164\">Terrario<\/strong><\/h3>\n<ul data-start=\"1165\" data-end=\"1296\">\n<li data-start=\"1165\" data-end=\"1223\">\n<p data-start=\"1167\" data-end=\"1223\">Tipo: Vertical, m\u00ednimo <strong data-start=\"1190\" data-end=\"1209\">60 \u00d7 45 \u00d7 90 cm<\/strong> por pareja.<\/p>\n<\/li>\n<li data-start=\"1224\" data-end=\"1296\">\n<p data-start=\"1226\" data-end=\"1296\">Decoraci\u00f3n: Muy plantado, ramas, lianas y puntos elevados de descanso.<\/p>\n<\/li>\n<\/ul>\n<h3 data-start=\"1298\" data-end=\"1317\"><strong data-start=\"1302\" data-end=\"1317\">Temperatura<\/strong><\/h3>\n<ul data-start=\"1318\" data-end=\"1473\">\n<li data-start=\"1318\" data-end=\"1347\">\n<p data-start=\"1320\" data-end=\"1347\">Zona c\u00e1lida: <strong data-start=\"1333\" data-end=\"1345\">28\u201330 \u00baC<\/strong><\/p>\n<\/li>\n<li data-start=\"1348\" data-end=\"1377\">\n<p data-start=\"1350\" data-end=\"1377\">Zona fresca: <strong data-start=\"1363\" data-end=\"1375\">24\u201326 \u00baC<\/strong><\/p>\n<\/li>\n<li data-start=\"1378\" data-end=\"1401\">\n<p data-start=\"1380\" data-end=\"1401\">Noche: <strong data-start=\"1387\" data-end=\"1399\">22\u201324 \u00baC<\/strong><\/p>\n<\/li>\n<li data-start=\"1402\" data-end=\"1473\">\n<p data-start=\"1404\" data-end=\"1473\">Necesitan <strong data-start=\"1414\" data-end=\"1430\">UVB 6%<\/strong> para un correcto metabolismo y coloraci\u00f3n.<\/p>\n<\/li>\n<\/ul>\n<h3 data-start=\"1475\" data-end=\"1490\"><strong data-start=\"1479\" data-end=\"1490\">Humidity<\/strong><\/h3>\n<ul data-start=\"1491\" data-end=\"1590\">\n<li data-start=\"1491\" data-end=\"1536\">\n<p data-start=\"1493\" data-end=\"1536\"><strong data-start=\"1493\" data-end=\"1504\">60\u201380 %<\/strong>, con pulverizaciones diarias.<\/p>\n<\/li>\n<li data-start=\"1537\" data-end=\"1590\">\n<p data-start=\"1539\" data-end=\"1590\">Agradecen sistemas de lluvia o nebulizaci\u00f3n ligera.<\/p>\n<\/li>\n<\/ul>\n<h3 data-start=\"1592\" data-end=\"1612\"><strong data-start=\"1596\" data-end=\"1612\">Feeding<\/strong><\/h3>\n<ul data-start=\"1613\" data-end=\"1795\">\n<li data-start=\"1613\" data-end=\"1720\">\n<p data-start=\"1615\" data-end=\"1720\">Insect\u00edvora: grillos, cucas, langostas, larvas y suplementaci\u00f3n con <strong data-start=\"1683\" data-end=\"1698\">calcio + D3<\/strong> y multivitam\u00ednicos.<\/p>\n<\/li>\n<li data-start=\"1721\" data-end=\"1795\">\n<p data-start=\"1723\" data-end=\"1795\">Ocasionalmente aceptan papillas frutales espec\u00edficas para geckos\/anolis.<\/p>\n<\/li>\n<\/ul>\n<h3 data-start=\"1797\" data-end=\"1819\"><strong data-start=\"1801\" data-end=\"1819\">Comportamiento<\/strong><\/h3>\n<ul data-start=\"1820\" data-end=\"1924\">\n<li data-start=\"1820\" data-end=\"1847\">\n<p data-start=\"1822\" data-end=\"1847\">Activos durante el d\u00eda.<\/p>\n<\/li>\n<li data-start=\"1848\" data-end=\"1924\">\n<p data-start=\"1850\" data-end=\"1924\">Es recomendable proporcionar m\u00faltiples puntos de observaci\u00f3n y escondites.<\/p>\n<\/li>\n<\/ul>","protected":false},"excerpt":{"rendered":"<p>Pareja de Anolis leachii (Anolis gigante de Leach) Presentamos una pareja de Anolis leachii, una de las especies de anolis m\u00e1s impresionantes y buscadas por su tama\u00f1o, coloraci\u00f3n vibrante y comportamiento activo. Originarios de Antigua y Barbuda, estos anolis destacan por su elegante tonalidad verde esmeralda, su imponente papada y su capacidad para adaptarse excepcionalmente [&hellip;]<\/p>\n","protected":false},"featured_media":2736,"template":"","meta":[],"product_brand":[],"product_cat":[44],"product_tag":[],"class_list":{"0":"post-2734","1":"product","2":"type-product","3":"status-publish","4":"has-post-thumbnail","6":"product_cat-otros-reptiles","8":"first","9":"instock","10":"shipping-taxable","11":"purchasable","12":"product-type-simple"},"yoast_head":"<!-- This site is optimized with the Yoast SEO plugin v27.3 - https:\/\/yoast.com\/product\/yoast-seo-wordpress\/ -->\n<title>Anolis leachii 1.1 - Kanaky Reptiles<\/title>\n<meta name=\"robots\" content=\"index, follow, max-snippet:-1, max-image-preview:large, max-video-preview:-1\" \/>\n<link rel=\"canonical\" href=\"https:\/\/kanakyreptiles.com\/en\/product\/anolis-leachii-1-1\/\" \/>\n<meta property=\"og:locale\" content=\"en_US\" \/>\n<meta property=\"og:type\" content=\"article\" \/>\n<meta property=\"og:title\" content=\"Anolis leachii 1.1 - Kanaky Reptiles\" \/>\n<meta property=\"og:description\" content=\"Pareja de Anolis leachii (Anolis gigante de Leach) Presentamos una pareja de Anolis leachii, una de las especies de anolis m\u00e1s impresionantes y buscadas por su tama\u00f1o, coloraci\u00f3n vibrante y comportamiento activo. Originarios de Antigua y Barbuda, estos anolis destacan por su elegante tonalidad verde esmeralda, su imponente papada y su capacidad para adaptarse excepcionalmente [&hellip;]\" \/>\n<meta property=\"og:url\" content=\"https:\/\/kanakyreptiles.com\/en\/product\/anolis-leachii-1-1\/\" \/>\n<meta property=\"og:site_name\" content=\"Kanaky Reptiles\" \/>\n<meta property=\"og:image\" content=\"https:\/\/kanakyreptiles.com\/wp-content\/uploads\/2025\/11\/Anolis-leachii.jpg\" \/>\n\t<meta property=\"og:image:width\" content=\"578\" \/>\n\t<meta property=\"og:image:height\" content=\"578\" \/>\n\t<meta property=\"og:image:type\" content=\"image\/jpeg\" \/>\n<meta name=\"twitter:card\" content=\"summary_large_image\" \/>\n<meta name=\"twitter:label1\" content=\"Est. reading time\" \/>\n\t<meta name=\"twitter:data1\" content=\"2 minutes\" \/>\n<script type=\"application\/ld+json\" class=\"yoast-schema-graph\">{\"@context\":\"https:\\\/\\\/schema.org\",\"@graph\":[{\"@type\":\"WebPage\",\"@id\":\"https:\\\/\\\/kanakyreptiles.com\\\/product\\\/anolis-leachii-1-1\\\/\",\"url\":\"https:\\\/\\\/kanakyreptiles.com\\\/product\\\/anolis-leachii-1-1\\\/\",\"name\":\"Anolis leachii 1.1 - Kanaky Reptiles\",\"isPartOf\":{\"@id\":\"https:\\\/\\\/kanakyreptiles.com\\\/#website\"},\"primaryImageOfPage\":{\"@id\":\"https:\\\/\\\/kanakyreptiles.com\\\/product\\\/anolis-leachii-1-1\\\/#primaryimage\"},\"image\":{\"@id\":\"https:\\\/\\\/kanakyreptiles.com\\\/product\\\/anolis-leachii-1-1\\\/#primaryimage\"},\"thumbnailUrl\":\"https:\\\/\\\/kanakyreptiles.com\\\/wp-content\\\/uploads\\\/2025\\\/11\\\/Anolis-leachii.jpg\",\"datePublished\":\"2025-11-21T15:14:52+00:00\",\"breadcrumb\":{\"@id\":\"https:\\\/\\\/kanakyreptiles.com\\\/product\\\/anolis-leachii-1-1\\\/#breadcrumb\"},\"inLanguage\":\"en-US\",\"potentialAction\":[{\"@type\":\"ReadAction\",\"target\":[\"https:\\\/\\\/kanakyreptiles.com\\\/product\\\/anolis-leachii-1-1\\\/\"]}]},{\"@type\":\"ImageObject\",\"inLanguage\":\"en-US\",\"@id\":\"https:\\\/\\\/kanakyreptiles.com\\\/product\\\/anolis-leachii-1-1\\\/#primaryimage\",\"url\":\"https:\\\/\\\/kanakyreptiles.com\\\/wp-content\\\/uploads\\\/2025\\\/11\\\/Anolis-leachii.jpg\",\"contentUrl\":\"https:\\\/\\\/kanakyreptiles.com\\\/wp-content\\\/uploads\\\/2025\\\/11\\\/Anolis-leachii.jpg\",\"width\":578,\"height\":578,\"caption\":\"Anolis leachii\"},{\"@type\":\"BreadcrumbList\",\"@id\":\"https:\\\/\\\/kanakyreptiles.com\\\/product\\\/anolis-leachii-1-1\\\/#breadcrumb\",\"itemListElement\":[{\"@type\":\"ListItem\",\"position\":1,\"name\":\"Portada\",\"item\":\"https:\\\/\\\/kanakyreptiles.com\\\/\"},{\"@type\":\"ListItem\",\"position\":2,\"name\":\"Tienda\",\"item\":\"https:\\\/\\\/kanakyreptiles.com\\\/tienda\\\/\"},{\"@type\":\"ListItem\",\"position\":3,\"name\":\"Anolis leachii 1.1\"}]},{\"@type\":\"WebSite\",\"@id\":\"https:\\\/\\\/kanakyreptiles.com\\\/#website\",\"url\":\"https:\\\/\\\/kanakyreptiles.com\\\/\",\"name\":\"Kanaky Reptiles\",\"description\":\"Venta de reptiles\",\"publisher\":{\"@id\":\"https:\\\/\\\/kanakyreptiles.com\\\/#organization\"},\"potentialAction\":[{\"@type\":\"SearchAction\",\"target\":{\"@type\":\"EntryPoint\",\"urlTemplate\":\"https:\\\/\\\/kanakyreptiles.com\\\/?s={search_term_string}\"},\"query-input\":{\"@type\":\"PropertyValueSpecification\",\"valueRequired\":true,\"valueName\":\"search_term_string\"}}],\"inLanguage\":\"en-US\"},{\"@type\":\"Organization\",\"@id\":\"https:\\\/\\\/kanakyreptiles.com\\\/#organization\",\"name\":\"Kanaky Reptiles\",\"url\":\"https:\\\/\\\/kanakyreptiles.com\\\/\",\"logo\":{\"@type\":\"ImageObject\",\"inLanguage\":\"en-US\",\"@id\":\"https:\\\/\\\/kanakyreptiles.com\\\/#\\\/schema\\\/logo\\\/image\\\/\",\"url\":\"https:\\\/\\\/kanakyreptiles.com\\\/wp-content\\\/uploads\\\/2024\\\/05\\\/LOGO-KANAKY-REPTILES-COMPLETO-am.png\",\"contentUrl\":\"https:\\\/\\\/kanakyreptiles.com\\\/wp-content\\\/uploads\\\/2024\\\/05\\\/LOGO-KANAKY-REPTILES-COMPLETO-am.png\",\"width\":2278,\"height\":445,\"caption\":\"Kanaky Reptiles\"},\"image\":{\"@id\":\"https:\\\/\\\/kanakyreptiles.com\\\/#\\\/schema\\\/logo\\\/image\\\/\"},\"sameAs\":[\"https:\\\/\\\/www.youtube.com\\\/channel\\\/UClqHTv-N_fxdR2BacMygxPQ\",\"https:\\\/\\\/www.instagram.com\\\/kanakyterraria\\\/\"]}]}<\/script>\n<!-- \/ Yoast SEO plugin. -->","yoast_head_json":{"title":"Anolis leachii 1.1 - Kanaky Reptiles","robots":{"index":"index","follow":"follow","max-snippet":"max-snippet:-1","max-image-preview":"max-image-preview:large","max-video-preview":"max-video-preview:-1"},"canonical":"https:\/\/kanakyreptiles.com\/en\/product\/anolis-leachii-1-1\/","og_locale":"en_US","og_type":"article","og_title":"Anolis leachii 1.1 - Kanaky Reptiles","og_description":"Pareja de Anolis leachii (Anolis gigante de Leach) Presentamos una pareja de Anolis leachii, una de las especies de anolis m\u00e1s impresionantes y buscadas por su tama\u00f1o, coloraci\u00f3n vibrante y comportamiento activo. Originarios de Antigua y Barbuda, estos anolis destacan por su elegante tonalidad verde esmeralda, su imponente papada y su capacidad para adaptarse excepcionalmente [&hellip;]","og_url":"https:\/\/kanakyreptiles.com\/en\/product\/anolis-leachii-1-1\/","og_site_name":"Kanaky Reptiles","og_image":[{"width":578,"height":578,"url":"https:\/\/kanakyreptiles.com\/wp-content\/uploads\/2025\/11\/Anolis-leachii.jpg","type":"image\/jpeg"}],"twitter_card":"summary_large_image","twitter_misc":{"Est. reading time":"2 minutes"},"schema":{"@context":"https:\/\/schema.org","@graph":[{"@type":"WebPage","@id":"https:\/\/kanakyreptiles.com\/product\/anolis-leachii-1-1\/","url":"https:\/\/kanakyreptiles.com\/product\/anolis-leachii-1-1\/","name":"Anolis leachii 1.1 - Kanaky Reptiles","isPartOf":{"@id":"https:\/\/kanakyreptiles.com\/#website"},"primaryImageOfPage":{"@id":"https:\/\/kanakyreptiles.com\/product\/anolis-leachii-1-1\/#primaryimage"},"image":{"@id":"https:\/\/kanakyreptiles.com\/product\/anolis-leachii-1-1\/#primaryimage"},"thumbnailUrl":"https:\/\/kanakyreptiles.com\/wp-content\/uploads\/2025\/11\/Anolis-leachii.jpg","datePublished":"2025-11-21T15:14:52+00:00","breadcrumb":{"@id":"https:\/\/kanakyreptiles.com\/product\/anolis-leachii-1-1\/#breadcrumb"},"inLanguage":"en-US","potentialAction":[{"@type":"ReadAction","target":["https:\/\/kanakyreptiles.com\/product\/anolis-leachii-1-1\/"]}]},{"@type":"ImageObject","inLanguage":"en-US","@id":"https:\/\/kanakyreptiles.com\/product\/anolis-leachii-1-1\/#primaryimage","url":"https:\/\/kanakyreptiles.com\/wp-content\/uploads\/2025\/11\/Anolis-leachii.jpg","contentUrl":"https:\/\/kanakyreptiles.com\/wp-content\/uploads\/2025\/11\/Anolis-leachii.jpg","width":578,"height":578,"caption":"Anolis leachii"},{"@type":"BreadcrumbList","@id":"https:\/\/kanakyreptiles.com\/product\/anolis-leachii-1-1\/#breadcrumb","itemListElement":[{"@type":"ListItem","position":1,"name":"Portada","item":"https:\/\/kanakyreptiles.com\/"},{"@type":"ListItem","position":2,"name":"Tienda","item":"https:\/\/kanakyreptiles.com\/tienda\/"},{"@type":"ListItem","position":3,"name":"Anolis leachii 1.1"}]},{"@type":"WebSite","@id":"https:\/\/kanakyreptiles.com\/#website","url":"https:\/\/kanakyreptiles.com\/","name":"Kanaky Reptiles","description":"Reptiles for sale","publisher":{"@id":"https:\/\/kanakyreptiles.com\/#organization"},"potentialAction":[{"@type":"SearchAction","target":{"@type":"EntryPoint","urlTemplate":"https:\/\/kanakyreptiles.com\/?s={search_term_string}"},"query-input":{"@type":"PropertyValueSpecification","valueRequired":true,"valueName":"search_term_string"}}],"inLanguage":"en-US"},{"@type":"Organization","@id":"https:\/\/kanakyreptiles.com\/#organization","name":"Kanaky Reptiles","url":"https:\/\/kanakyreptiles.com\/","logo":{"@type":"ImageObject","inLanguage":"en-US","@id":"https:\/\/kanakyreptiles.com\/#\/schema\/logo\/image\/","url":"https:\/\/kanakyreptiles.com\/wp-content\/uploads\/2024\/05\/LOGO-KANAKY-REPTILES-COMPLETO-am.png","contentUrl":"https:\/\/kanakyreptiles.com\/wp-content\/uploads\/2024\/05\/LOGO-KANAKY-REPTILES-COMPLETO-am.png","width":2278,"height":445,"caption":"Kanaky Reptiles"},"image":{"@id":"https:\/\/kanakyreptiles.com\/#\/schema\/logo\/image\/"},"sameAs":["https:\/\/www.youtube.com\/channel\/UClqHTv-N_fxdR2BacMygxPQ","https:\/\/www.instagram.com\/kanakyterraria\/"]}]}},"_links":{"self":[{"href":"https:\/\/kanakyreptiles.com\/en\/wp-json\/wp\/v2\/product\/2734","targetHints":{"allow":["GET"]}}],"collection":[{"href":"https:\/\/kanakyreptiles.com\/en\/wp-json\/wp\/v2\/product"}],"about":[{"href":"https:\/\/kanakyreptiles.com\/en\/wp-json\/wp\/v2\/types\/product"}],"wp:featuredmedia":[{"embeddable":true,"href":"https:\/\/kanakyreptiles.com\/en\/wp-json\/wp\/v2\/media\/2736"}],"wp:attachment":[{"href":"https:\/\/kanakyreptiles.com\/en\/wp-json\/wp\/v2\/media?parent=2734"}],"wp:term":[{"taxonomy":"product_brand","embeddable":true,"href":"https:\/\/kanakyreptiles.com\/en\/wp-json\/wp\/v2\/product_brand?post=2734"},{"taxonomy":"product_cat","embeddable":true,"href":"https:\/\/kanakyreptiles.com\/en\/wp-json\/wp\/v2\/product_cat?post=2734"},{"taxonomy":"product_tag","embeddable":true,"href":"https:\/\/kanakyreptiles.com\/en\/wp-json\/wp\/v2\/product_tag?post=2734"}],"curies":[{"name":"wp","href":"https:\/\/api.w.org\/{rel}","templated":true}]}}