{"id":968,"date":"2024-05-24T11:24:37","date_gmt":"2024-05-24T09:24:37","guid":{"rendered":"https:\/\/kanakyreptiles.com\/?page_id=968"},"modified":"2024-06-12T17:08:07","modified_gmt":"2024-06-12T15:08:07","slug":"rhacodactylus-leachianus-historico-de-cruces","status":"publish","type":"page","link":"https:\/\/kanakyreptiles.com\/en\/rhacodactylus-leachianus-historico-de-cruces\/","title":{"rendered":"Rhacodactylus leachianus - Breeding record"},"content":{"rendered":"<div data-elementor-type=\"wp-page\" data-elementor-id=\"968\" class=\"elementor elementor-968\" data-elementor-post-type=\"page\">\n\t\t\t\t<div class=\"elementor-element elementor-element-33f5d4a e-flex e-con-boxed e-con e-parent\" data-id=\"33f5d4a\" data-element_type=\"container\" data-e-type=\"container\" data-settings=\"{&quot;background_background&quot;:&quot;classic&quot;}\">\n\t\t\t\t\t<div class=\"e-con-inner\">\n\t\t\t\t<div class=\"elementor-element elementor-element-e833d59 elementor-widget elementor-widget-heading\" data-id=\"e833d59\" data-element_type=\"widget\" data-e-type=\"widget\" data-widget_type=\"heading.default\">\n\t\t\t\t<div class=\"elementor-widget-container\">\n\t\t\t\t\t<h1 class=\"elementor-heading-title elementor-size-default\"><i>Rhacodactylus leachianus<\/i><\/h1>\t\t\t\t<\/div>\n\t\t\t\t<\/div>\n\t\t\t\t<div class=\"elementor-element elementor-element-a583dee elementor-widget elementor-widget-heading\" data-id=\"a583dee\" data-element_type=\"widget\" data-e-type=\"widget\" data-widget_type=\"heading.default\">\n\t\t\t\t<div class=\"elementor-widget-container\">\n\t\t\t\t\t<h2 class=\"elementor-heading-title elementor-size-default\">BREEDING RECORD<\/h2>\t\t\t\t<\/div>\n\t\t\t\t<\/div>\n\t\t\t\t\t<\/div>\n\t\t\t\t<\/div>\n\t\t<div class=\"elementor-element elementor-element-57d7ba4 e-flex e-con-boxed e-con e-parent\" data-id=\"57d7ba4\" data-element_type=\"container\" data-e-type=\"container\">\n\t\t\t\t\t<div class=\"e-con-inner\">\n\t\t\t\t<div class=\"elementor-element elementor-element-ec562bd elementor-widget__width-initial elementor-widget elementor-widget-text-editor\" data-id=\"ec562bd\" data-element_type=\"widget\" data-e-type=\"widget\" data-widget_type=\"text-editor.default\">\n\t\t\t\t<div class=\"elementor-widget-container\">\n\t\t\t\t\t\t\t\t\t<p>At Kanaky Reptiles we like to keep detailed track of our breeding seasons. We take photos of all animals at birth and during their development to learn how patterns, colors and structures evolve in the animals.<\/p><p>Having this data helps us to understand how traits are inherited so that we can best plan our projects in future breeding seasons.<\/p><p>Here we bring you this record of all the pairs we have bred in each season for your and our own reference.<\/p>\t\t\t\t\t\t\t\t<\/div>\n\t\t\t\t<\/div>\n\t\t\t\t\t<\/div>\n\t\t\t\t<\/div>\n\t\t<div class=\"elementor-element elementor-element-1d7bc4d e-flex e-con-boxed e-con e-parent\" data-id=\"1d7bc4d\" data-element_type=\"container\" data-e-type=\"container\">\n\t\t\t\t\t<div class=\"e-con-inner\">\n\t\t<div class=\"elementor-element elementor-element-ef4d3cd e-con-full e-flex e-con e-child\" data-id=\"ef4d3cd\" data-element_type=\"container\" data-e-type=\"container\">\n\t\t\t\t<\/div>\n\t\t<div class=\"elementor-element elementor-element-8b9f98f e-con-full e-flex e-con e-child\" data-id=\"8b9f98f\" data-element_type=\"container\" data-e-type=\"container\">\n\t\t\t\t<div class=\"elementor-element elementor-element-3f4b68b elementor-widget elementor-widget-premium-addon-banner\" data-id=\"3f4b68b\" data-element_type=\"widget\" data-e-type=\"widget\" data-widget_type=\"premium-addon-banner.default\">\n\t\t\t\t<div class=\"elementor-widget-container\">\n\t\t\t\t\t\t\t<div class=\"premium-banner-ib premium-banner-min-height premium-banner-animation1 bright premium-banner__effect-type2\">\n\t\t\t\t\t\t\t\t\t\t<img fetchpriority=\"high\" decoding=\"async\" width=\"1275\" height=\"1274\" src=\"https:\/\/kanakyreptiles.com\/wp-content\/uploads\/2024\/06\/2023-4-e1718204823285.jpg\" class=\"attachment-full size-full wp-image-1810\" alt=\"2023\" srcset=\"https:\/\/kanakyreptiles.com\/wp-content\/uploads\/2024\/06\/2023-4-e1718204823285.jpg 1275w, https:\/\/kanakyreptiles.com\/wp-content\/uploads\/2024\/06\/2023-4-e1718204823285-300x300.jpg 300w, https:\/\/kanakyreptiles.com\/wp-content\/uploads\/2024\/06\/2023-4-e1718204823285-1024x1024.jpg 1024w, https:\/\/kanakyreptiles.com\/wp-content\/uploads\/2024\/06\/2023-4-e1718204823285-150x150.jpg 150w, https:\/\/kanakyreptiles.com\/wp-content\/uploads\/2024\/06\/2023-4-e1718204823285-768x767.jpg 768w, https:\/\/kanakyreptiles.com\/wp-content\/uploads\/2024\/06\/2023-4-e1718204823285-12x12.jpg 12w, https:\/\/kanakyreptiles.com\/wp-content\/uploads\/2024\/06\/2023-4-e1718204823285-600x600.jpg 600w, https:\/\/kanakyreptiles.com\/wp-content\/uploads\/2024\/06\/2023-4-e1718204823285-100x100.jpg 100w\" sizes=\"(max-width: 1275px) 100vw, 1275px\" \/>\t\t\t\t\t\t\t\t\t<div class=\"premium-banner-ib-desc\">\n\t\t\t\t\n\t\t\t\t\t\t\t\t\t<h3 class=\"premium-banner-ib-title premium_banner_title\">\n\t\t\t\t\t\t2023\t\t\t\t\t<\/h3>\n\t\t\t\t\n\t\t\t\t\n\t\t\t\t\n\t\t\t\t\t\t\t<\/div>\n\t\t\t\t\t\t\t<a href=\"https:\/\/kanakyreptiles.com\/en\/rhacodactylus-leachianus-historico-de-cruces\/rl2023\/\" class=\"premium-banner-ib-link\"><\/a>\n\t\t\t\t\t<\/div>\n\n\t\t\t\t\t\t<\/div>\n\t\t\t\t<\/div>\n\t\t\t\t<\/div>\n\t\t<div class=\"elementor-element elementor-element-909de84 e-con-full e-flex e-con e-child\" data-id=\"909de84\" data-element_type=\"container\" data-e-type=\"container\">\n\t\t\t\t<div class=\"elementor-element elementor-element-f400dab elementor-widget elementor-widget-premium-addon-banner\" data-id=\"f400dab\" data-element_type=\"widget\" data-e-type=\"widget\" data-widget_type=\"premium-addon-banner.default\">\n\t\t\t\t<div class=\"elementor-widget-container\">\n\t\t\t\t\t\t\t<div class=\"premium-banner-ib premium-banner-min-height premium-banner-animation1 bright premium-banner__effect-type2\">\n\t\t\t\t\t\t\t\t\t\t<img decoding=\"async\" width=\"1392\" height=\"1392\" src=\"https:\/\/kanakyreptiles.com\/wp-content\/uploads\/2024\/06\/2024-4-e1718204872155.jpg\" class=\"attachment-full size-full wp-image-1812\" alt=\"2024\" srcset=\"https:\/\/kanakyreptiles.com\/wp-content\/uploads\/2024\/06\/2024-4-e1718204872155.jpg 1392w, https:\/\/kanakyreptiles.com\/wp-content\/uploads\/2024\/06\/2024-4-e1718204872155-300x300.jpg 300w, https:\/\/kanakyreptiles.com\/wp-content\/uploads\/2024\/06\/2024-4-e1718204872155-1024x1024.jpg 1024w, https:\/\/kanakyreptiles.com\/wp-content\/uploads\/2024\/06\/2024-4-e1718204872155-150x150.jpg 150w, https:\/\/kanakyreptiles.com\/wp-content\/uploads\/2024\/06\/2024-4-e1718204872155-768x768.jpg 768w, https:\/\/kanakyreptiles.com\/wp-content\/uploads\/2024\/06\/2024-4-e1718204872155-12x12.jpg 12w, https:\/\/kanakyreptiles.com\/wp-content\/uploads\/2024\/06\/2024-4-e1718204872155-600x600.jpg 600w, https:\/\/kanakyreptiles.com\/wp-content\/uploads\/2024\/06\/2024-4-e1718204872155-100x100.jpg 100w\" sizes=\"(max-width: 1392px) 100vw, 1392px\" \/>\t\t\t\t\t\t\t\t\t<div class=\"premium-banner-ib-desc\">\n\t\t\t\t\n\t\t\t\t\t\t\t\t\t<h3 class=\"premium-banner-ib-title premium_banner_title\">\n\t\t\t\t\t\t2024\t\t\t\t\t<\/h3>\n\t\t\t\t\n\t\t\t\t\n\t\t\t\t\n\t\t\t\t\t\t\t<\/div>\n\t\t\t\t\t\t\t<a href=\"https:\/\/kanakyreptiles.com\/en\/rhacodactylus-leachianus-historico-de-cruces\/rl2024\/\" class=\"premium-banner-ib-link\"><\/a>\n\t\t\t\t\t<\/div>\n\n\t\t\t\t\t\t<\/div>\n\t\t\t\t<\/div>\n\t\t\t\t<\/div>\n\t\t<div class=\"elementor-element elementor-element-e97ff71 e-con-full e-flex e-con e-child\" data-id=\"e97ff71\" data-element_type=\"container\" data-e-type=\"container\">\n\t\t\t\t<\/div>\n\t\t\t\t\t<\/div>\n\t\t\t\t<\/div>\n\t\t\t\t<\/div>","protected":false},"excerpt":{"rendered":"<p>Rhacodactylus leachianus HIST\u00d3RICO DE CRUCES En Kanaky Reptiles nos gusta llevar un seguimiento detallado de nuestras temporadas de cr\u00eda. Tomamos fotos de todos los animales al nacer y durante su desarrollo para aprender c\u00f3mo evolucionan los patrones, colores y estructuras en los animales. Tener estos datos nos ayuda a comprender c\u00f3mo se heredan los caracteres [&hellip;]<\/p>\n","protected":false},"author":2,"featured_media":0,"parent":0,"menu_order":0,"comment_status":"closed","ping_status":"closed","template":"","meta":{"footnotes":""},"class_list":["post-968","page","type-page","status-publish","hentry"],"yoast_head":"<!-- This site is optimized with the Yoast SEO plugin v27.3 - https:\/\/yoast.com\/product\/yoast-seo-wordpress\/ -->\n<title>Rhacodactylus leachianus - Hist\u00f3rico de cruces - Kanaky Reptiles<\/title>\n<meta name=\"robots\" content=\"index, follow, max-snippet:-1, max-image-preview:large, max-video-preview:-1\" \/>\n<link rel=\"canonical\" href=\"https:\/\/kanakyreptiles.com\/en\/rhacodactylus-leachianus-historico-de-cruces\/\" \/>\n<meta property=\"og:locale\" content=\"en_US\" \/>\n<meta property=\"og:type\" content=\"article\" \/>\n<meta property=\"og:title\" content=\"Rhacodactylus leachianus - Hist\u00f3rico de cruces - Kanaky Reptiles\" \/>\n<meta property=\"og:description\" content=\"Rhacodactylus leachianus HIST\u00d3RICO DE CRUCES En Kanaky Reptiles nos gusta llevar un seguimiento detallado de nuestras temporadas de cr\u00eda. Tomamos fotos de todos los animales al nacer y durante su desarrollo para aprender c\u00f3mo evolucionan los patrones, colores y estructuras en los animales. Tener estos datos nos ayuda a comprender c\u00f3mo se heredan los caracteres [&hellip;]\" \/>\n<meta property=\"og:url\" content=\"https:\/\/kanakyreptiles.com\/en\/rhacodactylus-leachianus-historico-de-cruces\/\" \/>\n<meta property=\"og:site_name\" content=\"Kanaky Reptiles\" \/>\n<meta property=\"article:modified_time\" content=\"2024-06-12T15:08:07+00:00\" \/>\n<meta property=\"og:image\" content=\"https:\/\/kanakyreptiles.com\/wp-content\/uploads\/2024\/06\/2023-4-e1718204823285.jpg\" \/>\n<meta name=\"twitter:card\" content=\"summary_large_image\" \/>\n<meta name=\"twitter:label1\" content=\"Est. reading time\" \/>\n\t<meta name=\"twitter:data1\" content=\"1 minute\" \/>\n<script type=\"application\/ld+json\" class=\"yoast-schema-graph\">{\"@context\":\"https:\\\/\\\/schema.org\",\"@graph\":[{\"@type\":\"WebPage\",\"@id\":\"https:\\\/\\\/kanakyreptiles.com\\\/rhacodactylus-leachianus-historico-de-cruces\\\/\",\"url\":\"https:\\\/\\\/kanakyreptiles.com\\\/rhacodactylus-leachianus-historico-de-cruces\\\/\",\"name\":\"Rhacodactylus leachianus - Hist\u00f3rico de cruces - Kanaky Reptiles\",\"isPartOf\":{\"@id\":\"https:\\\/\\\/kanakyreptiles.com\\\/#website\"},\"primaryImageOfPage\":{\"@id\":\"https:\\\/\\\/kanakyreptiles.com\\\/rhacodactylus-leachianus-historico-de-cruces\\\/#primaryimage\"},\"image\":{\"@id\":\"https:\\\/\\\/kanakyreptiles.com\\\/rhacodactylus-leachianus-historico-de-cruces\\\/#primaryimage\"},\"thumbnailUrl\":\"https:\\\/\\\/kanakyreptiles.com\\\/wp-content\\\/uploads\\\/2024\\\/06\\\/2023-4-e1718204823285.jpg\",\"datePublished\":\"2024-05-24T09:24:37+00:00\",\"dateModified\":\"2024-06-12T15:08:07+00:00\",\"breadcrumb\":{\"@id\":\"https:\\\/\\\/kanakyreptiles.com\\\/rhacodactylus-leachianus-historico-de-cruces\\\/#breadcrumb\"},\"inLanguage\":\"en-US\",\"potentialAction\":[{\"@type\":\"ReadAction\",\"target\":[\"https:\\\/\\\/kanakyreptiles.com\\\/rhacodactylus-leachianus-historico-de-cruces\\\/\"]}]},{\"@type\":\"ImageObject\",\"inLanguage\":\"en-US\",\"@id\":\"https:\\\/\\\/kanakyreptiles.com\\\/rhacodactylus-leachianus-historico-de-cruces\\\/#primaryimage\",\"url\":\"https:\\\/\\\/kanakyreptiles.com\\\/wp-content\\\/uploads\\\/2024\\\/06\\\/2023-4-e1718204823285.jpg\",\"contentUrl\":\"https:\\\/\\\/kanakyreptiles.com\\\/wp-content\\\/uploads\\\/2024\\\/06\\\/2023-4-e1718204823285.jpg\"},{\"@type\":\"BreadcrumbList\",\"@id\":\"https:\\\/\\\/kanakyreptiles.com\\\/rhacodactylus-leachianus-historico-de-cruces\\\/#breadcrumb\",\"itemListElement\":[{\"@type\":\"ListItem\",\"position\":1,\"name\":\"Portada\",\"item\":\"https:\\\/\\\/kanakyreptiles.com\\\/\"},{\"@type\":\"ListItem\",\"position\":2,\"name\":\"Rhacodactylus leachianus &#8211; Hist\u00f3rico de cruces\"}]},{\"@type\":\"WebSite\",\"@id\":\"https:\\\/\\\/kanakyreptiles.com\\\/#website\",\"url\":\"https:\\\/\\\/kanakyreptiles.com\\\/\",\"name\":\"Kanaky Reptiles\",\"description\":\"Venta de reptiles\",\"publisher\":{\"@id\":\"https:\\\/\\\/kanakyreptiles.com\\\/#organization\"},\"potentialAction\":[{\"@type\":\"SearchAction\",\"target\":{\"@type\":\"EntryPoint\",\"urlTemplate\":\"https:\\\/\\\/kanakyreptiles.com\\\/?s={search_term_string}\"},\"query-input\":{\"@type\":\"PropertyValueSpecification\",\"valueRequired\":true,\"valueName\":\"search_term_string\"}}],\"inLanguage\":\"en-US\"},{\"@type\":\"Organization\",\"@id\":\"https:\\\/\\\/kanakyreptiles.com\\\/#organization\",\"name\":\"Kanaky Reptiles\",\"url\":\"https:\\\/\\\/kanakyreptiles.com\\\/\",\"logo\":{\"@type\":\"ImageObject\",\"inLanguage\":\"en-US\",\"@id\":\"https:\\\/\\\/kanakyreptiles.com\\\/#\\\/schema\\\/logo\\\/image\\\/\",\"url\":\"https:\\\/\\\/kanakyreptiles.com\\\/wp-content\\\/uploads\\\/2024\\\/05\\\/LOGO-KANAKY-REPTILES-COMPLETO-am.png\",\"contentUrl\":\"https:\\\/\\\/kanakyreptiles.com\\\/wp-content\\\/uploads\\\/2024\\\/05\\\/LOGO-KANAKY-REPTILES-COMPLETO-am.png\",\"width\":2278,\"height\":445,\"caption\":\"Kanaky Reptiles\"},\"image\":{\"@id\":\"https:\\\/\\\/kanakyreptiles.com\\\/#\\\/schema\\\/logo\\\/image\\\/\"},\"sameAs\":[\"https:\\\/\\\/www.youtube.com\\\/channel\\\/UClqHTv-N_fxdR2BacMygxPQ\",\"https:\\\/\\\/www.instagram.com\\\/kanakyterraria\\\/\"]}]}<\/script>\n<!-- \/ Yoast SEO plugin. -->","yoast_head_json":{"title":"Rhacodactylus leachianus - Hist\u00f3rico de cruces - Kanaky Reptiles","robots":{"index":"index","follow":"follow","max-snippet":"max-snippet:-1","max-image-preview":"max-image-preview:large","max-video-preview":"max-video-preview:-1"},"canonical":"https:\/\/kanakyreptiles.com\/en\/rhacodactylus-leachianus-historico-de-cruces\/","og_locale":"en_US","og_type":"article","og_title":"Rhacodactylus leachianus - Hist\u00f3rico de cruces - Kanaky Reptiles","og_description":"Rhacodactylus leachianus HIST\u00d3RICO DE CRUCES En Kanaky Reptiles nos gusta llevar un seguimiento detallado de nuestras temporadas de cr\u00eda. Tomamos fotos de todos los animales al nacer y durante su desarrollo para aprender c\u00f3mo evolucionan los patrones, colores y estructuras en los animales. Tener estos datos nos ayuda a comprender c\u00f3mo se heredan los caracteres [&hellip;]","og_url":"https:\/\/kanakyreptiles.com\/en\/rhacodactylus-leachianus-historico-de-cruces\/","og_site_name":"Kanaky Reptiles","article_modified_time":"2024-06-12T15:08:07+00:00","og_image":[{"url":"https:\/\/kanakyreptiles.com\/wp-content\/uploads\/2024\/06\/2023-4-e1718204823285.jpg","type":"","width":"","height":""}],"twitter_card":"summary_large_image","twitter_misc":{"Est. reading time":"1 minute"},"schema":{"@context":"https:\/\/schema.org","@graph":[{"@type":"WebPage","@id":"https:\/\/kanakyreptiles.com\/rhacodactylus-leachianus-historico-de-cruces\/","url":"https:\/\/kanakyreptiles.com\/rhacodactylus-leachianus-historico-de-cruces\/","name":"Rhacodactylus leachianus - Hist\u00f3rico de cruces - Kanaky Reptiles","isPartOf":{"@id":"https:\/\/kanakyreptiles.com\/#website"},"primaryImageOfPage":{"@id":"https:\/\/kanakyreptiles.com\/rhacodactylus-leachianus-historico-de-cruces\/#primaryimage"},"image":{"@id":"https:\/\/kanakyreptiles.com\/rhacodactylus-leachianus-historico-de-cruces\/#primaryimage"},"thumbnailUrl":"https:\/\/kanakyreptiles.com\/wp-content\/uploads\/2024\/06\/2023-4-e1718204823285.jpg","datePublished":"2024-05-24T09:24:37+00:00","dateModified":"2024-06-12T15:08:07+00:00","breadcrumb":{"@id":"https:\/\/kanakyreptiles.com\/rhacodactylus-leachianus-historico-de-cruces\/#breadcrumb"},"inLanguage":"en-US","potentialAction":[{"@type":"ReadAction","target":["https:\/\/kanakyreptiles.com\/rhacodactylus-leachianus-historico-de-cruces\/"]}]},{"@type":"ImageObject","inLanguage":"en-US","@id":"https:\/\/kanakyreptiles.com\/rhacodactylus-leachianus-historico-de-cruces\/#primaryimage","url":"https:\/\/kanakyreptiles.com\/wp-content\/uploads\/2024\/06\/2023-4-e1718204823285.jpg","contentUrl":"https:\/\/kanakyreptiles.com\/wp-content\/uploads\/2024\/06\/2023-4-e1718204823285.jpg"},{"@type":"BreadcrumbList","@id":"https:\/\/kanakyreptiles.com\/rhacodactylus-leachianus-historico-de-cruces\/#breadcrumb","itemListElement":[{"@type":"ListItem","position":1,"name":"Portada","item":"https:\/\/kanakyreptiles.com\/"},{"@type":"ListItem","position":2,"name":"Rhacodactylus leachianus &#8211; Hist\u00f3rico de cruces"}]},{"@type":"WebSite","@id":"https:\/\/kanakyreptiles.com\/#website","url":"https:\/\/kanakyreptiles.com\/","name":"Kanaky Reptiles","description":"Reptiles for sale","publisher":{"@id":"https:\/\/kanakyreptiles.com\/#organization"},"potentialAction":[{"@type":"SearchAction","target":{"@type":"EntryPoint","urlTemplate":"https:\/\/kanakyreptiles.com\/?s={search_term_string}"},"query-input":{"@type":"PropertyValueSpecification","valueRequired":true,"valueName":"search_term_string"}}],"inLanguage":"en-US"},{"@type":"Organization","@id":"https:\/\/kanakyreptiles.com\/#organization","name":"Kanaky Reptiles","url":"https:\/\/kanakyreptiles.com\/","logo":{"@type":"ImageObject","inLanguage":"en-US","@id":"https:\/\/kanakyreptiles.com\/#\/schema\/logo\/image\/","url":"https:\/\/kanakyreptiles.com\/wp-content\/uploads\/2024\/05\/LOGO-KANAKY-REPTILES-COMPLETO-am.png","contentUrl":"https:\/\/kanakyreptiles.com\/wp-content\/uploads\/2024\/05\/LOGO-KANAKY-REPTILES-COMPLETO-am.png","width":2278,"height":445,"caption":"Kanaky Reptiles"},"image":{"@id":"https:\/\/kanakyreptiles.com\/#\/schema\/logo\/image\/"},"sameAs":["https:\/\/www.youtube.com\/channel\/UClqHTv-N_fxdR2BacMygxPQ","https:\/\/www.instagram.com\/kanakyterraria\/"]}]}},"_links":{"self":[{"href":"https:\/\/kanakyreptiles.com\/en\/wp-json\/wp\/v2\/pages\/968","targetHints":{"allow":["GET"]}}],"collection":[{"href":"https:\/\/kanakyreptiles.com\/en\/wp-json\/wp\/v2\/pages"}],"about":[{"href":"https:\/\/kanakyreptiles.com\/en\/wp-json\/wp\/v2\/types\/page"}],"author":[{"embeddable":true,"href":"https:\/\/kanakyreptiles.com\/en\/wp-json\/wp\/v2\/users\/2"}],"replies":[{"embeddable":true,"href":"https:\/\/kanakyreptiles.com\/en\/wp-json\/wp\/v2\/comments?post=968"}],"version-history":[{"count":22,"href":"https:\/\/kanakyreptiles.com\/en\/wp-json\/wp\/v2\/pages\/968\/revisions"}],"predecessor-version":[{"id":1818,"href":"https:\/\/kanakyreptiles.com\/en\/wp-json\/wp\/v2\/pages\/968\/revisions\/1818"}],"wp:attachment":[{"href":"https:\/\/kanakyreptiles.com\/en\/wp-json\/wp\/v2\/media?parent=968"}],"curies":[{"name":"wp","href":"https:\/\/api.w.org\/{rel}","templated":true}]}}