{"id":943,"date":"2024-05-24T11:14:39","date_gmt":"2024-05-24T09:14:39","guid":{"rendered":"https:\/\/kanakyreptiles.com\/?page_id=943"},"modified":"2024-06-12T17:57:34","modified_gmt":"2024-06-12T15:57:34","slug":"rhacodactylus-auriculatus-historico-de-cruces","status":"publish","type":"page","link":"https:\/\/kanakyreptiles.com\/en\/rhacodactylus-auriculatus-historico-de-cruces\/","title":{"rendered":"Rhacodactylus auriculatus - Breeding record"},"content":{"rendered":"<div data-elementor-type=\"wp-page\" data-elementor-id=\"943\" class=\"elementor elementor-943\" data-elementor-post-type=\"page\">\n\t\t\t\t<div class=\"elementor-element elementor-element-dcbaa54 e-flex e-con-boxed e-con e-parent\" data-id=\"dcbaa54\" data-element_type=\"container\" data-e-type=\"container\" data-settings=\"{&quot;background_background&quot;:&quot;classic&quot;}\">\n\t\t\t\t\t<div class=\"e-con-inner\">\n\t\t\t\t<div class=\"elementor-element elementor-element-cecd728 elementor-widget elementor-widget-heading\" data-id=\"cecd728\" data-element_type=\"widget\" data-e-type=\"widget\" data-widget_type=\"heading.default\">\n\t\t\t\t<div class=\"elementor-widget-container\">\n\t\t\t\t\t<h1 class=\"elementor-heading-title elementor-size-default\"><i>Rhacodactylus auriculatus<\/i><\/h1>\t\t\t\t<\/div>\n\t\t\t\t<\/div>\n\t\t\t\t<div class=\"elementor-element elementor-element-5630368 elementor-widget elementor-widget-heading\" data-id=\"5630368\" data-element_type=\"widget\" data-e-type=\"widget\" data-widget_type=\"heading.default\">\n\t\t\t\t<div class=\"elementor-widget-container\">\n\t\t\t\t\t<h2 class=\"elementor-heading-title elementor-size-default\">BREEDING RECORD<\/h2>\t\t\t\t<\/div>\n\t\t\t\t<\/div>\n\t\t\t\t\t<\/div>\n\t\t\t\t<\/div>\n\t\t<div class=\"elementor-element elementor-element-b922251 e-flex e-con-boxed e-con e-parent\" data-id=\"b922251\" data-element_type=\"container\" data-e-type=\"container\">\n\t\t\t\t\t<div class=\"e-con-inner\">\n\t\t\t\t<div class=\"elementor-element elementor-element-75734f6 elementor-widget__width-initial elementor-widget elementor-widget-text-editor\" data-id=\"75734f6\" data-element_type=\"widget\" data-e-type=\"widget\" data-widget_type=\"text-editor.default\">\n\t\t\t\t<div class=\"elementor-widget-container\">\n\t\t\t\t\t\t\t\t\t<p>At Kanaky Reptiles we like to keep detailed track of our breeding seasons. We take photos of all animals at birth and during their development to learn how patterns, colors and structures evolve in the animals.<\/p><p>Having this data helps us to understand how traits are inherited so that we can best plan our projects in future breeding seasons.<\/p><p>Here we bring you this record of all the pairs we have bred in each season for your and our own reference.<\/p>\t\t\t\t\t\t\t\t<\/div>\n\t\t\t\t<\/div>\n\t\t\t\t\t<\/div>\n\t\t\t\t<\/div>\n\t\t<div class=\"elementor-element elementor-element-6fe53f3 e-flex e-con-boxed e-con e-parent\" data-id=\"6fe53f3\" data-element_type=\"container\" data-e-type=\"container\">\n\t\t\t\t\t<div class=\"e-con-inner\">\n\t\t<div class=\"elementor-element elementor-element-1f5c72e e-con-full e-flex e-con e-child\" data-id=\"1f5c72e\" data-element_type=\"container\" data-e-type=\"container\">\n\t\t\t\t<div class=\"elementor-element elementor-element-298516b elementor-widget elementor-widget-premium-addon-banner\" data-id=\"298516b\" data-element_type=\"widget\" data-e-type=\"widget\" data-widget_type=\"premium-addon-banner.default\">\n\t\t\t\t<div class=\"elementor-widget-container\">\n\t\t\t\t\t\t\t<div class=\"premium-banner-ib premium-banner-min-height premium-banner-animation1 bright premium-banner__effect-type2\">\n\t\t\t\t\t\t\t\t\t\t<img fetchpriority=\"high\" decoding=\"async\" width=\"1706\" height=\"1706\" src=\"https:\/\/kanakyreptiles.com\/wp-content\/uploads\/2024\/06\/2021-1-scaled-e1718204035399.jpg\" class=\"attachment-full size-full wp-image-1754\" alt=\"2021\" srcset=\"https:\/\/kanakyreptiles.com\/wp-content\/uploads\/2024\/06\/2021-1-scaled-e1718204035399.jpg 1706w, https:\/\/kanakyreptiles.com\/wp-content\/uploads\/2024\/06\/2021-1-scaled-e1718204035399-300x300.jpg 300w, https:\/\/kanakyreptiles.com\/wp-content\/uploads\/2024\/06\/2021-1-scaled-e1718204035399-1024x1024.jpg 1024w, https:\/\/kanakyreptiles.com\/wp-content\/uploads\/2024\/06\/2021-1-scaled-e1718204035399-150x150.jpg 150w, https:\/\/kanakyreptiles.com\/wp-content\/uploads\/2024\/06\/2021-1-scaled-e1718204035399-768x768.jpg 768w, https:\/\/kanakyreptiles.com\/wp-content\/uploads\/2024\/06\/2021-1-scaled-e1718204035399-1536x1536.jpg 1536w, https:\/\/kanakyreptiles.com\/wp-content\/uploads\/2024\/06\/2021-1-scaled-e1718204035399-12x12.jpg 12w, https:\/\/kanakyreptiles.com\/wp-content\/uploads\/2024\/06\/2021-1-scaled-e1718204035399-600x600.jpg 600w, https:\/\/kanakyreptiles.com\/wp-content\/uploads\/2024\/06\/2021-1-scaled-e1718204035399-100x100.jpg 100w\" sizes=\"(max-width: 1706px) 100vw, 1706px\" \/>\t\t\t\t\t\t\t\t\t<div class=\"premium-banner-ib-desc\">\n\t\t\t\t\n\t\t\t\t\t\t\t\t\t<h3 class=\"premium-banner-ib-title premium_banner_title\">\n\t\t\t\t\t\t2021\t\t\t\t\t<\/h3>\n\t\t\t\t\n\t\t\t\t\n\t\t\t\t\n\t\t\t\t\t\t\t<\/div>\n\t\t\t\t\t\t\t<a href=\"https:\/\/kanakyreptiles.com\/en\/rhacodactylus-auriculatus-historico-de-cruces\/ra2021\/\" class=\"premium-banner-ib-link\"><\/a>\n\t\t\t\t\t<\/div>\n\n\t\t\t\t\t\t<\/div>\n\t\t\t\t<\/div>\n\t\t\t\t<\/div>\n\t\t<div class=\"elementor-element elementor-element-29b5543 e-con-full e-flex e-con e-child\" data-id=\"29b5543\" data-element_type=\"container\" data-e-type=\"container\">\n\t\t\t\t<div class=\"elementor-element elementor-element-cf32879 elementor-widget elementor-widget-premium-addon-banner\" data-id=\"cf32879\" data-element_type=\"widget\" data-e-type=\"widget\" data-widget_type=\"premium-addon-banner.default\">\n\t\t\t\t<div class=\"elementor-widget-container\">\n\t\t\t\t\t\t\t<div class=\"premium-banner-ib premium-banner-min-height premium-banner-animation1 bright premium-banner__effect-type2\">\n\t\t\t\t\t\t\t\t\t\t<img decoding=\"async\" width=\"1459\" height=\"1459\" src=\"https:\/\/kanakyreptiles.com\/wp-content\/uploads\/2024\/06\/2022-3-scaled-e1718204101321.jpg\" class=\"attachment-full size-full wp-image-1756\" alt=\"2022\" srcset=\"https:\/\/kanakyreptiles.com\/wp-content\/uploads\/2024\/06\/2022-3-scaled-e1718204101321.jpg 1459w, https:\/\/kanakyreptiles.com\/wp-content\/uploads\/2024\/06\/2022-3-scaled-e1718204101321-300x300.jpg 300w, https:\/\/kanakyreptiles.com\/wp-content\/uploads\/2024\/06\/2022-3-scaled-e1718204101321-1024x1024.jpg 1024w, https:\/\/kanakyreptiles.com\/wp-content\/uploads\/2024\/06\/2022-3-scaled-e1718204101321-150x150.jpg 150w, https:\/\/kanakyreptiles.com\/wp-content\/uploads\/2024\/06\/2022-3-scaled-e1718204101321-768x768.jpg 768w, https:\/\/kanakyreptiles.com\/wp-content\/uploads\/2024\/06\/2022-3-scaled-e1718204101321-12x12.jpg 12w, https:\/\/kanakyreptiles.com\/wp-content\/uploads\/2024\/06\/2022-3-scaled-e1718204101321-600x600.jpg 600w, https:\/\/kanakyreptiles.com\/wp-content\/uploads\/2024\/06\/2022-3-scaled-e1718204101321-100x100.jpg 100w\" sizes=\"(max-width: 1459px) 100vw, 1459px\" \/>\t\t\t\t\t\t\t\t\t<div class=\"premium-banner-ib-desc\">\n\t\t\t\t\n\t\t\t\t\t\t\t\t\t<h3 class=\"premium-banner-ib-title premium_banner_title\">\n\t\t\t\t\t\t2022\t\t\t\t\t<\/h3>\n\t\t\t\t\n\t\t\t\t\n\t\t\t\t\n\t\t\t\t\t\t\t<\/div>\n\t\t\t\t\t\t\t<a href=\"https:\/\/kanakyreptiles.com\/en\/rhacodactylus-auriculatus-historico-de-cruces\/ra2022\/\" class=\"premium-banner-ib-link\"><\/a>\n\t\t\t\t\t<\/div>\n\n\t\t\t\t\t\t<\/div>\n\t\t\t\t<\/div>\n\t\t\t\t<\/div>\n\t\t<div class=\"elementor-element elementor-element-eb116a1 e-con-full e-flex e-con e-child\" data-id=\"eb116a1\" data-element_type=\"container\" data-e-type=\"container\">\n\t\t\t\t<div class=\"elementor-element elementor-element-756876a elementor-widget elementor-widget-premium-addon-banner\" data-id=\"756876a\" data-element_type=\"widget\" data-e-type=\"widget\" data-widget_type=\"premium-addon-banner.default\">\n\t\t\t\t<div class=\"elementor-widget-container\">\n\t\t\t\t\t\t\t<div class=\"premium-banner-ib premium-banner-min-height premium-banner-animation1 bright premium-banner__effect-type2\">\n\t\t\t\t\t\t\t\t\t\t<img decoding=\"async\" width=\"1085\" height=\"1085\" src=\"https:\/\/kanakyreptiles.com\/wp-content\/uploads\/2024\/06\/2023-3-e1718204131677.jpg\" class=\"attachment-full size-full wp-image-1758\" alt=\"2023\" srcset=\"https:\/\/kanakyreptiles.com\/wp-content\/uploads\/2024\/06\/2023-3-e1718204131677.jpg 1085w, https:\/\/kanakyreptiles.com\/wp-content\/uploads\/2024\/06\/2023-3-e1718204131677-300x300.jpg 300w, https:\/\/kanakyreptiles.com\/wp-content\/uploads\/2024\/06\/2023-3-e1718204131677-1024x1024.jpg 1024w, https:\/\/kanakyreptiles.com\/wp-content\/uploads\/2024\/06\/2023-3-e1718204131677-150x150.jpg 150w, https:\/\/kanakyreptiles.com\/wp-content\/uploads\/2024\/06\/2023-3-e1718204131677-768x768.jpg 768w, https:\/\/kanakyreptiles.com\/wp-content\/uploads\/2024\/06\/2023-3-e1718204131677-12x12.jpg 12w, https:\/\/kanakyreptiles.com\/wp-content\/uploads\/2024\/06\/2023-3-e1718204131677-600x600.jpg 600w, https:\/\/kanakyreptiles.com\/wp-content\/uploads\/2024\/06\/2023-3-e1718204131677-100x100.jpg 100w\" sizes=\"(max-width: 1085px) 100vw, 1085px\" \/>\t\t\t\t\t\t\t\t\t<div class=\"premium-banner-ib-desc\">\n\t\t\t\t\n\t\t\t\t\t\t\t\t\t<h3 class=\"premium-banner-ib-title premium_banner_title\">\n\t\t\t\t\t\t2023\t\t\t\t\t<\/h3>\n\t\t\t\t\n\t\t\t\t\n\t\t\t\t\n\t\t\t\t\t\t\t<\/div>\n\t\t\t\t\t\t\t<a href=\"https:\/\/kanakyreptiles.com\/en\/rhacodactylus-auriculatus-historico-de-cruces\/ra2023\/\" class=\"premium-banner-ib-link\"><\/a>\n\t\t\t\t\t<\/div>\n\n\t\t\t\t\t\t<\/div>\n\t\t\t\t<\/div>\n\t\t\t\t<\/div>\n\t\t<div class=\"elementor-element elementor-element-d2ea789 e-con-full e-flex e-con e-child\" data-id=\"d2ea789\" data-element_type=\"container\" data-e-type=\"container\">\n\t\t\t\t<div class=\"elementor-element elementor-element-0b50c35 elementor-widget elementor-widget-premium-addon-banner\" data-id=\"0b50c35\" data-element_type=\"widget\" data-e-type=\"widget\" data-widget_type=\"premium-addon-banner.default\">\n\t\t\t\t<div class=\"elementor-widget-container\">\n\t\t\t\t\t\t\t<div class=\"premium-banner-ib premium-banner-min-height premium-banner-animation1 bright premium-banner__effect-type2\">\n\t\t\t\t\t\t\t\t\t\t<img loading=\"lazy\" decoding=\"async\" width=\"1155\" height=\"1154\" src=\"https:\/\/kanakyreptiles.com\/wp-content\/uploads\/2024\/06\/2024-3-e1718204157238.jpg\" class=\"attachment-full size-full wp-image-1759\" alt=\"2024\" srcset=\"https:\/\/kanakyreptiles.com\/wp-content\/uploads\/2024\/06\/2024-3-e1718204157238.jpg 1155w, https:\/\/kanakyreptiles.com\/wp-content\/uploads\/2024\/06\/2024-3-e1718204157238-300x300.jpg 300w, https:\/\/kanakyreptiles.com\/wp-content\/uploads\/2024\/06\/2024-3-e1718204157238-1024x1024.jpg 1024w, https:\/\/kanakyreptiles.com\/wp-content\/uploads\/2024\/06\/2024-3-e1718204157238-150x150.jpg 150w, https:\/\/kanakyreptiles.com\/wp-content\/uploads\/2024\/06\/2024-3-e1718204157238-768x767.jpg 768w, https:\/\/kanakyreptiles.com\/wp-content\/uploads\/2024\/06\/2024-3-e1718204157238-12x12.jpg 12w, https:\/\/kanakyreptiles.com\/wp-content\/uploads\/2024\/06\/2024-3-e1718204157238-600x599.jpg 600w, https:\/\/kanakyreptiles.com\/wp-content\/uploads\/2024\/06\/2024-3-e1718204157238-100x100.jpg 100w\" sizes=\"(max-width: 1155px) 100vw, 1155px\" \/>\t\t\t\t\t\t\t\t\t<div class=\"premium-banner-ib-desc\">\n\t\t\t\t\n\t\t\t\t\t\t\t\t\t<h3 class=\"premium-banner-ib-title premium_banner_title\">\n\t\t\t\t\t\t2024\t\t\t\t\t<\/h3>\n\t\t\t\t\n\t\t\t\t\n\t\t\t\t\n\t\t\t\t\t\t\t<\/div>\n\t\t\t\t\t\t\t<a href=\"https:\/\/kanakyreptiles.com\/en\/rhacodactylus-auriculatus-historico-de-cruces\/ra2024\/\" class=\"premium-banner-ib-link\"><\/a>\n\t\t\t\t\t<\/div>\n\n\t\t\t\t\t\t<\/div>\n\t\t\t\t<\/div>\n\t\t\t\t<\/div>\n\t\t\t\t\t<\/div>\n\t\t\t\t<\/div>\n\t\t\t\t<\/div>","protected":false},"excerpt":{"rendered":"<p>Rhacodactylus auriculatus HIST\u00d3RICO DE CRUCES En Kanaky Reptiles nos gusta llevar un seguimiento detallado de nuestras temporadas de cr\u00eda. Tomamos fotos de todos los animales al nacer y durante su desarrollo para aprender c\u00f3mo evolucionan los patrones, colores y estructuras en los animales. Tener estos datos nos ayuda a comprender c\u00f3mo se heredan los caracteres [&hellip;]<\/p>\n","protected":false},"author":2,"featured_media":0,"parent":0,"menu_order":0,"comment_status":"closed","ping_status":"closed","template":"","meta":{"footnotes":""},"class_list":["post-943","page","type-page","status-publish","hentry"],"yoast_head":"<!-- This site is optimized with the Yoast SEO plugin v27.3 - https:\/\/yoast.com\/product\/yoast-seo-wordpress\/ -->\n<title>Rhacodactylus auriculatus - Hist\u00f3rico de cruces - Kanaky Reptiles<\/title>\n<meta name=\"robots\" content=\"index, follow, max-snippet:-1, max-image-preview:large, max-video-preview:-1\" \/>\n<link rel=\"canonical\" href=\"https:\/\/kanakyreptiles.com\/en\/rhacodactylus-auriculatus-historico-de-cruces\/\" \/>\n<meta property=\"og:locale\" content=\"en_US\" \/>\n<meta property=\"og:type\" content=\"article\" \/>\n<meta property=\"og:title\" content=\"Rhacodactylus auriculatus - Hist\u00f3rico de cruces - Kanaky Reptiles\" \/>\n<meta property=\"og:description\" content=\"Rhacodactylus auriculatus HIST\u00d3RICO DE CRUCES En Kanaky Reptiles nos gusta llevar un seguimiento detallado de nuestras temporadas de cr\u00eda. Tomamos fotos de todos los animales al nacer y durante su desarrollo para aprender c\u00f3mo evolucionan los patrones, colores y estructuras en los animales. Tener estos datos nos ayuda a comprender c\u00f3mo se heredan los caracteres [&hellip;]\" \/>\n<meta property=\"og:url\" content=\"https:\/\/kanakyreptiles.com\/en\/rhacodactylus-auriculatus-historico-de-cruces\/\" \/>\n<meta property=\"og:site_name\" content=\"Kanaky Reptiles\" \/>\n<meta property=\"article:modified_time\" content=\"2024-06-12T15:57:34+00:00\" \/>\n<meta property=\"og:image\" content=\"https:\/\/kanakyreptiles.com\/wp-content\/uploads\/2024\/06\/2021-1-scaled-e1718204035399.jpg\" \/>\n<meta name=\"twitter:card\" content=\"summary_large_image\" \/>\n<meta name=\"twitter:label1\" content=\"Est. reading time\" \/>\n\t<meta name=\"twitter:data1\" content=\"2 minutes\" \/>\n<script type=\"application\/ld+json\" class=\"yoast-schema-graph\">{\"@context\":\"https:\\\/\\\/schema.org\",\"@graph\":[{\"@type\":\"WebPage\",\"@id\":\"https:\\\/\\\/kanakyreptiles.com\\\/rhacodactylus-auriculatus-historico-de-cruces\\\/\",\"url\":\"https:\\\/\\\/kanakyreptiles.com\\\/rhacodactylus-auriculatus-historico-de-cruces\\\/\",\"name\":\"Rhacodactylus auriculatus - Hist\u00f3rico de cruces - Kanaky Reptiles\",\"isPartOf\":{\"@id\":\"https:\\\/\\\/kanakyreptiles.com\\\/#website\"},\"primaryImageOfPage\":{\"@id\":\"https:\\\/\\\/kanakyreptiles.com\\\/rhacodactylus-auriculatus-historico-de-cruces\\\/#primaryimage\"},\"image\":{\"@id\":\"https:\\\/\\\/kanakyreptiles.com\\\/rhacodactylus-auriculatus-historico-de-cruces\\\/#primaryimage\"},\"thumbnailUrl\":\"https:\\\/\\\/kanakyreptiles.com\\\/wp-content\\\/uploads\\\/2024\\\/06\\\/2021-1-scaled-e1718204035399.jpg\",\"datePublished\":\"2024-05-24T09:14:39+00:00\",\"dateModified\":\"2024-06-12T15:57:34+00:00\",\"breadcrumb\":{\"@id\":\"https:\\\/\\\/kanakyreptiles.com\\\/rhacodactylus-auriculatus-historico-de-cruces\\\/#breadcrumb\"},\"inLanguage\":\"en-US\",\"potentialAction\":[{\"@type\":\"ReadAction\",\"target\":[\"https:\\\/\\\/kanakyreptiles.com\\\/rhacodactylus-auriculatus-historico-de-cruces\\\/\"]}]},{\"@type\":\"ImageObject\",\"inLanguage\":\"en-US\",\"@id\":\"https:\\\/\\\/kanakyreptiles.com\\\/rhacodactylus-auriculatus-historico-de-cruces\\\/#primaryimage\",\"url\":\"https:\\\/\\\/kanakyreptiles.com\\\/wp-content\\\/uploads\\\/2024\\\/06\\\/2021-1-scaled-e1718204035399.jpg\",\"contentUrl\":\"https:\\\/\\\/kanakyreptiles.com\\\/wp-content\\\/uploads\\\/2024\\\/06\\\/2021-1-scaled-e1718204035399.jpg\"},{\"@type\":\"BreadcrumbList\",\"@id\":\"https:\\\/\\\/kanakyreptiles.com\\\/rhacodactylus-auriculatus-historico-de-cruces\\\/#breadcrumb\",\"itemListElement\":[{\"@type\":\"ListItem\",\"position\":1,\"name\":\"Portada\",\"item\":\"https:\\\/\\\/kanakyreptiles.com\\\/\"},{\"@type\":\"ListItem\",\"position\":2,\"name\":\"Rhacodactylus auriculatus &#8211; Hist\u00f3rico de cruces\"}]},{\"@type\":\"WebSite\",\"@id\":\"https:\\\/\\\/kanakyreptiles.com\\\/#website\",\"url\":\"https:\\\/\\\/kanakyreptiles.com\\\/\",\"name\":\"Kanaky Reptiles\",\"description\":\"Venta de reptiles\",\"publisher\":{\"@id\":\"https:\\\/\\\/kanakyreptiles.com\\\/#organization\"},\"potentialAction\":[{\"@type\":\"SearchAction\",\"target\":{\"@type\":\"EntryPoint\",\"urlTemplate\":\"https:\\\/\\\/kanakyreptiles.com\\\/?s={search_term_string}\"},\"query-input\":{\"@type\":\"PropertyValueSpecification\",\"valueRequired\":true,\"valueName\":\"search_term_string\"}}],\"inLanguage\":\"en-US\"},{\"@type\":\"Organization\",\"@id\":\"https:\\\/\\\/kanakyreptiles.com\\\/#organization\",\"name\":\"Kanaky Reptiles\",\"url\":\"https:\\\/\\\/kanakyreptiles.com\\\/\",\"logo\":{\"@type\":\"ImageObject\",\"inLanguage\":\"en-US\",\"@id\":\"https:\\\/\\\/kanakyreptiles.com\\\/#\\\/schema\\\/logo\\\/image\\\/\",\"url\":\"https:\\\/\\\/kanakyreptiles.com\\\/wp-content\\\/uploads\\\/2024\\\/05\\\/LOGO-KANAKY-REPTILES-COMPLETO-am.png\",\"contentUrl\":\"https:\\\/\\\/kanakyreptiles.com\\\/wp-content\\\/uploads\\\/2024\\\/05\\\/LOGO-KANAKY-REPTILES-COMPLETO-am.png\",\"width\":2278,\"height\":445,\"caption\":\"Kanaky Reptiles\"},\"image\":{\"@id\":\"https:\\\/\\\/kanakyreptiles.com\\\/#\\\/schema\\\/logo\\\/image\\\/\"},\"sameAs\":[\"https:\\\/\\\/www.youtube.com\\\/channel\\\/UClqHTv-N_fxdR2BacMygxPQ\",\"https:\\\/\\\/www.instagram.com\\\/kanakyterraria\\\/\"]}]}<\/script>\n<!-- \/ Yoast SEO plugin. -->","yoast_head_json":{"title":"Rhacodactylus auriculatus - Hist\u00f3rico de cruces - Kanaky Reptiles","robots":{"index":"index","follow":"follow","max-snippet":"max-snippet:-1","max-image-preview":"max-image-preview:large","max-video-preview":"max-video-preview:-1"},"canonical":"https:\/\/kanakyreptiles.com\/en\/rhacodactylus-auriculatus-historico-de-cruces\/","og_locale":"en_US","og_type":"article","og_title":"Rhacodactylus auriculatus - Hist\u00f3rico de cruces - Kanaky Reptiles","og_description":"Rhacodactylus auriculatus HIST\u00d3RICO DE CRUCES En Kanaky Reptiles nos gusta llevar un seguimiento detallado de nuestras temporadas de cr\u00eda. Tomamos fotos de todos los animales al nacer y durante su desarrollo para aprender c\u00f3mo evolucionan los patrones, colores y estructuras en los animales. Tener estos datos nos ayuda a comprender c\u00f3mo se heredan los caracteres [&hellip;]","og_url":"https:\/\/kanakyreptiles.com\/en\/rhacodactylus-auriculatus-historico-de-cruces\/","og_site_name":"Kanaky Reptiles","article_modified_time":"2024-06-12T15:57:34+00:00","og_image":[{"url":"https:\/\/kanakyreptiles.com\/wp-content\/uploads\/2024\/06\/2021-1-scaled-e1718204035399.jpg","type":"","width":"","height":""}],"twitter_card":"summary_large_image","twitter_misc":{"Est. reading time":"2 minutes"},"schema":{"@context":"https:\/\/schema.org","@graph":[{"@type":"WebPage","@id":"https:\/\/kanakyreptiles.com\/rhacodactylus-auriculatus-historico-de-cruces\/","url":"https:\/\/kanakyreptiles.com\/rhacodactylus-auriculatus-historico-de-cruces\/","name":"Rhacodactylus auriculatus - Hist\u00f3rico de cruces - Kanaky Reptiles","isPartOf":{"@id":"https:\/\/kanakyreptiles.com\/#website"},"primaryImageOfPage":{"@id":"https:\/\/kanakyreptiles.com\/rhacodactylus-auriculatus-historico-de-cruces\/#primaryimage"},"image":{"@id":"https:\/\/kanakyreptiles.com\/rhacodactylus-auriculatus-historico-de-cruces\/#primaryimage"},"thumbnailUrl":"https:\/\/kanakyreptiles.com\/wp-content\/uploads\/2024\/06\/2021-1-scaled-e1718204035399.jpg","datePublished":"2024-05-24T09:14:39+00:00","dateModified":"2024-06-12T15:57:34+00:00","breadcrumb":{"@id":"https:\/\/kanakyreptiles.com\/rhacodactylus-auriculatus-historico-de-cruces\/#breadcrumb"},"inLanguage":"en-US","potentialAction":[{"@type":"ReadAction","target":["https:\/\/kanakyreptiles.com\/rhacodactylus-auriculatus-historico-de-cruces\/"]}]},{"@type":"ImageObject","inLanguage":"en-US","@id":"https:\/\/kanakyreptiles.com\/rhacodactylus-auriculatus-historico-de-cruces\/#primaryimage","url":"https:\/\/kanakyreptiles.com\/wp-content\/uploads\/2024\/06\/2021-1-scaled-e1718204035399.jpg","contentUrl":"https:\/\/kanakyreptiles.com\/wp-content\/uploads\/2024\/06\/2021-1-scaled-e1718204035399.jpg"},{"@type":"BreadcrumbList","@id":"https:\/\/kanakyreptiles.com\/rhacodactylus-auriculatus-historico-de-cruces\/#breadcrumb","itemListElement":[{"@type":"ListItem","position":1,"name":"Portada","item":"https:\/\/kanakyreptiles.com\/"},{"@type":"ListItem","position":2,"name":"Rhacodactylus auriculatus &#8211; Hist\u00f3rico de cruces"}]},{"@type":"WebSite","@id":"https:\/\/kanakyreptiles.com\/#website","url":"https:\/\/kanakyreptiles.com\/","name":"Kanaky Reptiles","description":"Reptiles for sale","publisher":{"@id":"https:\/\/kanakyreptiles.com\/#organization"},"potentialAction":[{"@type":"SearchAction","target":{"@type":"EntryPoint","urlTemplate":"https:\/\/kanakyreptiles.com\/?s={search_term_string}"},"query-input":{"@type":"PropertyValueSpecification","valueRequired":true,"valueName":"search_term_string"}}],"inLanguage":"en-US"},{"@type":"Organization","@id":"https:\/\/kanakyreptiles.com\/#organization","name":"Kanaky Reptiles","url":"https:\/\/kanakyreptiles.com\/","logo":{"@type":"ImageObject","inLanguage":"en-US","@id":"https:\/\/kanakyreptiles.com\/#\/schema\/logo\/image\/","url":"https:\/\/kanakyreptiles.com\/wp-content\/uploads\/2024\/05\/LOGO-KANAKY-REPTILES-COMPLETO-am.png","contentUrl":"https:\/\/kanakyreptiles.com\/wp-content\/uploads\/2024\/05\/LOGO-KANAKY-REPTILES-COMPLETO-am.png","width":2278,"height":445,"caption":"Kanaky Reptiles"},"image":{"@id":"https:\/\/kanakyreptiles.com\/#\/schema\/logo\/image\/"},"sameAs":["https:\/\/www.youtube.com\/channel\/UClqHTv-N_fxdR2BacMygxPQ","https:\/\/www.instagram.com\/kanakyterraria\/"]}]}},"_links":{"self":[{"href":"https:\/\/kanakyreptiles.com\/en\/wp-json\/wp\/v2\/pages\/943","targetHints":{"allow":["GET"]}}],"collection":[{"href":"https:\/\/kanakyreptiles.com\/en\/wp-json\/wp\/v2\/pages"}],"about":[{"href":"https:\/\/kanakyreptiles.com\/en\/wp-json\/wp\/v2\/types\/page"}],"author":[{"embeddable":true,"href":"https:\/\/kanakyreptiles.com\/en\/wp-json\/wp\/v2\/users\/2"}],"replies":[{"embeddable":true,"href":"https:\/\/kanakyreptiles.com\/en\/wp-json\/wp\/v2\/comments?post=943"}],"version-history":[{"count":22,"href":"https:\/\/kanakyreptiles.com\/en\/wp-json\/wp\/v2\/pages\/943\/revisions"}],"predecessor-version":[{"id":1903,"href":"https:\/\/kanakyreptiles.com\/en\/wp-json\/wp\/v2\/pages\/943\/revisions\/1903"}],"wp:attachment":[{"href":"https:\/\/kanakyreptiles.com\/en\/wp-json\/wp\/v2\/media?parent=943"}],"curies":[{"name":"wp","href":"https:\/\/api.w.org\/{rel}","templated":true}]}}