{"id":593,"date":"2024-05-22T10:56:05","date_gmt":"2024-05-22T08:56:05","guid":{"rendered":"https:\/\/kanakyreptiles.com\/?page_id=593"},"modified":"2024-06-12T16:04:32","modified_gmt":"2024-06-12T14:04:32","slug":"correlophus-sarasinorum-historico-cruces","status":"publish","type":"page","link":"https:\/\/kanakyreptiles.com\/en\/correlophus-sarasinorum-historico-cruces\/","title":{"rendered":"Correlophus sarasinorum - Breeding record"},"content":{"rendered":"<div data-elementor-type=\"wp-page\" data-elementor-id=\"593\" class=\"elementor elementor-593\" data-elementor-post-type=\"page\">\n\t\t\t\t<div class=\"elementor-element elementor-element-ed38a56 e-flex e-con-boxed e-con e-parent\" data-id=\"ed38a56\" data-element_type=\"container\" data-e-type=\"container\" data-settings=\"{&quot;background_background&quot;:&quot;classic&quot;}\">\n\t\t\t\t\t<div class=\"e-con-inner\">\n\t\t\t\t<div class=\"elementor-element elementor-element-fbaa3b1 elementor-widget elementor-widget-heading\" data-id=\"fbaa3b1\" data-element_type=\"widget\" data-e-type=\"widget\" data-widget_type=\"heading.default\">\n\t\t\t\t<div class=\"elementor-widget-container\">\n\t\t\t\t\t<h1 class=\"elementor-heading-title elementor-size-default\"><i>Correlophus sarasinorum<\/i><\/h1>\t\t\t\t<\/div>\n\t\t\t\t<\/div>\n\t\t\t\t<div class=\"elementor-element elementor-element-6bdf48f elementor-widget elementor-widget-heading\" data-id=\"6bdf48f\" data-element_type=\"widget\" data-e-type=\"widget\" data-widget_type=\"heading.default\">\n\t\t\t\t<div class=\"elementor-widget-container\">\n\t\t\t\t\t<h2 class=\"elementor-heading-title elementor-size-default\">BREEDING RECORD<\/h2>\t\t\t\t<\/div>\n\t\t\t\t<\/div>\n\t\t\t\t\t<\/div>\n\t\t\t\t<\/div>\n\t\t<div class=\"elementor-element elementor-element-ef4a447 e-flex e-con-boxed e-con e-parent\" data-id=\"ef4a447\" data-element_type=\"container\" data-e-type=\"container\">\n\t\t\t\t\t<div class=\"e-con-inner\">\n\t\t\t\t<div class=\"elementor-element elementor-element-cb38f36 elementor-widget__width-initial elementor-widget elementor-widget-text-editor\" data-id=\"cb38f36\" data-element_type=\"widget\" data-e-type=\"widget\" data-widget_type=\"text-editor.default\">\n\t\t\t\t<div class=\"elementor-widget-container\">\n\t\t\t\t\t\t\t\t\t<p>At Kanaky Reptiles we like to keep detailed track of our breeding seasons. We take photos of all animals at birth and during their development to learn how patterns, colors and structures evolve in the animals.<\/p><p>Having this data helps us to understand how traits are inherited so that we can best plan our projects in future breeding seasons.<\/p><p>Here we bring you this record of all the pairs we have bred in each season for your and our own reference.<\/p>\t\t\t\t\t\t\t\t<\/div>\n\t\t\t\t<\/div>\n\t\t\t\t\t<\/div>\n\t\t\t\t<\/div>\n\t\t<div class=\"elementor-element elementor-element-0aefcff e-flex e-con-boxed e-con e-parent\" data-id=\"0aefcff\" data-element_type=\"container\" data-e-type=\"container\">\n\t\t\t\t\t<div class=\"e-con-inner\">\n\t\t<div class=\"elementor-element elementor-element-fb8d1b9 e-con-full e-flex e-con e-child\" data-id=\"fb8d1b9\" data-element_type=\"container\" data-e-type=\"container\">\n\t\t\t\t<\/div>\n\t\t<div class=\"elementor-element elementor-element-a0b3431 e-con-full e-flex e-con e-child\" data-id=\"a0b3431\" data-element_type=\"container\" data-e-type=\"container\">\n\t\t\t\t<div class=\"elementor-element elementor-element-40cf126 elementor-widget elementor-widget-premium-addon-banner\" data-id=\"40cf126\" data-element_type=\"widget\" data-e-type=\"widget\" data-widget_type=\"premium-addon-banner.default\">\n\t\t\t\t<div class=\"elementor-widget-container\">\n\t\t\t\t\t\t\t<div class=\"premium-banner-ib premium-banner-min-height premium-banner-animation1 bright premium-banner__effect-type2\">\n\t\t\t\t\t\t\t\t\t\t<img fetchpriority=\"high\" decoding=\"async\" width=\"1437\" height=\"1437\" src=\"https:\/\/kanakyreptiles.com\/wp-content\/uploads\/2024\/06\/2023-1-e1718200601895.jpg\" class=\"attachment-full size-full wp-image-1696\" alt=\"2023\" srcset=\"https:\/\/kanakyreptiles.com\/wp-content\/uploads\/2024\/06\/2023-1-e1718200601895.jpg 1437w, https:\/\/kanakyreptiles.com\/wp-content\/uploads\/2024\/06\/2023-1-e1718200601895-300x300.jpg 300w, https:\/\/kanakyreptiles.com\/wp-content\/uploads\/2024\/06\/2023-1-e1718200601895-1024x1024.jpg 1024w, https:\/\/kanakyreptiles.com\/wp-content\/uploads\/2024\/06\/2023-1-e1718200601895-150x150.jpg 150w, https:\/\/kanakyreptiles.com\/wp-content\/uploads\/2024\/06\/2023-1-e1718200601895-768x768.jpg 768w, https:\/\/kanakyreptiles.com\/wp-content\/uploads\/2024\/06\/2023-1-e1718200601895-12x12.jpg 12w, https:\/\/kanakyreptiles.com\/wp-content\/uploads\/2024\/06\/2023-1-e1718200601895-600x600.jpg 600w, https:\/\/kanakyreptiles.com\/wp-content\/uploads\/2024\/06\/2023-1-e1718200601895-100x100.jpg 100w\" sizes=\"(max-width: 1437px) 100vw, 1437px\" \/>\t\t\t\t\t\t\t\t\t<div class=\"premium-banner-ib-desc\">\n\t\t\t\t\n\t\t\t\t\t\t\t\t\t<h3 class=\"premium-banner-ib-title premium_banner_title\">\n\t\t\t\t\t\t2023\t\t\t\t\t<\/h3>\n\t\t\t\t\n\t\t\t\t\n\t\t\t\t\n\t\t\t\t\t\t\t<\/div>\n\t\t\t\t\t\t\t<a href=\"https:\/\/kanakyreptiles.com\/en\/correlophus-sarasinorum-historico-cruces\/cs2023\/\" class=\"premium-banner-ib-link\"><\/a>\n\t\t\t\t\t<\/div>\n\n\t\t\t\t\t\t<\/div>\n\t\t\t\t<\/div>\n\t\t\t\t<\/div>\n\t\t<div class=\"elementor-element elementor-element-44e0b14 e-con-full e-flex e-con e-child\" data-id=\"44e0b14\" data-element_type=\"container\" data-e-type=\"container\">\n\t\t\t\t<div class=\"elementor-element elementor-element-c8263f9 elementor-widget elementor-widget-premium-addon-banner\" data-id=\"c8263f9\" data-element_type=\"widget\" data-e-type=\"widget\" data-widget_type=\"premium-addon-banner.default\">\n\t\t\t\t<div class=\"elementor-widget-container\">\n\t\t\t\t\t\t\t<div class=\"premium-banner-ib premium-banner-min-height premium-banner-animation1 bright premium-banner__effect-type2\">\n\t\t\t\t\t\t\t\t\t\t<img decoding=\"async\" width=\"1500\" height=\"1500\" src=\"https:\/\/kanakyreptiles.com\/wp-content\/uploads\/2024\/06\/2024-1-e1718200647400.jpg\" class=\"attachment-full size-full wp-image-1697\" alt=\"2024\" srcset=\"https:\/\/kanakyreptiles.com\/wp-content\/uploads\/2024\/06\/2024-1-e1718200647400.jpg 1500w, https:\/\/kanakyreptiles.com\/wp-content\/uploads\/2024\/06\/2024-1-e1718200647400-300x300.jpg 300w, https:\/\/kanakyreptiles.com\/wp-content\/uploads\/2024\/06\/2024-1-e1718200647400-1024x1024.jpg 1024w, https:\/\/kanakyreptiles.com\/wp-content\/uploads\/2024\/06\/2024-1-e1718200647400-150x150.jpg 150w, https:\/\/kanakyreptiles.com\/wp-content\/uploads\/2024\/06\/2024-1-e1718200647400-768x768.jpg 768w, https:\/\/kanakyreptiles.com\/wp-content\/uploads\/2024\/06\/2024-1-e1718200647400-12x12.jpg 12w, https:\/\/kanakyreptiles.com\/wp-content\/uploads\/2024\/06\/2024-1-e1718200647400-600x600.jpg 600w, https:\/\/kanakyreptiles.com\/wp-content\/uploads\/2024\/06\/2024-1-e1718200647400-100x100.jpg 100w\" sizes=\"(max-width: 1500px) 100vw, 1500px\" \/>\t\t\t\t\t\t\t\t\t<div class=\"premium-banner-ib-desc\">\n\t\t\t\t\n\t\t\t\t\t\t\t\t\t<h3 class=\"premium-banner-ib-title premium_banner_title\">\n\t\t\t\t\t\t2024\t\t\t\t\t<\/h3>\n\t\t\t\t\n\t\t\t\t\n\t\t\t\t\n\t\t\t\t\t\t\t<\/div>\n\t\t\t\t\t\t\t<a href=\"https:\/\/kanakyreptiles.com\/en\/correlophus-sarasinorum-historico-cruces\/cs2024\/\" class=\"premium-banner-ib-link\"><\/a>\n\t\t\t\t\t<\/div>\n\n\t\t\t\t\t\t<\/div>\n\t\t\t\t<\/div>\n\t\t\t\t<\/div>\n\t\t<div class=\"elementor-element elementor-element-6a53a1c e-con-full e-flex e-con e-child\" data-id=\"6a53a1c\" data-element_type=\"container\" data-e-type=\"container\">\n\t\t\t\t<\/div>\n\t\t\t\t\t<\/div>\n\t\t\t\t<\/div>\n\t\t\t\t<\/div>","protected":false},"excerpt":{"rendered":"<p>Correlophus sarasinorum HIST\u00d3RICO DE CRUCES En Kanaky Reptiles nos gusta llevar un seguimiento detallado de nuestras temporadas de cr\u00eda. Tomamos fotos de todos los animales al nacer y durante su desarrollo para aprender c\u00f3mo evolucionan los patrones, colores y estructuras en los animales. Tener estos datos nos ayuda a comprender c\u00f3mo se heredan los caracteres [&hellip;]<\/p>\n","protected":false},"author":2,"featured_media":0,"parent":0,"menu_order":0,"comment_status":"closed","ping_status":"closed","template":"","meta":{"footnotes":""},"class_list":["post-593","page","type-page","status-publish","hentry"],"yoast_head":"<!-- This site is optimized with the Yoast SEO plugin v27.3 - https:\/\/yoast.com\/product\/yoast-seo-wordpress\/ -->\n<title>Correlophus sarasinorum - Hist\u00f3rico de cruces - Kanaky Reptiles<\/title>\n<meta name=\"robots\" content=\"index, follow, max-snippet:-1, max-image-preview:large, max-video-preview:-1\" \/>\n<link rel=\"canonical\" href=\"https:\/\/kanakyreptiles.com\/en\/correlophus-sarasinorum-historico-cruces\/\" \/>\n<meta property=\"og:locale\" content=\"en_US\" \/>\n<meta property=\"og:type\" content=\"article\" \/>\n<meta property=\"og:title\" content=\"Correlophus sarasinorum - Hist\u00f3rico de cruces - Kanaky Reptiles\" \/>\n<meta property=\"og:description\" content=\"Correlophus sarasinorum HIST\u00d3RICO DE CRUCES En Kanaky Reptiles nos gusta llevar un seguimiento detallado de nuestras temporadas de cr\u00eda. Tomamos fotos de todos los animales al nacer y durante su desarrollo para aprender c\u00f3mo evolucionan los patrones, colores y estructuras en los animales. Tener estos datos nos ayuda a comprender c\u00f3mo se heredan los caracteres [&hellip;]\" \/>\n<meta property=\"og:url\" content=\"https:\/\/kanakyreptiles.com\/en\/correlophus-sarasinorum-historico-cruces\/\" \/>\n<meta property=\"og:site_name\" content=\"Kanaky Reptiles\" \/>\n<meta property=\"article:modified_time\" content=\"2024-06-12T14:04:32+00:00\" \/>\n<meta property=\"og:image\" content=\"https:\/\/kanakyreptiles.com\/wp-content\/uploads\/2024\/06\/2023-1-e1718200601895.jpg\" \/>\n<meta name=\"twitter:card\" content=\"summary_large_image\" \/>\n<meta name=\"twitter:label1\" content=\"Est. reading time\" \/>\n\t<meta name=\"twitter:data1\" content=\"1 minute\" \/>\n<script type=\"application\/ld+json\" class=\"yoast-schema-graph\">{\"@context\":\"https:\\\/\\\/schema.org\",\"@graph\":[{\"@type\":\"WebPage\",\"@id\":\"https:\\\/\\\/kanakyreptiles.com\\\/correlophus-sarasinorum-historico-cruces\\\/\",\"url\":\"https:\\\/\\\/kanakyreptiles.com\\\/correlophus-sarasinorum-historico-cruces\\\/\",\"name\":\"Correlophus sarasinorum - Hist\u00f3rico de cruces - Kanaky Reptiles\",\"isPartOf\":{\"@id\":\"https:\\\/\\\/kanakyreptiles.com\\\/#website\"},\"primaryImageOfPage\":{\"@id\":\"https:\\\/\\\/kanakyreptiles.com\\\/correlophus-sarasinorum-historico-cruces\\\/#primaryimage\"},\"image\":{\"@id\":\"https:\\\/\\\/kanakyreptiles.com\\\/correlophus-sarasinorum-historico-cruces\\\/#primaryimage\"},\"thumbnailUrl\":\"https:\\\/\\\/kanakyreptiles.com\\\/wp-content\\\/uploads\\\/2024\\\/06\\\/2023-1-e1718200601895.jpg\",\"datePublished\":\"2024-05-22T08:56:05+00:00\",\"dateModified\":\"2024-06-12T14:04:32+00:00\",\"breadcrumb\":{\"@id\":\"https:\\\/\\\/kanakyreptiles.com\\\/correlophus-sarasinorum-historico-cruces\\\/#breadcrumb\"},\"inLanguage\":\"en-US\",\"potentialAction\":[{\"@type\":\"ReadAction\",\"target\":[\"https:\\\/\\\/kanakyreptiles.com\\\/correlophus-sarasinorum-historico-cruces\\\/\"]}]},{\"@type\":\"ImageObject\",\"inLanguage\":\"en-US\",\"@id\":\"https:\\\/\\\/kanakyreptiles.com\\\/correlophus-sarasinorum-historico-cruces\\\/#primaryimage\",\"url\":\"https:\\\/\\\/kanakyreptiles.com\\\/wp-content\\\/uploads\\\/2024\\\/06\\\/2023-1-e1718200601895.jpg\",\"contentUrl\":\"https:\\\/\\\/kanakyreptiles.com\\\/wp-content\\\/uploads\\\/2024\\\/06\\\/2023-1-e1718200601895.jpg\"},{\"@type\":\"BreadcrumbList\",\"@id\":\"https:\\\/\\\/kanakyreptiles.com\\\/correlophus-sarasinorum-historico-cruces\\\/#breadcrumb\",\"itemListElement\":[{\"@type\":\"ListItem\",\"position\":1,\"name\":\"Portada\",\"item\":\"https:\\\/\\\/kanakyreptiles.com\\\/\"},{\"@type\":\"ListItem\",\"position\":2,\"name\":\"Correlophus sarasinorum &#8211; Hist\u00f3rico de cruces\"}]},{\"@type\":\"WebSite\",\"@id\":\"https:\\\/\\\/kanakyreptiles.com\\\/#website\",\"url\":\"https:\\\/\\\/kanakyreptiles.com\\\/\",\"name\":\"Kanaky Reptiles\",\"description\":\"Venta de reptiles\",\"publisher\":{\"@id\":\"https:\\\/\\\/kanakyreptiles.com\\\/#organization\"},\"potentialAction\":[{\"@type\":\"SearchAction\",\"target\":{\"@type\":\"EntryPoint\",\"urlTemplate\":\"https:\\\/\\\/kanakyreptiles.com\\\/?s={search_term_string}\"},\"query-input\":{\"@type\":\"PropertyValueSpecification\",\"valueRequired\":true,\"valueName\":\"search_term_string\"}}],\"inLanguage\":\"en-US\"},{\"@type\":\"Organization\",\"@id\":\"https:\\\/\\\/kanakyreptiles.com\\\/#organization\",\"name\":\"Kanaky Reptiles\",\"url\":\"https:\\\/\\\/kanakyreptiles.com\\\/\",\"logo\":{\"@type\":\"ImageObject\",\"inLanguage\":\"en-US\",\"@id\":\"https:\\\/\\\/kanakyreptiles.com\\\/#\\\/schema\\\/logo\\\/image\\\/\",\"url\":\"https:\\\/\\\/kanakyreptiles.com\\\/wp-content\\\/uploads\\\/2024\\\/05\\\/LOGO-KANAKY-REPTILES-COMPLETO-am.png\",\"contentUrl\":\"https:\\\/\\\/kanakyreptiles.com\\\/wp-content\\\/uploads\\\/2024\\\/05\\\/LOGO-KANAKY-REPTILES-COMPLETO-am.png\",\"width\":2278,\"height\":445,\"caption\":\"Kanaky Reptiles\"},\"image\":{\"@id\":\"https:\\\/\\\/kanakyreptiles.com\\\/#\\\/schema\\\/logo\\\/image\\\/\"},\"sameAs\":[\"https:\\\/\\\/www.youtube.com\\\/channel\\\/UClqHTv-N_fxdR2BacMygxPQ\",\"https:\\\/\\\/www.instagram.com\\\/kanakyterraria\\\/\"]}]}<\/script>\n<!-- \/ Yoast SEO plugin. -->","yoast_head_json":{"title":"Correlophus sarasinorum - Hist\u00f3rico de cruces - Kanaky Reptiles","robots":{"index":"index","follow":"follow","max-snippet":"max-snippet:-1","max-image-preview":"max-image-preview:large","max-video-preview":"max-video-preview:-1"},"canonical":"https:\/\/kanakyreptiles.com\/en\/correlophus-sarasinorum-historico-cruces\/","og_locale":"en_US","og_type":"article","og_title":"Correlophus sarasinorum - Hist\u00f3rico de cruces - Kanaky Reptiles","og_description":"Correlophus sarasinorum HIST\u00d3RICO DE CRUCES En Kanaky Reptiles nos gusta llevar un seguimiento detallado de nuestras temporadas de cr\u00eda. Tomamos fotos de todos los animales al nacer y durante su desarrollo para aprender c\u00f3mo evolucionan los patrones, colores y estructuras en los animales. Tener estos datos nos ayuda a comprender c\u00f3mo se heredan los caracteres [&hellip;]","og_url":"https:\/\/kanakyreptiles.com\/en\/correlophus-sarasinorum-historico-cruces\/","og_site_name":"Kanaky Reptiles","article_modified_time":"2024-06-12T14:04:32+00:00","og_image":[{"url":"https:\/\/kanakyreptiles.com\/wp-content\/uploads\/2024\/06\/2023-1-e1718200601895.jpg","type":"","width":"","height":""}],"twitter_card":"summary_large_image","twitter_misc":{"Est. reading time":"1 minute"},"schema":{"@context":"https:\/\/schema.org","@graph":[{"@type":"WebPage","@id":"https:\/\/kanakyreptiles.com\/correlophus-sarasinorum-historico-cruces\/","url":"https:\/\/kanakyreptiles.com\/correlophus-sarasinorum-historico-cruces\/","name":"Correlophus sarasinorum - Hist\u00f3rico de cruces - Kanaky Reptiles","isPartOf":{"@id":"https:\/\/kanakyreptiles.com\/#website"},"primaryImageOfPage":{"@id":"https:\/\/kanakyreptiles.com\/correlophus-sarasinorum-historico-cruces\/#primaryimage"},"image":{"@id":"https:\/\/kanakyreptiles.com\/correlophus-sarasinorum-historico-cruces\/#primaryimage"},"thumbnailUrl":"https:\/\/kanakyreptiles.com\/wp-content\/uploads\/2024\/06\/2023-1-e1718200601895.jpg","datePublished":"2024-05-22T08:56:05+00:00","dateModified":"2024-06-12T14:04:32+00:00","breadcrumb":{"@id":"https:\/\/kanakyreptiles.com\/correlophus-sarasinorum-historico-cruces\/#breadcrumb"},"inLanguage":"en-US","potentialAction":[{"@type":"ReadAction","target":["https:\/\/kanakyreptiles.com\/correlophus-sarasinorum-historico-cruces\/"]}]},{"@type":"ImageObject","inLanguage":"en-US","@id":"https:\/\/kanakyreptiles.com\/correlophus-sarasinorum-historico-cruces\/#primaryimage","url":"https:\/\/kanakyreptiles.com\/wp-content\/uploads\/2024\/06\/2023-1-e1718200601895.jpg","contentUrl":"https:\/\/kanakyreptiles.com\/wp-content\/uploads\/2024\/06\/2023-1-e1718200601895.jpg"},{"@type":"BreadcrumbList","@id":"https:\/\/kanakyreptiles.com\/correlophus-sarasinorum-historico-cruces\/#breadcrumb","itemListElement":[{"@type":"ListItem","position":1,"name":"Portada","item":"https:\/\/kanakyreptiles.com\/"},{"@type":"ListItem","position":2,"name":"Correlophus sarasinorum &#8211; Hist\u00f3rico de cruces"}]},{"@type":"WebSite","@id":"https:\/\/kanakyreptiles.com\/#website","url":"https:\/\/kanakyreptiles.com\/","name":"Kanaky Reptiles","description":"Reptiles for sale","publisher":{"@id":"https:\/\/kanakyreptiles.com\/#organization"},"potentialAction":[{"@type":"SearchAction","target":{"@type":"EntryPoint","urlTemplate":"https:\/\/kanakyreptiles.com\/?s={search_term_string}"},"query-input":{"@type":"PropertyValueSpecification","valueRequired":true,"valueName":"search_term_string"}}],"inLanguage":"en-US"},{"@type":"Organization","@id":"https:\/\/kanakyreptiles.com\/#organization","name":"Kanaky Reptiles","url":"https:\/\/kanakyreptiles.com\/","logo":{"@type":"ImageObject","inLanguage":"en-US","@id":"https:\/\/kanakyreptiles.com\/#\/schema\/logo\/image\/","url":"https:\/\/kanakyreptiles.com\/wp-content\/uploads\/2024\/05\/LOGO-KANAKY-REPTILES-COMPLETO-am.png","contentUrl":"https:\/\/kanakyreptiles.com\/wp-content\/uploads\/2024\/05\/LOGO-KANAKY-REPTILES-COMPLETO-am.png","width":2278,"height":445,"caption":"Kanaky Reptiles"},"image":{"@id":"https:\/\/kanakyreptiles.com\/#\/schema\/logo\/image\/"},"sameAs":["https:\/\/www.youtube.com\/channel\/UClqHTv-N_fxdR2BacMygxPQ","https:\/\/www.instagram.com\/kanakyterraria\/"]}]}},"_links":{"self":[{"href":"https:\/\/kanakyreptiles.com\/en\/wp-json\/wp\/v2\/pages\/593","targetHints":{"allow":["GET"]}}],"collection":[{"href":"https:\/\/kanakyreptiles.com\/en\/wp-json\/wp\/v2\/pages"}],"about":[{"href":"https:\/\/kanakyreptiles.com\/en\/wp-json\/wp\/v2\/types\/page"}],"author":[{"embeddable":true,"href":"https:\/\/kanakyreptiles.com\/en\/wp-json\/wp\/v2\/users\/2"}],"replies":[{"embeddable":true,"href":"https:\/\/kanakyreptiles.com\/en\/wp-json\/wp\/v2\/comments?post=593"}],"version-history":[{"count":28,"href":"https:\/\/kanakyreptiles.com\/en\/wp-json\/wp\/v2\/pages\/593\/revisions"}],"predecessor-version":[{"id":1724,"href":"https:\/\/kanakyreptiles.com\/en\/wp-json\/wp\/v2\/pages\/593\/revisions\/1724"}],"wp:attachment":[{"href":"https:\/\/kanakyreptiles.com\/en\/wp-json\/wp\/v2\/media?parent=593"}],"curies":[{"name":"wp","href":"https:\/\/api.w.org\/{rel}","templated":true}]}}