{"id":48,"date":"2024-05-20T12:32:33","date_gmt":"2024-05-20T10:32:33","guid":{"rendered":"https:\/\/kanakyreptiles.com\/?page_id=48"},"modified":"2024-06-12T16:04:10","modified_gmt":"2024-06-12T14:04:10","slug":"correlophus-ciliatus-historico-cruces","status":"publish","type":"page","link":"https:\/\/kanakyreptiles.com\/en\/correlophus-ciliatus-historico-cruces\/","title":{"rendered":"Correlophus ciliatus - Breeding record"},"content":{"rendered":"<div data-elementor-type=\"wp-page\" data-elementor-id=\"48\" class=\"elementor elementor-48\" data-elementor-post-type=\"page\">\n\t\t\t\t<div class=\"elementor-element elementor-element-e3a9cab e-flex e-con-boxed e-con e-parent\" data-id=\"e3a9cab\" data-element_type=\"container\" data-e-type=\"container\" data-settings=\"{&quot;background_background&quot;:&quot;classic&quot;}\">\n\t\t\t\t\t<div class=\"e-con-inner\">\n\t\t\t\t<div class=\"elementor-element elementor-element-3601663 elementor-widget elementor-widget-heading\" data-id=\"3601663\" data-element_type=\"widget\" data-e-type=\"widget\" data-widget_type=\"heading.default\">\n\t\t\t\t<div class=\"elementor-widget-container\">\n\t\t\t\t\t<h1 class=\"elementor-heading-title elementor-size-default\"><i>Correlophus ciliatus<\/i><\/h1>\t\t\t\t<\/div>\n\t\t\t\t<\/div>\n\t\t\t\t<div class=\"elementor-element elementor-element-bc8512a elementor-widget elementor-widget-heading\" data-id=\"bc8512a\" data-element_type=\"widget\" data-e-type=\"widget\" data-widget_type=\"heading.default\">\n\t\t\t\t<div class=\"elementor-widget-container\">\n\t\t\t\t\t<h2 class=\"elementor-heading-title elementor-size-default\">BREEDING RECORD<\/h2>\t\t\t\t<\/div>\n\t\t\t\t<\/div>\n\t\t\t\t\t<\/div>\n\t\t\t\t<\/div>\n\t\t<div class=\"elementor-element elementor-element-979ba6e e-flex e-con-boxed e-con e-parent\" data-id=\"979ba6e\" data-element_type=\"container\" data-e-type=\"container\">\n\t\t\t\t\t<div class=\"e-con-inner\">\n\t\t\t\t<div class=\"elementor-element elementor-element-d0be151 elementor-widget__width-initial elementor-widget elementor-widget-text-editor\" data-id=\"d0be151\" data-element_type=\"widget\" data-e-type=\"widget\" data-widget_type=\"text-editor.default\">\n\t\t\t\t<div class=\"elementor-widget-container\">\n\t\t\t\t\t\t\t\t\t<p>At Kanaky Reptiles we like to keep detailed track of our breeding seasons. We take photos of all animals at birth and during their development to learn how patterns, colors and structures evolve in the animals.<\/p><p>Having this data helps us to understand how traits are inherited so that we can best plan our projects in future breeding seasons.<\/p><p>Here we bring you this record of all the pairs we have bred in each season for your and our own reference.<\/p>\t\t\t\t\t\t\t\t<\/div>\n\t\t\t\t<\/div>\n\t\t\t\t\t<\/div>\n\t\t\t\t<\/div>\n\t\t<div class=\"elementor-element elementor-element-a07c97e e-flex e-con-boxed e-con e-parent\" data-id=\"a07c97e\" data-element_type=\"container\" data-e-type=\"container\">\n\t\t\t\t\t<div class=\"e-con-inner\">\n\t\t<div class=\"elementor-element elementor-element-1114b35 e-con-full e-flex e-con e-child\" data-id=\"1114b35\" data-element_type=\"container\" data-e-type=\"container\">\n\t\t\t\t<div class=\"elementor-element elementor-element-25e9e72 elementor-widget elementor-widget-premium-addon-banner\" data-id=\"25e9e72\" data-element_type=\"widget\" data-e-type=\"widget\" data-widget_type=\"premium-addon-banner.default\">\n\t\t\t\t<div class=\"elementor-widget-container\">\n\t\t\t\t\t\t\t<div class=\"premium-banner-ib premium-banner-min-height premium-banner-animation1 bright premium-banner__effect-type2\">\n\t\t\t\t\t\t\t\t\t\t<img fetchpriority=\"high\" decoding=\"async\" width=\"723\" height=\"723\" src=\"https:\/\/kanakyreptiles.com\/wp-content\/uploads\/2024\/06\/2021-e1718194816830.jpg\" class=\"attachment-full size-full wp-image-1630\" alt=\"2021\" srcset=\"https:\/\/kanakyreptiles.com\/wp-content\/uploads\/2024\/06\/2021-e1718194816830.jpg 723w, https:\/\/kanakyreptiles.com\/wp-content\/uploads\/2024\/06\/2021-e1718194816830-300x300.jpg 300w, https:\/\/kanakyreptiles.com\/wp-content\/uploads\/2024\/06\/2021-e1718194816830-150x150.jpg 150w, https:\/\/kanakyreptiles.com\/wp-content\/uploads\/2024\/06\/2021-e1718194816830-12x12.jpg 12w, https:\/\/kanakyreptiles.com\/wp-content\/uploads\/2024\/06\/2021-e1718194816830-600x600.jpg 600w, https:\/\/kanakyreptiles.com\/wp-content\/uploads\/2024\/06\/2021-e1718194816830-100x100.jpg 100w\" sizes=\"(max-width: 723px) 100vw, 723px\" \/>\t\t\t\t\t\t\t\t\t<div class=\"premium-banner-ib-desc\">\n\t\t\t\t\n\t\t\t\t\t\t\t\t\t<h3 class=\"premium-banner-ib-title premium_banner_title\">\n\t\t\t\t\t\t2021\t\t\t\t\t<\/h3>\n\t\t\t\t\n\t\t\t\t\n\t\t\t\t\n\t\t\t\t\t\t\t<\/div>\n\t\t\t\t\t\t\t<a href=\"https:\/\/kanakyreptiles.com\/en\/correlophus-ciliatus-historico-cruces\/cc2021\/\" class=\"premium-banner-ib-link\"><\/a>\n\t\t\t\t\t<\/div>\n\n\t\t\t\t\t\t<\/div>\n\t\t\t\t<\/div>\n\t\t\t\t<\/div>\n\t\t<div class=\"elementor-element elementor-element-1d348a5 e-con-full e-flex e-con e-child\" data-id=\"1d348a5\" data-element_type=\"container\" data-e-type=\"container\">\n\t\t\t\t<div class=\"elementor-element elementor-element-c6cd3bf elementor-widget elementor-widget-premium-addon-banner\" data-id=\"c6cd3bf\" data-element_type=\"widget\" data-e-type=\"widget\" data-widget_type=\"premium-addon-banner.default\">\n\t\t\t\t<div class=\"elementor-widget-container\">\n\t\t\t\t\t\t\t<div class=\"premium-banner-ib premium-banner-min-height premium-banner-animation1 bright premium-banner__effect-type2\">\n\t\t\t\t\t\t\t\t\t\t<img decoding=\"async\" width=\"2150\" height=\"2151\" src=\"https:\/\/kanakyreptiles.com\/wp-content\/uploads\/2024\/06\/2022-e1718194845489.jpg\" class=\"attachment-full size-full wp-image-1631\" alt=\"2022\" srcset=\"https:\/\/kanakyreptiles.com\/wp-content\/uploads\/2024\/06\/2022-e1718194845489.jpg 2150w, https:\/\/kanakyreptiles.com\/wp-content\/uploads\/2024\/06\/2022-e1718194845489-300x300.jpg 300w, https:\/\/kanakyreptiles.com\/wp-content\/uploads\/2024\/06\/2022-e1718194845489-1024x1024.jpg 1024w, https:\/\/kanakyreptiles.com\/wp-content\/uploads\/2024\/06\/2022-e1718194845489-150x150.jpg 150w, https:\/\/kanakyreptiles.com\/wp-content\/uploads\/2024\/06\/2022-e1718194845489-768x768.jpg 768w, https:\/\/kanakyreptiles.com\/wp-content\/uploads\/2024\/06\/2022-e1718194845489-1536x1536.jpg 1536w, https:\/\/kanakyreptiles.com\/wp-content\/uploads\/2024\/06\/2022-e1718194845489-2048x2048.jpg 2048w, https:\/\/kanakyreptiles.com\/wp-content\/uploads\/2024\/06\/2022-e1718194845489-12x12.jpg 12w, https:\/\/kanakyreptiles.com\/wp-content\/uploads\/2024\/06\/2022-e1718194845489-600x600.jpg 600w, https:\/\/kanakyreptiles.com\/wp-content\/uploads\/2024\/06\/2022-e1718194845489-100x100.jpg 100w\" sizes=\"(max-width: 2150px) 100vw, 2150px\" \/>\t\t\t\t\t\t\t\t\t<div class=\"premium-banner-ib-desc\">\n\t\t\t\t\n\t\t\t\t\t\t\t\t\t<h3 class=\"premium-banner-ib-title premium_banner_title\">\n\t\t\t\t\t\t2022\t\t\t\t\t<\/h3>\n\t\t\t\t\n\t\t\t\t\n\t\t\t\t\n\t\t\t\t\t\t\t<\/div>\n\t\t\t\t\t\t\t<a href=\"https:\/\/kanakyreptiles.com\/en\/correlophus-ciliatus-historico-cruces\/cc2022\/\" class=\"premium-banner-ib-link\"><\/a>\n\t\t\t\t\t<\/div>\n\n\t\t\t\t\t\t<\/div>\n\t\t\t\t<\/div>\n\t\t\t\t<\/div>\n\t\t<div class=\"elementor-element elementor-element-5337ed1 e-con-full e-flex e-con e-child\" data-id=\"5337ed1\" data-element_type=\"container\" data-e-type=\"container\">\n\t\t\t\t<div class=\"elementor-element elementor-element-0f06db3 elementor-widget elementor-widget-premium-addon-banner\" data-id=\"0f06db3\" data-element_type=\"widget\" data-e-type=\"widget\" data-widget_type=\"premium-addon-banner.default\">\n\t\t\t\t<div class=\"elementor-widget-container\">\n\t\t\t\t\t\t\t<div class=\"premium-banner-ib premium-banner-min-height premium-banner-animation1 bright premium-banner__effect-type2\">\n\t\t\t\t\t\t\t\t\t\t<img decoding=\"async\" width=\"1355\" height=\"1354\" src=\"https:\/\/kanakyreptiles.com\/wp-content\/uploads\/2024\/06\/2023-e1718194877603.jpg\" class=\"attachment-full size-full wp-image-1632\" alt=\"2023\" srcset=\"https:\/\/kanakyreptiles.com\/wp-content\/uploads\/2024\/06\/2023-e1718194877603.jpg 1355w, https:\/\/kanakyreptiles.com\/wp-content\/uploads\/2024\/06\/2023-e1718194877603-300x300.jpg 300w, https:\/\/kanakyreptiles.com\/wp-content\/uploads\/2024\/06\/2023-e1718194877603-1024x1024.jpg 1024w, https:\/\/kanakyreptiles.com\/wp-content\/uploads\/2024\/06\/2023-e1718194877603-150x150.jpg 150w, https:\/\/kanakyreptiles.com\/wp-content\/uploads\/2024\/06\/2023-e1718194877603-768x767.jpg 768w, https:\/\/kanakyreptiles.com\/wp-content\/uploads\/2024\/06\/2023-e1718194877603-12x12.jpg 12w, https:\/\/kanakyreptiles.com\/wp-content\/uploads\/2024\/06\/2023-e1718194877603-600x600.jpg 600w, https:\/\/kanakyreptiles.com\/wp-content\/uploads\/2024\/06\/2023-e1718194877603-100x100.jpg 100w\" sizes=\"(max-width: 1355px) 100vw, 1355px\" \/>\t\t\t\t\t\t\t\t\t<div class=\"premium-banner-ib-desc\">\n\t\t\t\t\n\t\t\t\t\t\t\t\t\t<h3 class=\"premium-banner-ib-title premium_banner_title\">\n\t\t\t\t\t\t2023\t\t\t\t\t<\/h3>\n\t\t\t\t\n\t\t\t\t\n\t\t\t\t\n\t\t\t\t\t\t\t<\/div>\n\t\t\t\t\t\t\t<a href=\"https:\/\/kanakyreptiles.com\/en\/correlophus-ciliatus-historico-cruces\/cc2023\/\" class=\"premium-banner-ib-link\"><\/a>\n\t\t\t\t\t<\/div>\n\n\t\t\t\t\t\t<\/div>\n\t\t\t\t<\/div>\n\t\t\t\t<\/div>\n\t\t<div class=\"elementor-element elementor-element-34887ad e-con-full e-flex e-con e-child\" data-id=\"34887ad\" data-element_type=\"container\" data-e-type=\"container\">\n\t\t\t\t<div class=\"elementor-element elementor-element-b0e4dd1 elementor-widget elementor-widget-premium-addon-banner\" data-id=\"b0e4dd1\" data-element_type=\"widget\" data-e-type=\"widget\" data-widget_type=\"premium-addon-banner.default\">\n\t\t\t\t<div class=\"elementor-widget-container\">\n\t\t\t\t\t\t\t<div class=\"premium-banner-ib premium-banner-min-height premium-banner-animation1 bright premium-banner__effect-type2\">\n\t\t\t\t\t\t\t\t\t\t<img loading=\"lazy\" decoding=\"async\" width=\"1270\" height=\"1270\" src=\"https:\/\/kanakyreptiles.com\/wp-content\/uploads\/2024\/06\/2024-e1718194895387.jpg\" class=\"attachment-full size-full wp-image-1633\" alt=\"2024\" srcset=\"https:\/\/kanakyreptiles.com\/wp-content\/uploads\/2024\/06\/2024-e1718194895387.jpg 1270w, https:\/\/kanakyreptiles.com\/wp-content\/uploads\/2024\/06\/2024-e1718194895387-300x300.jpg 300w, https:\/\/kanakyreptiles.com\/wp-content\/uploads\/2024\/06\/2024-e1718194895387-1024x1024.jpg 1024w, https:\/\/kanakyreptiles.com\/wp-content\/uploads\/2024\/06\/2024-e1718194895387-150x150.jpg 150w, https:\/\/kanakyreptiles.com\/wp-content\/uploads\/2024\/06\/2024-e1718194895387-768x768.jpg 768w, https:\/\/kanakyreptiles.com\/wp-content\/uploads\/2024\/06\/2024-e1718194895387-12x12.jpg 12w, https:\/\/kanakyreptiles.com\/wp-content\/uploads\/2024\/06\/2024-e1718194895387-600x600.jpg 600w, https:\/\/kanakyreptiles.com\/wp-content\/uploads\/2024\/06\/2024-e1718194895387-100x100.jpg 100w\" sizes=\"(max-width: 1270px) 100vw, 1270px\" \/>\t\t\t\t\t\t\t\t\t<div class=\"premium-banner-ib-desc\">\n\t\t\t\t\n\t\t\t\t\t\t\t\t\t<h3 class=\"premium-banner-ib-title premium_banner_title\">\n\t\t\t\t\t\t2024\t\t\t\t\t<\/h3>\n\t\t\t\t\n\t\t\t\t\n\t\t\t\t\n\t\t\t\t\t\t\t<\/div>\n\t\t\t\t\t\t\t<a href=\"https:\/\/kanakyreptiles.com\/en\/correlophus-ciliatus-historico-cruces\/cc2024\/\" class=\"premium-banner-ib-link\"><\/a>\n\t\t\t\t\t<\/div>\n\n\t\t\t\t\t\t<\/div>\n\t\t\t\t<\/div>\n\t\t\t\t<\/div>\n\t\t\t\t\t<\/div>\n\t\t\t\t<\/div>\n\t\t\t\t<\/div>","protected":false},"excerpt":{"rendered":"<p>Correlophus ciliatus HIST\u00d3RICO DE CRUCES En Kanaky Reptiles nos gusta llevar un seguimiento detallado de nuestras temporadas de cr\u00eda. Tomamos fotos de todos los animales al nacer y durante su desarrollo para aprender c\u00f3mo evolucionan los patrones, colores y estructuras en los animales. Tener estos datos nos ayuda a comprender c\u00f3mo se heredan los caracteres [&hellip;]<\/p>\n","protected":false},"author":2,"featured_media":0,"parent":0,"menu_order":0,"comment_status":"closed","ping_status":"closed","template":"","meta":{"footnotes":""},"class_list":["post-48","page","type-page","status-publish","hentry"],"yoast_head":"<!-- This site is optimized with the Yoast SEO plugin v27.3 - https:\/\/yoast.com\/product\/yoast-seo-wordpress\/ -->\n<title>Correlophus ciliatus - Hist\u00f3rico de cruces - Kanaky Reptiles<\/title>\n<meta name=\"robots\" content=\"index, follow, max-snippet:-1, max-image-preview:large, max-video-preview:-1\" \/>\n<link rel=\"canonical\" href=\"https:\/\/kanakyreptiles.com\/en\/correlophus-ciliatus-historico-cruces\/\" \/>\n<meta property=\"og:locale\" content=\"en_US\" \/>\n<meta property=\"og:type\" content=\"article\" \/>\n<meta property=\"og:title\" content=\"Correlophus ciliatus - Hist\u00f3rico de cruces - Kanaky Reptiles\" \/>\n<meta property=\"og:description\" content=\"Correlophus ciliatus HIST\u00d3RICO DE CRUCES En Kanaky Reptiles nos gusta llevar un seguimiento detallado de nuestras temporadas de cr\u00eda. Tomamos fotos de todos los animales al nacer y durante su desarrollo para aprender c\u00f3mo evolucionan los patrones, colores y estructuras en los animales. Tener estos datos nos ayuda a comprender c\u00f3mo se heredan los caracteres [&hellip;]\" \/>\n<meta property=\"og:url\" content=\"https:\/\/kanakyreptiles.com\/en\/correlophus-ciliatus-historico-cruces\/\" \/>\n<meta property=\"og:site_name\" content=\"Kanaky Reptiles\" \/>\n<meta property=\"article:modified_time\" content=\"2024-06-12T14:04:10+00:00\" \/>\n<meta property=\"og:image\" content=\"https:\/\/kanakyreptiles.com\/wp-content\/uploads\/2024\/06\/2021-e1718194816830.jpg\" \/>\n<meta name=\"twitter:card\" content=\"summary_large_image\" \/>\n<meta name=\"twitter:label1\" content=\"Est. reading time\" \/>\n\t<meta name=\"twitter:data1\" content=\"2 minutes\" \/>\n<script type=\"application\/ld+json\" class=\"yoast-schema-graph\">{\"@context\":\"https:\\\/\\\/schema.org\",\"@graph\":[{\"@type\":\"WebPage\",\"@id\":\"https:\\\/\\\/kanakyreptiles.com\\\/correlophus-ciliatus-historico-cruces\\\/\",\"url\":\"https:\\\/\\\/kanakyreptiles.com\\\/correlophus-ciliatus-historico-cruces\\\/\",\"name\":\"Correlophus ciliatus - Hist\u00f3rico de cruces - Kanaky Reptiles\",\"isPartOf\":{\"@id\":\"https:\\\/\\\/kanakyreptiles.com\\\/#website\"},\"primaryImageOfPage\":{\"@id\":\"https:\\\/\\\/kanakyreptiles.com\\\/correlophus-ciliatus-historico-cruces\\\/#primaryimage\"},\"image\":{\"@id\":\"https:\\\/\\\/kanakyreptiles.com\\\/correlophus-ciliatus-historico-cruces\\\/#primaryimage\"},\"thumbnailUrl\":\"https:\\\/\\\/kanakyreptiles.com\\\/wp-content\\\/uploads\\\/2024\\\/06\\\/2021-e1718194816830.jpg\",\"datePublished\":\"2024-05-20T10:32:33+00:00\",\"dateModified\":\"2024-06-12T14:04:10+00:00\",\"breadcrumb\":{\"@id\":\"https:\\\/\\\/kanakyreptiles.com\\\/correlophus-ciliatus-historico-cruces\\\/#breadcrumb\"},\"inLanguage\":\"en-US\",\"potentialAction\":[{\"@type\":\"ReadAction\",\"target\":[\"https:\\\/\\\/kanakyreptiles.com\\\/correlophus-ciliatus-historico-cruces\\\/\"]}]},{\"@type\":\"ImageObject\",\"inLanguage\":\"en-US\",\"@id\":\"https:\\\/\\\/kanakyreptiles.com\\\/correlophus-ciliatus-historico-cruces\\\/#primaryimage\",\"url\":\"https:\\\/\\\/kanakyreptiles.com\\\/wp-content\\\/uploads\\\/2024\\\/06\\\/2021-e1718194816830.jpg\",\"contentUrl\":\"https:\\\/\\\/kanakyreptiles.com\\\/wp-content\\\/uploads\\\/2024\\\/06\\\/2021-e1718194816830.jpg\"},{\"@type\":\"BreadcrumbList\",\"@id\":\"https:\\\/\\\/kanakyreptiles.com\\\/correlophus-ciliatus-historico-cruces\\\/#breadcrumb\",\"itemListElement\":[{\"@type\":\"ListItem\",\"position\":1,\"name\":\"Portada\",\"item\":\"https:\\\/\\\/kanakyreptiles.com\\\/\"},{\"@type\":\"ListItem\",\"position\":2,\"name\":\"Correlophus ciliatus &#8211; Hist\u00f3rico de cruces\"}]},{\"@type\":\"WebSite\",\"@id\":\"https:\\\/\\\/kanakyreptiles.com\\\/#website\",\"url\":\"https:\\\/\\\/kanakyreptiles.com\\\/\",\"name\":\"Kanaky Reptiles\",\"description\":\"Venta de reptiles\",\"publisher\":{\"@id\":\"https:\\\/\\\/kanakyreptiles.com\\\/#organization\"},\"potentialAction\":[{\"@type\":\"SearchAction\",\"target\":{\"@type\":\"EntryPoint\",\"urlTemplate\":\"https:\\\/\\\/kanakyreptiles.com\\\/?s={search_term_string}\"},\"query-input\":{\"@type\":\"PropertyValueSpecification\",\"valueRequired\":true,\"valueName\":\"search_term_string\"}}],\"inLanguage\":\"en-US\"},{\"@type\":\"Organization\",\"@id\":\"https:\\\/\\\/kanakyreptiles.com\\\/#organization\",\"name\":\"Kanaky Reptiles\",\"url\":\"https:\\\/\\\/kanakyreptiles.com\\\/\",\"logo\":{\"@type\":\"ImageObject\",\"inLanguage\":\"en-US\",\"@id\":\"https:\\\/\\\/kanakyreptiles.com\\\/#\\\/schema\\\/logo\\\/image\\\/\",\"url\":\"https:\\\/\\\/kanakyreptiles.com\\\/wp-content\\\/uploads\\\/2024\\\/05\\\/LOGO-KANAKY-REPTILES-COMPLETO-am.png\",\"contentUrl\":\"https:\\\/\\\/kanakyreptiles.com\\\/wp-content\\\/uploads\\\/2024\\\/05\\\/LOGO-KANAKY-REPTILES-COMPLETO-am.png\",\"width\":2278,\"height\":445,\"caption\":\"Kanaky Reptiles\"},\"image\":{\"@id\":\"https:\\\/\\\/kanakyreptiles.com\\\/#\\\/schema\\\/logo\\\/image\\\/\"},\"sameAs\":[\"https:\\\/\\\/www.youtube.com\\\/channel\\\/UClqHTv-N_fxdR2BacMygxPQ\",\"https:\\\/\\\/www.instagram.com\\\/kanakyterraria\\\/\"]}]}<\/script>\n<!-- \/ Yoast SEO plugin. -->","yoast_head_json":{"title":"Correlophus ciliatus - Hist\u00f3rico de cruces - Kanaky Reptiles","robots":{"index":"index","follow":"follow","max-snippet":"max-snippet:-1","max-image-preview":"max-image-preview:large","max-video-preview":"max-video-preview:-1"},"canonical":"https:\/\/kanakyreptiles.com\/en\/correlophus-ciliatus-historico-cruces\/","og_locale":"en_US","og_type":"article","og_title":"Correlophus ciliatus - Hist\u00f3rico de cruces - Kanaky Reptiles","og_description":"Correlophus ciliatus HIST\u00d3RICO DE CRUCES En Kanaky Reptiles nos gusta llevar un seguimiento detallado de nuestras temporadas de cr\u00eda. Tomamos fotos de todos los animales al nacer y durante su desarrollo para aprender c\u00f3mo evolucionan los patrones, colores y estructuras en los animales. Tener estos datos nos ayuda a comprender c\u00f3mo se heredan los caracteres [&hellip;]","og_url":"https:\/\/kanakyreptiles.com\/en\/correlophus-ciliatus-historico-cruces\/","og_site_name":"Kanaky Reptiles","article_modified_time":"2024-06-12T14:04:10+00:00","og_image":[{"url":"https:\/\/kanakyreptiles.com\/wp-content\/uploads\/2024\/06\/2021-e1718194816830.jpg","type":"","width":"","height":""}],"twitter_card":"summary_large_image","twitter_misc":{"Est. reading time":"2 minutes"},"schema":{"@context":"https:\/\/schema.org","@graph":[{"@type":"WebPage","@id":"https:\/\/kanakyreptiles.com\/correlophus-ciliatus-historico-cruces\/","url":"https:\/\/kanakyreptiles.com\/correlophus-ciliatus-historico-cruces\/","name":"Correlophus ciliatus - Hist\u00f3rico de cruces - Kanaky Reptiles","isPartOf":{"@id":"https:\/\/kanakyreptiles.com\/#website"},"primaryImageOfPage":{"@id":"https:\/\/kanakyreptiles.com\/correlophus-ciliatus-historico-cruces\/#primaryimage"},"image":{"@id":"https:\/\/kanakyreptiles.com\/correlophus-ciliatus-historico-cruces\/#primaryimage"},"thumbnailUrl":"https:\/\/kanakyreptiles.com\/wp-content\/uploads\/2024\/06\/2021-e1718194816830.jpg","datePublished":"2024-05-20T10:32:33+00:00","dateModified":"2024-06-12T14:04:10+00:00","breadcrumb":{"@id":"https:\/\/kanakyreptiles.com\/correlophus-ciliatus-historico-cruces\/#breadcrumb"},"inLanguage":"en-US","potentialAction":[{"@type":"ReadAction","target":["https:\/\/kanakyreptiles.com\/correlophus-ciliatus-historico-cruces\/"]}]},{"@type":"ImageObject","inLanguage":"en-US","@id":"https:\/\/kanakyreptiles.com\/correlophus-ciliatus-historico-cruces\/#primaryimage","url":"https:\/\/kanakyreptiles.com\/wp-content\/uploads\/2024\/06\/2021-e1718194816830.jpg","contentUrl":"https:\/\/kanakyreptiles.com\/wp-content\/uploads\/2024\/06\/2021-e1718194816830.jpg"},{"@type":"BreadcrumbList","@id":"https:\/\/kanakyreptiles.com\/correlophus-ciliatus-historico-cruces\/#breadcrumb","itemListElement":[{"@type":"ListItem","position":1,"name":"Portada","item":"https:\/\/kanakyreptiles.com\/"},{"@type":"ListItem","position":2,"name":"Correlophus ciliatus &#8211; Hist\u00f3rico de cruces"}]},{"@type":"WebSite","@id":"https:\/\/kanakyreptiles.com\/#website","url":"https:\/\/kanakyreptiles.com\/","name":"Kanaky Reptiles","description":"Reptiles for sale","publisher":{"@id":"https:\/\/kanakyreptiles.com\/#organization"},"potentialAction":[{"@type":"SearchAction","target":{"@type":"EntryPoint","urlTemplate":"https:\/\/kanakyreptiles.com\/?s={search_term_string}"},"query-input":{"@type":"PropertyValueSpecification","valueRequired":true,"valueName":"search_term_string"}}],"inLanguage":"en-US"},{"@type":"Organization","@id":"https:\/\/kanakyreptiles.com\/#organization","name":"Kanaky Reptiles","url":"https:\/\/kanakyreptiles.com\/","logo":{"@type":"ImageObject","inLanguage":"en-US","@id":"https:\/\/kanakyreptiles.com\/#\/schema\/logo\/image\/","url":"https:\/\/kanakyreptiles.com\/wp-content\/uploads\/2024\/05\/LOGO-KANAKY-REPTILES-COMPLETO-am.png","contentUrl":"https:\/\/kanakyreptiles.com\/wp-content\/uploads\/2024\/05\/LOGO-KANAKY-REPTILES-COMPLETO-am.png","width":2278,"height":445,"caption":"Kanaky Reptiles"},"image":{"@id":"https:\/\/kanakyreptiles.com\/#\/schema\/logo\/image\/"},"sameAs":["https:\/\/www.youtube.com\/channel\/UClqHTv-N_fxdR2BacMygxPQ","https:\/\/www.instagram.com\/kanakyterraria\/"]}]}},"_links":{"self":[{"href":"https:\/\/kanakyreptiles.com\/en\/wp-json\/wp\/v2\/pages\/48","targetHints":{"allow":["GET"]}}],"collection":[{"href":"https:\/\/kanakyreptiles.com\/en\/wp-json\/wp\/v2\/pages"}],"about":[{"href":"https:\/\/kanakyreptiles.com\/en\/wp-json\/wp\/v2\/types\/page"}],"author":[{"embeddable":true,"href":"https:\/\/kanakyreptiles.com\/en\/wp-json\/wp\/v2\/users\/2"}],"replies":[{"embeddable":true,"href":"https:\/\/kanakyreptiles.com\/en\/wp-json\/wp\/v2\/comments?post=48"}],"version-history":[{"count":35,"href":"https:\/\/kanakyreptiles.com\/en\/wp-json\/wp\/v2\/pages\/48\/revisions"}],"predecessor-version":[{"id":1721,"href":"https:\/\/kanakyreptiles.com\/en\/wp-json\/wp\/v2\/pages\/48\/revisions\/1721"}],"wp:attachment":[{"href":"https:\/\/kanakyreptiles.com\/en\/wp-json\/wp\/v2\/media?parent=48"}],"curies":[{"name":"wp","href":"https:\/\/api.w.org\/{rel}","templated":true}]}}