{"id":25,"date":"2024-05-20T12:02:52","date_gmt":"2024-05-20T10:02:52","guid":{"rendered":"https:\/\/kanakyreptiles.com\/?page_id=25"},"modified":"2024-06-12T11:23:12","modified_gmt":"2024-06-12T09:23:12","slug":"accesibilidad","status":"publish","type":"page","link":"https:\/\/kanakyreptiles.com\/en\/accesibilidad\/","title":{"rendered":"Accessibility"},"content":{"rendered":"<div data-elementor-type=\"wp-page\" data-elementor-id=\"25\" class=\"elementor elementor-25\" data-elementor-post-type=\"page\">\n\t\t\t\t<div class=\"elementor-element elementor-element-7bdaff6 e-flex e-con-boxed e-con e-parent\" data-id=\"7bdaff6\" data-element_type=\"container\" data-e-type=\"container\" data-settings=\"{&quot;background_background&quot;:&quot;classic&quot;}\">\n\t\t\t\t\t<div class=\"e-con-inner\">\n\t\t\t\t<div class=\"elementor-element elementor-element-709072a elementor-widget elementor-widget-spacer\" data-id=\"709072a\" data-element_type=\"widget\" data-e-type=\"widget\" data-widget_type=\"spacer.default\">\n\t\t\t\t<div class=\"elementor-widget-container\">\n\t\t\t\t\t\t\t<div class=\"elementor-spacer\">\n\t\t\t<div class=\"elementor-spacer-inner\"><\/div>\n\t\t<\/div>\n\t\t\t\t\t\t<\/div>\n\t\t\t\t<\/div>\n\t\t\t\t\t<\/div>\n\t\t\t\t<\/div>\n\t\t<div class=\"elementor-element elementor-element-efbb533 e-flex e-con-boxed e-con e-parent\" data-id=\"efbb533\" data-element_type=\"container\" data-e-type=\"container\">\n\t\t\t\t\t<div class=\"e-con-inner\">\n\t\t\t\t<div class=\"elementor-element elementor-element-6e5f1f8 elementor-widget elementor-widget-heading\" data-id=\"6e5f1f8\" data-element_type=\"widget\" data-e-type=\"widget\" data-widget_type=\"heading.default\">\n\t\t\t\t<div class=\"elementor-widget-container\">\n\t\t\t\t\t<h1 class=\"elementor-heading-title elementor-size-default\">Accessibility<\/h1>\t\t\t\t<\/div>\n\t\t\t\t<\/div>\n\t\t\t\t<div class=\"elementor-element elementor-element-b60cbc4 elementor-widget elementor-widget-text-editor\" data-id=\"b60cbc4\" data-element_type=\"widget\" data-e-type=\"widget\" data-widget_type=\"text-editor.default\">\n\t\t\t\t<div class=\"elementor-widget-container\">\n\t\t\t\t\t\t\t\t\t<p>KANAKY TERRARIA SC is committed to make its website accessible in accordance with the <a id=\"accssme_80\" title=\"Royal Decree 1112\/2018, of September 7, on accessibility of websites and applications for mobile devices (Opens in new window).\" role=\"link\" href=\"http:\/\/www.boe.es\/diario_boe\/txt.php?id=BOE-A-2018-12699\" target=\"_blank\" rel=\"noopener\">Royal Decree 1112\/2018, of September 7, on accessibility of public sector websites and applications for mobile devices.<\/a><\/p><p>This accessibility statement applies to the https:\/\/kanakyreptiles.com website.<\/p><h3>COMPLIANCE STATUS<\/h3><p>This website is partially compliant with RD 1112\/2018 due to the exceptions and non-compliance of the aspects listed below.<\/p><h3>CONTENT NOT ACCESSIBLE<\/h3><p>The content below is not accessible because of the following:<\/p><h3>Non-compliance with RD 1112\/2018.<\/h3><p>There may be some aspects of contrast that do not meet the required minimum, 3:1, with respect to the adjacent colors of the background of the web section in question (9.1.4.11 Non-textual contrast).<\/p><p>There may be some non-textual elements that are not labeled correctly (9.2.5.3 Label in the name).<\/p><p>There may be some texts in another language that are not correctly labeled (9.3.1.2 Language of the parts).<\/p><p>There may be occasional code editing errors in some web pages (9.4.1.1 Processing).<\/p><p>There could be logos and images with incorrect alternative text, as well as images without textual description (9.1.1.1 Non-textual content).<\/p><p>There may be links whose function is not correctly identified (9.2.4.4 Purpose of links).<\/p><p>There may be information or relationships that cannot be determined programmatically or are not available in the text (9.1.3.1 Information and relationships).<\/p><p>Elements without complete start and\/or end tags, elements with duplicate attributes or without a unique identifier may exist in the content implemented by markup languages (9.4.1.1 Processing).<\/p><h3>Disproportionate burden<\/h3><p>Not applicable.<\/p><h3>The content does not fall within the scope of the applicable law.<\/h3><p>There may be office files in PDF or other formats published prior to September 20, 2018 that do not fully comply with all accessibility requirements. However, efforts have been made to ensure that most of them do.<\/p><h3>PREPARATION OF THIS ACCESSIBILITY STATEMENT<\/h3><p>This statement was prepared on March 6, 2023.<\/p><p>The method used to prepare the statement was a self-assessment carried out by the entity itself.<\/p><p>Last revision of the statement: March 6, 2023.<\/p><h3>COMMENTS AND CONTACT INFORMATION<\/h3><p>You can make communications about accessibility requirements (Article 10.2.a of RD 1112\/2018) through the contact form on this website available at the following address: https:\/\/kanakyreptiles.com\/contacto\/<\/p><p>For example:<\/p><ul><li>Report any possible non-compliance by this website.<\/li><li>Convey other difficulties in accessing the content.<\/li><li>Ask any other questions or suggestions for improvement regarding the accessibility of the website.<\/li><\/ul><p>You may also submit:<\/p><ul><li>Complaint regarding compliance with the requirements of RD 1112\/2018 \uf0b7 Request for Accessible Information regarding:<ul><li>Contents that are excluded from the scope of application of RD 1112\/2018 as established by Article 3, paragraph 4.<\/li><li>Content that is exempt from compliance with accessibility requirements because it imposes a disproportionate burden.<\/li><\/ul><\/li><\/ul><p>The Request for Accessible Information must clearly state the facts, reasons and request to show that the request is reasonable and legitimate.<\/p><p>Complaints and claims regarding accessible information should be made through the contact form on this website available at the following address: https:\/\/kanakyreptiles.com\/contacto\/.<\/p><h3>OPTIONAL CONTENT<\/h3><p>This website is designed for responsive viewing, so that it can be viewed correctly on devices such as tablets and mobile devices.<\/p><p>It is also designed to be able to change the text size by means of the menus defined for this purpose according to the browser used.\u00a0<\/p><p>It can also be done using the following keyboard shortcuts by pressing both keys at the same time:<\/p><ul><li>Ctrl + : zoom in.<\/li><li>Ctrl - : decrease it.<\/li><li>Ctrl 0 : restore original size.<\/li><\/ul><p>Similarly, if a user does not have a mouse, he\/she can move through the different elements of the page he\/she is visiting using the keyboard, by means of the tab key.<\/p>\t\t\t\t\t\t\t\t<\/div>\n\t\t\t\t<\/div>\n\t\t\t\t\t<\/div>\n\t\t\t\t<\/div>\n\t\t\t\t<\/div>","protected":false},"excerpt":{"rendered":"<p>Accesibilidad KANAKY TERRARIA SC se ha comprometido a hacer accesible su sitio web de conformidad con el Real Decreto 1112\/2018, de 7 de septiembre, sobre accesibilidad de los sitios web y aplicaciones para dispositivos m\u00f3viles del sector p\u00fablico. La presente declaraci\u00f3n de accesibilidad se aplica al sitio web https:\/\/kanakyreptiles.com SITUACI\u00d3N DE CUMPLIMIENTO Este sitio web [&hellip;]<\/p>\n","protected":false},"author":2,"featured_media":0,"parent":0,"menu_order":0,"comment_status":"closed","ping_status":"closed","template":"","meta":{"footnotes":""},"class_list":["post-25","page","type-page","status-publish","hentry"],"yoast_head":"<!-- This site is optimized with the Yoast SEO plugin v27.3 - https:\/\/yoast.com\/product\/yoast-seo-wordpress\/ -->\n<title>Accesibilidad<\/title>\n<meta name=\"robots\" content=\"index, follow, max-snippet:-1, max-image-preview:large, max-video-preview:-1\" \/>\n<link rel=\"canonical\" href=\"https:\/\/kanakyreptiles.com\/en\/accesibilidad\/\" \/>\n<meta property=\"og:locale\" content=\"en_US\" \/>\n<meta property=\"og:type\" content=\"article\" \/>\n<meta property=\"og:title\" content=\"Accesibilidad\" \/>\n<meta property=\"og:description\" content=\"Accesibilidad KANAKY TERRARIA SC se ha comprometido a hacer accesible su sitio web de conformidad con el Real Decreto 1112\/2018, de 7 de septiembre, sobre accesibilidad de los sitios web y aplicaciones para dispositivos m\u00f3viles del sector p\u00fablico. La presente declaraci\u00f3n de accesibilidad se aplica al sitio web https:\/\/kanakyreptiles.com SITUACI\u00d3N DE CUMPLIMIENTO Este sitio web [&hellip;]\" \/>\n<meta property=\"og:url\" content=\"https:\/\/kanakyreptiles.com\/en\/accesibilidad\/\" \/>\n<meta property=\"og:site_name\" content=\"Kanaky Reptiles\" \/>\n<meta property=\"article:modified_time\" content=\"2024-06-12T09:23:12+00:00\" \/>\n<meta name=\"twitter:card\" content=\"summary_large_image\" \/>\n<meta name=\"twitter:label1\" content=\"Est. reading time\" \/>\n\t<meta name=\"twitter:data1\" content=\"3 minutes\" \/>\n<script type=\"application\/ld+json\" class=\"yoast-schema-graph\">{\"@context\":\"https:\\\/\\\/schema.org\",\"@graph\":[{\"@type\":\"WebPage\",\"@id\":\"https:\\\/\\\/kanakyreptiles.com\\\/accesibilidad\\\/\",\"url\":\"https:\\\/\\\/kanakyreptiles.com\\\/accesibilidad\\\/\",\"name\":\"Accesibilidad\",\"isPartOf\":{\"@id\":\"https:\\\/\\\/kanakyreptiles.com\\\/#website\"},\"datePublished\":\"2024-05-20T10:02:52+00:00\",\"dateModified\":\"2024-06-12T09:23:12+00:00\",\"breadcrumb\":{\"@id\":\"https:\\\/\\\/kanakyreptiles.com\\\/accesibilidad\\\/#breadcrumb\"},\"inLanguage\":\"en-US\",\"potentialAction\":[{\"@type\":\"ReadAction\",\"target\":[\"https:\\\/\\\/kanakyreptiles.com\\\/accesibilidad\\\/\"]}]},{\"@type\":\"BreadcrumbList\",\"@id\":\"https:\\\/\\\/kanakyreptiles.com\\\/accesibilidad\\\/#breadcrumb\",\"itemListElement\":[{\"@type\":\"ListItem\",\"position\":1,\"name\":\"Portada\",\"item\":\"https:\\\/\\\/kanakyreptiles.com\\\/\"},{\"@type\":\"ListItem\",\"position\":2,\"name\":\"Accesibilidad\"}]},{\"@type\":\"WebSite\",\"@id\":\"https:\\\/\\\/kanakyreptiles.com\\\/#website\",\"url\":\"https:\\\/\\\/kanakyreptiles.com\\\/\",\"name\":\"Kanaky Reptiles\",\"description\":\"Venta de reptiles\",\"publisher\":{\"@id\":\"https:\\\/\\\/kanakyreptiles.com\\\/#organization\"},\"potentialAction\":[{\"@type\":\"SearchAction\",\"target\":{\"@type\":\"EntryPoint\",\"urlTemplate\":\"https:\\\/\\\/kanakyreptiles.com\\\/?s={search_term_string}\"},\"query-input\":{\"@type\":\"PropertyValueSpecification\",\"valueRequired\":true,\"valueName\":\"search_term_string\"}}],\"inLanguage\":\"en-US\"},{\"@type\":\"Organization\",\"@id\":\"https:\\\/\\\/kanakyreptiles.com\\\/#organization\",\"name\":\"Kanaky Reptiles\",\"url\":\"https:\\\/\\\/kanakyreptiles.com\\\/\",\"logo\":{\"@type\":\"ImageObject\",\"inLanguage\":\"en-US\",\"@id\":\"https:\\\/\\\/kanakyreptiles.com\\\/#\\\/schema\\\/logo\\\/image\\\/\",\"url\":\"https:\\\/\\\/kanakyreptiles.com\\\/wp-content\\\/uploads\\\/2024\\\/05\\\/LOGO-KANAKY-REPTILES-COMPLETO-am.png\",\"contentUrl\":\"https:\\\/\\\/kanakyreptiles.com\\\/wp-content\\\/uploads\\\/2024\\\/05\\\/LOGO-KANAKY-REPTILES-COMPLETO-am.png\",\"width\":2278,\"height\":445,\"caption\":\"Kanaky Reptiles\"},\"image\":{\"@id\":\"https:\\\/\\\/kanakyreptiles.com\\\/#\\\/schema\\\/logo\\\/image\\\/\"},\"sameAs\":[\"https:\\\/\\\/www.youtube.com\\\/channel\\\/UClqHTv-N_fxdR2BacMygxPQ\",\"https:\\\/\\\/www.instagram.com\\\/kanakyterraria\\\/\"]}]}<\/script>\n<!-- \/ Yoast SEO plugin. -->","yoast_head_json":{"title":"Accessibility","robots":{"index":"index","follow":"follow","max-snippet":"max-snippet:-1","max-image-preview":"max-image-preview:large","max-video-preview":"max-video-preview:-1"},"canonical":"https:\/\/kanakyreptiles.com\/en\/accesibilidad\/","og_locale":"en_US","og_type":"article","og_title":"Accesibilidad","og_description":"Accesibilidad KANAKY TERRARIA SC se ha comprometido a hacer accesible su sitio web de conformidad con el Real Decreto 1112\/2018, de 7 de septiembre, sobre accesibilidad de los sitios web y aplicaciones para dispositivos m\u00f3viles del sector p\u00fablico. La presente declaraci\u00f3n de accesibilidad se aplica al sitio web https:\/\/kanakyreptiles.com SITUACI\u00d3N DE CUMPLIMIENTO Este sitio web [&hellip;]","og_url":"https:\/\/kanakyreptiles.com\/en\/accesibilidad\/","og_site_name":"Kanaky Reptiles","article_modified_time":"2024-06-12T09:23:12+00:00","twitter_card":"summary_large_image","twitter_misc":{"Est. reading time":"3 minutes"},"schema":{"@context":"https:\/\/schema.org","@graph":[{"@type":"WebPage","@id":"https:\/\/kanakyreptiles.com\/accesibilidad\/","url":"https:\/\/kanakyreptiles.com\/accesibilidad\/","name":"Accessibility","isPartOf":{"@id":"https:\/\/kanakyreptiles.com\/#website"},"datePublished":"2024-05-20T10:02:52+00:00","dateModified":"2024-06-12T09:23:12+00:00","breadcrumb":{"@id":"https:\/\/kanakyreptiles.com\/accesibilidad\/#breadcrumb"},"inLanguage":"en-US","potentialAction":[{"@type":"ReadAction","target":["https:\/\/kanakyreptiles.com\/accesibilidad\/"]}]},{"@type":"BreadcrumbList","@id":"https:\/\/kanakyreptiles.com\/accesibilidad\/#breadcrumb","itemListElement":[{"@type":"ListItem","position":1,"name":"Portada","item":"https:\/\/kanakyreptiles.com\/"},{"@type":"ListItem","position":2,"name":"Accesibilidad"}]},{"@type":"WebSite","@id":"https:\/\/kanakyreptiles.com\/#website","url":"https:\/\/kanakyreptiles.com\/","name":"Kanaky Reptiles","description":"Reptiles for sale","publisher":{"@id":"https:\/\/kanakyreptiles.com\/#organization"},"potentialAction":[{"@type":"SearchAction","target":{"@type":"EntryPoint","urlTemplate":"https:\/\/kanakyreptiles.com\/?s={search_term_string}"},"query-input":{"@type":"PropertyValueSpecification","valueRequired":true,"valueName":"search_term_string"}}],"inLanguage":"en-US"},{"@type":"Organization","@id":"https:\/\/kanakyreptiles.com\/#organization","name":"Kanaky Reptiles","url":"https:\/\/kanakyreptiles.com\/","logo":{"@type":"ImageObject","inLanguage":"en-US","@id":"https:\/\/kanakyreptiles.com\/#\/schema\/logo\/image\/","url":"https:\/\/kanakyreptiles.com\/wp-content\/uploads\/2024\/05\/LOGO-KANAKY-REPTILES-COMPLETO-am.png","contentUrl":"https:\/\/kanakyreptiles.com\/wp-content\/uploads\/2024\/05\/LOGO-KANAKY-REPTILES-COMPLETO-am.png","width":2278,"height":445,"caption":"Kanaky Reptiles"},"image":{"@id":"https:\/\/kanakyreptiles.com\/#\/schema\/logo\/image\/"},"sameAs":["https:\/\/www.youtube.com\/channel\/UClqHTv-N_fxdR2BacMygxPQ","https:\/\/www.instagram.com\/kanakyterraria\/"]}]}},"_links":{"self":[{"href":"https:\/\/kanakyreptiles.com\/en\/wp-json\/wp\/v2\/pages\/25","targetHints":{"allow":["GET"]}}],"collection":[{"href":"https:\/\/kanakyreptiles.com\/en\/wp-json\/wp\/v2\/pages"}],"about":[{"href":"https:\/\/kanakyreptiles.com\/en\/wp-json\/wp\/v2\/types\/page"}],"author":[{"embeddable":true,"href":"https:\/\/kanakyreptiles.com\/en\/wp-json\/wp\/v2\/users\/2"}],"replies":[{"embeddable":true,"href":"https:\/\/kanakyreptiles.com\/en\/wp-json\/wp\/v2\/comments?post=25"}],"version-history":[{"count":22,"href":"https:\/\/kanakyreptiles.com\/en\/wp-json\/wp\/v2\/pages\/25\/revisions"}],"predecessor-version":[{"id":1430,"href":"https:\/\/kanakyreptiles.com\/en\/wp-json\/wp\/v2\/pages\/25\/revisions\/1430"}],"wp:attachment":[{"href":"https:\/\/kanakyreptiles.com\/en\/wp-json\/wp\/v2\/media?parent=25"}],"curies":[{"name":"wp","href":"https:\/\/api.w.org\/{rel}","templated":true}]}}