{"id":1275,"date":"2024-05-27T12:19:08","date_gmt":"2024-05-27T10:19:08","guid":{"rendered":"https:\/\/kanakyreptiles.com\/?page_id=1275"},"modified":"2024-06-12T17:00:28","modified_gmt":"2024-06-12T15:00:28","slug":"ra2022","status":"publish","type":"page","link":"https:\/\/kanakyreptiles.com\/en\/rhacodactylus-auriculatus-historico-de-cruces\/ra2022\/","title":{"rendered":"Breeding pairs 2022"},"content":{"rendered":"<div data-elementor-type=\"wp-page\" data-elementor-id=\"1275\" class=\"elementor elementor-1275\" data-elementor-post-type=\"page\">\n\t\t\t\t<div class=\"elementor-element elementor-element-f3fbe7a e-flex e-con-boxed e-con e-parent\" data-id=\"f3fbe7a\" data-element_type=\"container\" data-e-type=\"container\" data-settings=\"{&quot;background_background&quot;:&quot;classic&quot;}\">\n\t\t\t\t\t<div class=\"e-con-inner\">\n\t\t\t\t<div class=\"elementor-element elementor-element-b155801 elementor-widget elementor-widget-heading\" data-id=\"b155801\" data-element_type=\"widget\" data-e-type=\"widget\" data-widget_type=\"heading.default\">\n\t\t\t\t<div class=\"elementor-widget-container\">\n\t\t\t\t\t<h1 class=\"elementor-heading-title elementor-size-default\"><i>Rhacodactylus auriculatus<\/i><\/h1>\t\t\t\t<\/div>\n\t\t\t\t<\/div>\n\t\t\t\t<div class=\"elementor-element elementor-element-97a563a elementor-widget elementor-widget-heading\" data-id=\"97a563a\" data-element_type=\"widget\" data-e-type=\"widget\" data-widget_type=\"heading.default\">\n\t\t\t\t<div class=\"elementor-widget-container\">\n\t\t\t\t\t<h2 class=\"elementor-heading-title elementor-size-default\">BREEDING PAIRS 2022<\/h2>\t\t\t\t<\/div>\n\t\t\t\t<\/div>\n\t\t\t\t<div class=\"elementor-element elementor-element-e49ee98 elementor-align-center elementor-widget elementor-widget-breadcrumbs\" data-id=\"e49ee98\" data-element_type=\"widget\" data-e-type=\"widget\" data-widget_type=\"breadcrumbs.default\">\n\t\t\t\t<div class=\"elementor-widget-container\">\n\t\t\t\t\t<p id=\"breadcrumbs\"><span><span><a href=\"https:\/\/kanakyreptiles.com\/en\/\">Home page<\/a><\/span><\/span><\/p>\t\t\t\t<\/div>\n\t\t\t\t<\/div>\n\t\t\t\t\t<\/div>\n\t\t\t\t<\/div>\n\t\t<div class=\"elementor-element elementor-element-837ee64 e-flex e-con-boxed e-con e-parent\" data-id=\"837ee64\" data-element_type=\"container\" data-e-type=\"container\">\n\t\t\t\t\t<div class=\"e-con-inner\">\n\t\t\t\t<div class=\"elementor-element elementor-element-1d979b7 elementor-widget elementor-widget-heading\" data-id=\"1d979b7\" data-element_type=\"widget\" data-e-type=\"widget\" data-widget_type=\"heading.default\">\n\t\t\t\t<div class=\"elementor-widget-container\">\n\t\t\t\t\t<h2 class=\"elementor-heading-title elementor-size-default\">2022<\/h2>\t\t\t\t<\/div>\n\t\t\t\t<\/div>\n\t\t\t\t<div class=\"elementor-element elementor-element-c0654eb premium-testimonial__skin1 elementor-widget elementor-widget-premium-addon-testimonials\" data-id=\"c0654eb\" data-element_type=\"widget\" data-e-type=\"widget\" data-settings=\"{&quot;skin&quot;:&quot;skin1&quot;,&quot;img_position&quot;:&quot;relative&quot;,&quot;arrows_lq_effect&quot;:&quot;none&quot;}\" data-widget_type=\"premium-addon-testimonials.default\">\n\t\t\t\t<div class=\"elementor-widget-container\">\n\t\t\t\t\t\n\t\t\n\t\t<div class=\"premium-testimonial-box\">\n\n\t\t\t\n\t\t\t\t<div class=\"premium-testimonial-container\">\n\n\t\t\t\t\t\t\t\t\t\t\t<div class=\"premium-testimonial-upper-quote\">\n\t\t\t\t\t\t\t<svg  class=\"premium-testimonial-quote\" xmlns=\"http:\/\/www.w3.org\/2000\/svg\" aria-hidden=\"true\" width=\"48\" height=\"37\" viewbox=\"0 0 48 37\"><path d=\"m37,37c6.07,0,11-4.93,11-11s-4.93-11-11-11c-.32,0-.63.02-.94.05.54-4.81,2.18-9.43,4.79-13.52.19-.31.2-.7.03-1.01-.18-.32-.51-.52-.88-.52h-2c-.27,0-.54.11-.73.31-5.14,5.41-11.27,14.26-11.27,25.69,0,6.07,4.93,10.99,11,11h0Zm-26,0c6.07,0,11-4.93,11-11s-4.93-11-11-11c-.32,0-.63.02-.94.05.54-4.81,2.18-9.43,4.79-13.52.19-.31.2-.7.03-1.01-.18-.32-.51-.52-.87-.52h-2c-.27,0-.54.11-.73.31C6.13,5.72,0,14.57,0,26c0,6.07,4.93,10.99,11,11h0Zm0,0\"\/><\/svg>\t\t\t\t\t\t<\/div>\n\t\t\t\t\t\n\t\t\t\t\t<div class=\"premium-testimonial-content-wrapper\">\n\n\t\t\t\t\t\t\n\t\t\t\t\t\t<div class=\"premium-testimonial-text-wrapper\">\n\t\t\t\t\t\t\t<div >\n\t\t\t\t\t\t\t\t<p>The group of gargoyle geckos we purchased a couple of years ago reaches sexual maturity and we begin to breed this species and learn how the basic characters of its phenotype are inherited. Many combinations of animals with which we start to produce stable <em>Rhacodactylus auriculatus<\/em> in Spain.<\/p>\t\t\t\t\t\t\t<\/div>\n\t\t\t\t\t\t<\/div>\n\n\t\t\t\t\t\t\n\t\t\t\t\t\t\n\n\t\t\t\t\t\t\t\n\n\t\t\t\t\t\t\t<div class=\"premium-testimonial-author-info\">\n\t\t\t\t\t\t\t\t<h4 class=\"premium-testimonial-person-name\">\n\t\t\t\t\t\t\t\t\t<span >\n\t\t\t\t\t\t\t\t\t\t\t\t\t\t\t\t\t\t\t<\/span>\n\t\t\t\t\t\t\t\t<\/h4>\n\n\t\t\t\t\t\t\t\t\t\t\t\t\t\t\t<\/div>\n\n\t\t\t\t\t\t\n\t\t\t\t\t<\/div>\n\n\t\t\t\t\t\t\t\t\t\t\t<div class=\"premium-testimonial-lower-quote\">\n\t\t\t\t\t\t\t<svg  class=\"premium-testimonial-quote\" xmlns=\"http:\/\/www.w3.org\/2000\/svg\" aria-hidden=\"true\" width=\"48\" height=\"37\" viewbox=\"0 0 48 37\"><path d=\"m37,37c6.07,0,11-4.93,11-11s-4.93-11-11-11c-.32,0-.63.02-.94.05.54-4.81,2.18-9.43,4.79-13.52.19-.31.2-.7.03-1.01-.18-.32-.51-.52-.88-.52h-2c-.27,0-.54.11-.73.31-5.14,5.41-11.27,14.26-11.27,25.69,0,6.07,4.93,10.99,11,11h0Zm-26,0c6.07,0,11-4.93,11-11s-4.93-11-11-11c-.32,0-.63.02-.94.05.54-4.81,2.18-9.43,4.79-13.52.19-.31.2-.7.03-1.01-.18-.32-.51-.52-.87-.52h-2c-.27,0-.54.11-.73.31C6.13,5.72,0,14.57,0,26c0,6.07,4.93,10.99,11,11h0Zm0,0\"\/><\/svg>\t\t\t\t\t\t<\/div>\n\t\t\t\t\t\t\t\t\t<\/div>\n\n\t\t\t\t\t<\/div>\n\t\t\t\t\t\t<\/div>\n\t\t\t\t<\/div>\n\t\t\t\t\t<\/div>\n\t\t\t\t<\/div>\n\t\t\t\t<section class=\"elementor-section elementor-top-section elementor-element elementor-element-70f7dca elementor-section-boxed elementor-section-height-default elementor-section-height-default\" data-id=\"70f7dca\" data-element_type=\"section\" data-e-type=\"section\">\n\t\t\t\t\t\t<div class=\"elementor-container elementor-column-gap-default\">\n\t\t\t\t\t<div class=\"elementor-column elementor-col-100 elementor-top-column elementor-element elementor-element-3a3bb39\" data-id=\"3a3bb39\" data-element_type=\"column\" data-e-type=\"column\">\n\t\t\t<div class=\"elementor-widget-wrap elementor-element-populated\">\n\t\t\t\t\t\t<div class=\"elementor-element elementor-element-e0d0515 elementor-widget elementor-widget-gallery\" data-id=\"e0d0515\" data-element_type=\"widget\" data-e-type=\"widget\" data-settings=\"{&quot;gallery_layout&quot;:&quot;masonry&quot;,&quot;columns&quot;:3,&quot;lazyload&quot;:&quot;yes&quot;,&quot;columns_tablet&quot;:2,&quot;columns_mobile&quot;:1,&quot;gap&quot;:{&quot;unit&quot;:&quot;px&quot;,&quot;size&quot;:10,&quot;sizes&quot;:[]},&quot;gap_laptop&quot;:{&quot;unit&quot;:&quot;px&quot;,&quot;size&quot;:10,&quot;sizes&quot;:[]},&quot;gap_tablet_extra&quot;:{&quot;unit&quot;:&quot;px&quot;,&quot;size&quot;:10,&quot;sizes&quot;:[]},&quot;gap_tablet&quot;:{&quot;unit&quot;:&quot;px&quot;,&quot;size&quot;:10,&quot;sizes&quot;:[]},&quot;gap_mobile&quot;:{&quot;unit&quot;:&quot;px&quot;,&quot;size&quot;:10,&quot;sizes&quot;:[]},&quot;link_to&quot;:&quot;file&quot;,&quot;overlay_background&quot;:&quot;yes&quot;,&quot;content_hover_animation&quot;:&quot;fade-in&quot;}\" data-widget_type=\"gallery.default\">\n\t\t\t\t<div class=\"elementor-widget-container\">\n\t\t\t\t\t\t\t<div class=\"elementor-gallery__container\">\n\t\t\t\t\t\t\t<a class=\"e-gallery-item elementor-gallery-item elementor-animated-content\" href=\"https:\/\/kanakyreptiles.com\/wp-content\/uploads\/2024\/06\/Gumersindo-x-Sandri.jpg\" data-elementor-open-lightbox=\"yes\" data-elementor-lightbox-slideshow=\"e0d0515\" data-elementor-lightbox-title=\"Gumersindo x Sandri\" data-elementor-lightbox-description=\"Gumersindo x Sandri\" data-e-action-hash=\"#elementor-action%3Aaction%3Dlightbox%26settings%3DeyJpZCI6MTc3MCwidXJsIjoiaHR0cHM6XC9cL2thbmFreXJlcHRpbGVzLmNvbVwvd3AtY29udGVudFwvdXBsb2Fkc1wvMjAyNFwvMDZcL0d1bWVyc2luZG8teC1TYW5kcmkuanBnIiwic2xpZGVzaG93IjoiZTBkMDUxNSJ9\">\n\t\t\t\t\t<div class=\"e-gallery-image elementor-gallery-item__image\" data-thumbnail=\"https:\/\/kanakyreptiles.com\/wp-content\/uploads\/2024\/06\/Gumersindo-x-Sandri.jpg\" data-width=\"1200\" data-height=\"600\" aria-label=\"Gumersindo x Sandri\" role=\"img\" ><\/div>\n\t\t\t\t\t\t\t\t\t\t\t<div class=\"elementor-gallery-item__overlay\"><\/div>\n\t\t\t\t\t\t\t\t\t\t\t\t\t\t<\/a>\n\t\t\t\t\t\t\t<a class=\"e-gallery-item elementor-gallery-item elementor-animated-content\" href=\"https:\/\/kanakyreptiles.com\/wp-content\/uploads\/2024\/06\/Gumersindo-x-Lore.jpg\" data-elementor-open-lightbox=\"yes\" data-elementor-lightbox-slideshow=\"e0d0515\" data-elementor-lightbox-title=\"Gumersindo x Lore\" data-elementor-lightbox-description=\"Gumersindo x Lore\" data-e-action-hash=\"#elementor-action%3Aaction%3Dlightbox%26settings%3DeyJpZCI6MTc3MSwidXJsIjoiaHR0cHM6XC9cL2thbmFreXJlcHRpbGVzLmNvbVwvd3AtY29udGVudFwvdXBsb2Fkc1wvMjAyNFwvMDZcL0d1bWVyc2luZG8teC1Mb3JlLmpwZyIsInNsaWRlc2hvdyI6ImUwZDA1MTUifQ%3D%3D\">\n\t\t\t\t\t<div class=\"e-gallery-image elementor-gallery-item__image\" data-thumbnail=\"https:\/\/kanakyreptiles.com\/wp-content\/uploads\/2024\/06\/Gumersindo-x-Lore.jpg\" data-width=\"1200\" data-height=\"600\" aria-label=\"Gumersindo x Lore\" role=\"img\" ><\/div>\n\t\t\t\t\t\t\t\t\t\t\t<div class=\"elementor-gallery-item__overlay\"><\/div>\n\t\t\t\t\t\t\t\t\t\t\t\t\t\t<\/a>\n\t\t\t\t\t\t\t<a class=\"e-gallery-item elementor-gallery-item elementor-animated-content\" href=\"https:\/\/kanakyreptiles.com\/wp-content\/uploads\/2024\/06\/Milton-x-Julia.jpg\" data-elementor-open-lightbox=\"yes\" data-elementor-lightbox-slideshow=\"e0d0515\" data-elementor-lightbox-title=\"Milton x Julia\" data-elementor-lightbox-description=\"Milton x Julia\" data-e-action-hash=\"#elementor-action%3Aaction%3Dlightbox%26settings%3DeyJpZCI6MTc3MiwidXJsIjoiaHR0cHM6XC9cL2thbmFreXJlcHRpbGVzLmNvbVwvd3AtY29udGVudFwvdXBsb2Fkc1wvMjAyNFwvMDZcL01pbHRvbi14LUp1bGlhLmpwZyIsInNsaWRlc2hvdyI6ImUwZDA1MTUifQ%3D%3D\">\n\t\t\t\t\t<div class=\"e-gallery-image elementor-gallery-item__image\" data-thumbnail=\"https:\/\/kanakyreptiles.com\/wp-content\/uploads\/2024\/06\/Milton-x-Julia.jpg\" data-width=\"1200\" data-height=\"600\" aria-label=\"Milton x Julia\" role=\"img\" ><\/div>\n\t\t\t\t\t\t\t\t\t\t\t<div class=\"elementor-gallery-item__overlay\"><\/div>\n\t\t\t\t\t\t\t\t\t\t\t\t\t\t<\/a>\n\t\t\t\t\t\t\t<a class=\"e-gallery-item elementor-gallery-item elementor-animated-content\" href=\"https:\/\/kanakyreptiles.com\/wp-content\/uploads\/2024\/06\/Milton-x-Busta.jpg\" data-elementor-open-lightbox=\"yes\" data-elementor-lightbox-slideshow=\"e0d0515\" data-elementor-lightbox-title=\"Milton x Busta\" data-elementor-lightbox-description=\"Milton x Busta\" data-e-action-hash=\"#elementor-action%3Aaction%3Dlightbox%26settings%3DeyJpZCI6MTc3MywidXJsIjoiaHR0cHM6XC9cL2thbmFreXJlcHRpbGVzLmNvbVwvd3AtY29udGVudFwvdXBsb2Fkc1wvMjAyNFwvMDZcL01pbHRvbi14LUJ1c3RhLmpwZyIsInNsaWRlc2hvdyI6ImUwZDA1MTUifQ%3D%3D\">\n\t\t\t\t\t<div class=\"e-gallery-image elementor-gallery-item__image\" data-thumbnail=\"https:\/\/kanakyreptiles.com\/wp-content\/uploads\/2024\/06\/Milton-x-Busta.jpg\" data-width=\"1200\" data-height=\"600\" aria-label=\"Milton x Busta\" role=\"img\" ><\/div>\n\t\t\t\t\t\t\t\t\t\t\t<div class=\"elementor-gallery-item__overlay\"><\/div>\n\t\t\t\t\t\t\t\t\t\t\t\t\t\t<\/a>\n\t\t\t\t\t\t\t<a class=\"e-gallery-item elementor-gallery-item elementor-animated-content\" href=\"https:\/\/kanakyreptiles.com\/wp-content\/uploads\/2024\/06\/Alberto-x-Nevada.jpg\" data-elementor-open-lightbox=\"yes\" data-elementor-lightbox-slideshow=\"e0d0515\" data-elementor-lightbox-title=\"Alberto x Nevada\" data-elementor-lightbox-description=\"Alberto x Nevada\" data-e-action-hash=\"#elementor-action%3Aaction%3Dlightbox%26settings%3DeyJpZCI6MTc3NCwidXJsIjoiaHR0cHM6XC9cL2thbmFreXJlcHRpbGVzLmNvbVwvd3AtY29udGVudFwvdXBsb2Fkc1wvMjAyNFwvMDZcL0FsYmVydG8teC1OZXZhZGEuanBnIiwic2xpZGVzaG93IjoiZTBkMDUxNSJ9\">\n\t\t\t\t\t<div class=\"e-gallery-image elementor-gallery-item__image\" data-thumbnail=\"https:\/\/kanakyreptiles.com\/wp-content\/uploads\/2024\/06\/Alberto-x-Nevada.jpg\" data-width=\"1200\" data-height=\"600\" aria-label=\"Alberto x Nevada\" role=\"img\" ><\/div>\n\t\t\t\t\t\t\t\t\t\t\t<div class=\"elementor-gallery-item__overlay\"><\/div>\n\t\t\t\t\t\t\t\t\t\t\t\t\t\t<\/a>\n\t\t\t\t\t\t\t<a class=\"e-gallery-item elementor-gallery-item elementor-animated-content\" href=\"https:\/\/kanakyreptiles.com\/wp-content\/uploads\/2024\/06\/Alberto-x-Martina.jpg\" data-elementor-open-lightbox=\"yes\" data-elementor-lightbox-slideshow=\"e0d0515\" data-elementor-lightbox-title=\"Alberto x Martina\" data-elementor-lightbox-description=\"Alberto x Martina\" data-e-action-hash=\"#elementor-action%3Aaction%3Dlightbox%26settings%3DeyJpZCI6MTc3NSwidXJsIjoiaHR0cHM6XC9cL2thbmFreXJlcHRpbGVzLmNvbVwvd3AtY29udGVudFwvdXBsb2Fkc1wvMjAyNFwvMDZcL0FsYmVydG8teC1NYXJ0aW5hLmpwZyIsInNsaWRlc2hvdyI6ImUwZDA1MTUifQ%3D%3D\">\n\t\t\t\t\t<div class=\"e-gallery-image elementor-gallery-item__image\" data-thumbnail=\"https:\/\/kanakyreptiles.com\/wp-content\/uploads\/2024\/06\/Alberto-x-Martina.jpg\" data-width=\"1200\" data-height=\"600\" aria-label=\"Alberto x Martina\" role=\"img\" ><\/div>\n\t\t\t\t\t\t\t\t\t\t\t<div class=\"elementor-gallery-item__overlay\"><\/div>\n\t\t\t\t\t\t\t\t\t\t\t\t\t\t<\/a>\n\t\t\t\t\t\t\t<a class=\"e-gallery-item elementor-gallery-item elementor-animated-content\" href=\"https:\/\/kanakyreptiles.com\/wp-content\/uploads\/2024\/06\/Alberto-x-Alberta.jpg\" data-elementor-open-lightbox=\"yes\" data-elementor-lightbox-slideshow=\"e0d0515\" data-elementor-lightbox-title=\"Alberto x Alberta\" data-elementor-lightbox-description=\"Alberto x Alberta\" data-e-action-hash=\"#elementor-action%3Aaction%3Dlightbox%26settings%3DeyJpZCI6MTc3NiwidXJsIjoiaHR0cHM6XC9cL2thbmFreXJlcHRpbGVzLmNvbVwvd3AtY29udGVudFwvdXBsb2Fkc1wvMjAyNFwvMDZcL0FsYmVydG8teC1BbGJlcnRhLmpwZyIsInNsaWRlc2hvdyI6ImUwZDA1MTUifQ%3D%3D\">\n\t\t\t\t\t<div class=\"e-gallery-image elementor-gallery-item__image\" data-thumbnail=\"https:\/\/kanakyreptiles.com\/wp-content\/uploads\/2024\/06\/Alberto-x-Alberta.jpg\" data-width=\"1200\" data-height=\"600\" aria-label=\"Alberto x Alberta\" role=\"img\" ><\/div>\n\t\t\t\t\t\t\t\t\t\t\t<div class=\"elementor-gallery-item__overlay\"><\/div>\n\t\t\t\t\t\t\t\t\t\t\t\t\t\t<\/a>\n\t\t\t\t\t\t\t<a class=\"e-gallery-item elementor-gallery-item elementor-animated-content\" href=\"https:\/\/kanakyreptiles.com\/wp-content\/uploads\/2024\/06\/Alberto-x-First-1.jpg\" data-elementor-open-lightbox=\"yes\" data-elementor-lightbox-slideshow=\"e0d0515\" data-elementor-lightbox-title=\"Alberto x First\" data-elementor-lightbox-description=\"Alberto x First\" data-e-action-hash=\"#elementor-action%3Aaction%3Dlightbox%26settings%3DeyJpZCI6MTc3NywidXJsIjoiaHR0cHM6XC9cL2thbmFreXJlcHRpbGVzLmNvbVwvd3AtY29udGVudFwvdXBsb2Fkc1wvMjAyNFwvMDZcL0FsYmVydG8teC1GaXJzdC0xLmpwZyIsInNsaWRlc2hvdyI6ImUwZDA1MTUifQ%3D%3D\">\n\t\t\t\t\t<div class=\"e-gallery-image elementor-gallery-item__image\" data-thumbnail=\"https:\/\/kanakyreptiles.com\/wp-content\/uploads\/2024\/06\/Alberto-x-First-1.jpg\" data-width=\"1200\" data-height=\"600\" aria-label=\"Alberto x First\" role=\"img\" ><\/div>\n\t\t\t\t\t\t\t\t\t\t\t<div class=\"elementor-gallery-item__overlay\"><\/div>\n\t\t\t\t\t\t\t\t\t\t\t\t\t\t<\/a>\n\t\t\t\t\t<\/div>\n\t\t\t\t\t<\/div>\n\t\t\t\t<\/div>\n\t\t\t\t\t<\/div>\n\t\t<\/div>\n\t\t\t\t\t<\/div>\n\t\t<\/section>\n\t\t\t\t<\/div>","protected":false},"excerpt":{"rendered":"<p>Rhacodactylus auriculatus CRUCES 2022 2022 El grupo de geckos g\u00e1rgola que compramos hace un par de a\u00f1os alcanza la madurez sexual y comenzamos a criar esta especie y a aprender c\u00f3mo se heredan los caracteres b\u00e1sicos de su fenotipo. Muchas combinaciones de animales con los que empezamos a producir de manera estable Rhacodactylus auriculatus en [&hellip;]<\/p>\n","protected":false},"author":2,"featured_media":0,"parent":943,"menu_order":0,"comment_status":"closed","ping_status":"closed","template":"","meta":{"footnotes":""},"class_list":["post-1275","page","type-page","status-publish","hentry"],"yoast_head":"<!-- This site is optimized with the Yoast SEO plugin v27.3 - https:\/\/yoast.com\/product\/yoast-seo-wordpress\/ -->\n<title>Cruces 2022 - Kanaky Reptiles<\/title>\n<meta name=\"robots\" content=\"index, follow, max-snippet:-1, max-image-preview:large, max-video-preview:-1\" \/>\n<link rel=\"canonical\" href=\"https:\/\/kanakyreptiles.com\/en\/rhacodactylus-auriculatus-historico-de-cruces\/ra2022\/\" \/>\n<meta property=\"og:locale\" content=\"en_US\" \/>\n<meta property=\"og:type\" content=\"article\" \/>\n<meta property=\"og:title\" content=\"Cruces 2022 - Kanaky Reptiles\" \/>\n<meta property=\"og:description\" content=\"Rhacodactylus auriculatus CRUCES 2022 2022 El grupo de geckos g\u00e1rgola que compramos hace un par de a\u00f1os alcanza la madurez sexual y comenzamos a criar esta especie y a aprender c\u00f3mo se heredan los caracteres b\u00e1sicos de su fenotipo. Muchas combinaciones de animales con los que empezamos a producir de manera estable Rhacodactylus auriculatus en [&hellip;]\" \/>\n<meta property=\"og:url\" content=\"https:\/\/kanakyreptiles.com\/en\/rhacodactylus-auriculatus-historico-de-cruces\/ra2022\/\" \/>\n<meta property=\"og:site_name\" content=\"Kanaky Reptiles\" \/>\n<meta property=\"article:modified_time\" content=\"2024-06-12T15:00:28+00:00\" \/>\n<meta name=\"twitter:card\" content=\"summary_large_image\" \/>\n<meta name=\"twitter:label1\" content=\"Est. reading time\" \/>\n\t<meta name=\"twitter:data1\" content=\"1 minute\" \/>\n<script type=\"application\/ld+json\" class=\"yoast-schema-graph\">{\"@context\":\"https:\\\/\\\/schema.org\",\"@graph\":[{\"@type\":\"WebPage\",\"@id\":\"https:\\\/\\\/kanakyreptiles.com\\\/rhacodactylus-auriculatus-historico-de-cruces\\\/ra2022\\\/\",\"url\":\"https:\\\/\\\/kanakyreptiles.com\\\/rhacodactylus-auriculatus-historico-de-cruces\\\/ra2022\\\/\",\"name\":\"Cruces 2022 - Kanaky Reptiles\",\"isPartOf\":{\"@id\":\"https:\\\/\\\/kanakyreptiles.com\\\/#website\"},\"datePublished\":\"2024-05-27T10:19:08+00:00\",\"dateModified\":\"2024-06-12T15:00:28+00:00\",\"breadcrumb\":{\"@id\":\"https:\\\/\\\/kanakyreptiles.com\\\/rhacodactylus-auriculatus-historico-de-cruces\\\/ra2022\\\/#breadcrumb\"},\"inLanguage\":\"en-US\",\"potentialAction\":[{\"@type\":\"ReadAction\",\"target\":[\"https:\\\/\\\/kanakyreptiles.com\\\/rhacodactylus-auriculatus-historico-de-cruces\\\/ra2022\\\/\"]}]},{\"@type\":\"BreadcrumbList\",\"@id\":\"https:\\\/\\\/kanakyreptiles.com\\\/rhacodactylus-auriculatus-historico-de-cruces\\\/ra2022\\\/#breadcrumb\",\"itemListElement\":[{\"@type\":\"ListItem\",\"position\":1,\"name\":\"Portada\",\"item\":\"https:\\\/\\\/kanakyreptiles.com\\\/\"},{\"@type\":\"ListItem\",\"position\":2,\"name\":\"Rhacodactylus auriculatus &#8211; Hist\u00f3rico de cruces\",\"item\":\"https:\\\/\\\/kanakyreptiles.com\\\/rhacodactylus-auriculatus-historico-de-cruces\\\/\"},{\"@type\":\"ListItem\",\"position\":3,\"name\":\"Cruces 2022\"}]},{\"@type\":\"WebSite\",\"@id\":\"https:\\\/\\\/kanakyreptiles.com\\\/#website\",\"url\":\"https:\\\/\\\/kanakyreptiles.com\\\/\",\"name\":\"Kanaky Reptiles\",\"description\":\"Venta de reptiles\",\"publisher\":{\"@id\":\"https:\\\/\\\/kanakyreptiles.com\\\/#organization\"},\"potentialAction\":[{\"@type\":\"SearchAction\",\"target\":{\"@type\":\"EntryPoint\",\"urlTemplate\":\"https:\\\/\\\/kanakyreptiles.com\\\/?s={search_term_string}\"},\"query-input\":{\"@type\":\"PropertyValueSpecification\",\"valueRequired\":true,\"valueName\":\"search_term_string\"}}],\"inLanguage\":\"en-US\"},{\"@type\":\"Organization\",\"@id\":\"https:\\\/\\\/kanakyreptiles.com\\\/#organization\",\"name\":\"Kanaky Reptiles\",\"url\":\"https:\\\/\\\/kanakyreptiles.com\\\/\",\"logo\":{\"@type\":\"ImageObject\",\"inLanguage\":\"en-US\",\"@id\":\"https:\\\/\\\/kanakyreptiles.com\\\/#\\\/schema\\\/logo\\\/image\\\/\",\"url\":\"https:\\\/\\\/kanakyreptiles.com\\\/wp-content\\\/uploads\\\/2024\\\/05\\\/LOGO-KANAKY-REPTILES-COMPLETO-am.png\",\"contentUrl\":\"https:\\\/\\\/kanakyreptiles.com\\\/wp-content\\\/uploads\\\/2024\\\/05\\\/LOGO-KANAKY-REPTILES-COMPLETO-am.png\",\"width\":2278,\"height\":445,\"caption\":\"Kanaky Reptiles\"},\"image\":{\"@id\":\"https:\\\/\\\/kanakyreptiles.com\\\/#\\\/schema\\\/logo\\\/image\\\/\"},\"sameAs\":[\"https:\\\/\\\/www.youtube.com\\\/channel\\\/UClqHTv-N_fxdR2BacMygxPQ\",\"https:\\\/\\\/www.instagram.com\\\/kanakyterraria\\\/\"]}]}<\/script>\n<!-- \/ Yoast SEO plugin. -->","yoast_head_json":{"title":"Cruces 2022 - Kanaky Reptiles","robots":{"index":"index","follow":"follow","max-snippet":"max-snippet:-1","max-image-preview":"max-image-preview:large","max-video-preview":"max-video-preview:-1"},"canonical":"https:\/\/kanakyreptiles.com\/en\/rhacodactylus-auriculatus-historico-de-cruces\/ra2022\/","og_locale":"en_US","og_type":"article","og_title":"Cruces 2022 - Kanaky Reptiles","og_description":"Rhacodactylus auriculatus CRUCES 2022 2022 El grupo de geckos g\u00e1rgola que compramos hace un par de a\u00f1os alcanza la madurez sexual y comenzamos a criar esta especie y a aprender c\u00f3mo se heredan los caracteres b\u00e1sicos de su fenotipo. Muchas combinaciones de animales con los que empezamos a producir de manera estable Rhacodactylus auriculatus en [&hellip;]","og_url":"https:\/\/kanakyreptiles.com\/en\/rhacodactylus-auriculatus-historico-de-cruces\/ra2022\/","og_site_name":"Kanaky Reptiles","article_modified_time":"2024-06-12T15:00:28+00:00","twitter_card":"summary_large_image","twitter_misc":{"Est. reading time":"1 minute"},"schema":{"@context":"https:\/\/schema.org","@graph":[{"@type":"WebPage","@id":"https:\/\/kanakyreptiles.com\/rhacodactylus-auriculatus-historico-de-cruces\/ra2022\/","url":"https:\/\/kanakyreptiles.com\/rhacodactylus-auriculatus-historico-de-cruces\/ra2022\/","name":"Cruces 2022 - Kanaky Reptiles","isPartOf":{"@id":"https:\/\/kanakyreptiles.com\/#website"},"datePublished":"2024-05-27T10:19:08+00:00","dateModified":"2024-06-12T15:00:28+00:00","breadcrumb":{"@id":"https:\/\/kanakyreptiles.com\/rhacodactylus-auriculatus-historico-de-cruces\/ra2022\/#breadcrumb"},"inLanguage":"en-US","potentialAction":[{"@type":"ReadAction","target":["https:\/\/kanakyreptiles.com\/rhacodactylus-auriculatus-historico-de-cruces\/ra2022\/"]}]},{"@type":"BreadcrumbList","@id":"https:\/\/kanakyreptiles.com\/rhacodactylus-auriculatus-historico-de-cruces\/ra2022\/#breadcrumb","itemListElement":[{"@type":"ListItem","position":1,"name":"Portada","item":"https:\/\/kanakyreptiles.com\/"},{"@type":"ListItem","position":2,"name":"Rhacodactylus auriculatus &#8211; Hist\u00f3rico de cruces","item":"https:\/\/kanakyreptiles.com\/rhacodactylus-auriculatus-historico-de-cruces\/"},{"@type":"ListItem","position":3,"name":"Cruces 2022"}]},{"@type":"WebSite","@id":"https:\/\/kanakyreptiles.com\/#website","url":"https:\/\/kanakyreptiles.com\/","name":"Kanaky Reptiles","description":"Reptiles for sale","publisher":{"@id":"https:\/\/kanakyreptiles.com\/#organization"},"potentialAction":[{"@type":"SearchAction","target":{"@type":"EntryPoint","urlTemplate":"https:\/\/kanakyreptiles.com\/?s={search_term_string}"},"query-input":{"@type":"PropertyValueSpecification","valueRequired":true,"valueName":"search_term_string"}}],"inLanguage":"en-US"},{"@type":"Organization","@id":"https:\/\/kanakyreptiles.com\/#organization","name":"Kanaky Reptiles","url":"https:\/\/kanakyreptiles.com\/","logo":{"@type":"ImageObject","inLanguage":"en-US","@id":"https:\/\/kanakyreptiles.com\/#\/schema\/logo\/image\/","url":"https:\/\/kanakyreptiles.com\/wp-content\/uploads\/2024\/05\/LOGO-KANAKY-REPTILES-COMPLETO-am.png","contentUrl":"https:\/\/kanakyreptiles.com\/wp-content\/uploads\/2024\/05\/LOGO-KANAKY-REPTILES-COMPLETO-am.png","width":2278,"height":445,"caption":"Kanaky Reptiles"},"image":{"@id":"https:\/\/kanakyreptiles.com\/#\/schema\/logo\/image\/"},"sameAs":["https:\/\/www.youtube.com\/channel\/UClqHTv-N_fxdR2BacMygxPQ","https:\/\/www.instagram.com\/kanakyterraria\/"]}]}},"_links":{"self":[{"href":"https:\/\/kanakyreptiles.com\/en\/wp-json\/wp\/v2\/pages\/1275","targetHints":{"allow":["GET"]}}],"collection":[{"href":"https:\/\/kanakyreptiles.com\/en\/wp-json\/wp\/v2\/pages"}],"about":[{"href":"https:\/\/kanakyreptiles.com\/en\/wp-json\/wp\/v2\/types\/page"}],"author":[{"embeddable":true,"href":"https:\/\/kanakyreptiles.com\/en\/wp-json\/wp\/v2\/users\/2"}],"replies":[{"embeddable":true,"href":"https:\/\/kanakyreptiles.com\/en\/wp-json\/wp\/v2\/comments?post=1275"}],"version-history":[{"count":10,"href":"https:\/\/kanakyreptiles.com\/en\/wp-json\/wp\/v2\/pages\/1275\/revisions"}],"predecessor-version":[{"id":1780,"href":"https:\/\/kanakyreptiles.com\/en\/wp-json\/wp\/v2\/pages\/1275\/revisions\/1780"}],"up":[{"embeddable":true,"href":"https:\/\/kanakyreptiles.com\/en\/wp-json\/wp\/v2\/pages\/943"}],"wp:attachment":[{"href":"https:\/\/kanakyreptiles.com\/en\/wp-json\/wp\/v2\/media?parent=1275"}],"curies":[{"name":"wp","href":"https:\/\/api.w.org\/{rel}","templated":true}]}}