{"id":1233,"date":"2024-05-27T12:05:00","date_gmt":"2024-05-27T10:05:00","guid":{"rendered":"https:\/\/kanakyreptiles.com\/?page_id=1233"},"modified":"2024-06-12T16:01:14","modified_gmt":"2024-06-12T14:01:14","slug":"cs2024","status":"publish","type":"page","link":"https:\/\/kanakyreptiles.com\/en\/correlophus-sarasinorum-historico-cruces\/cs2024\/","title":{"rendered":"Breeding pairs 2024"},"content":{"rendered":"<div data-elementor-type=\"wp-page\" data-elementor-id=\"1233\" class=\"elementor elementor-1233\" data-elementor-post-type=\"page\">\n\t\t\t\t<div class=\"elementor-element elementor-element-2329812 e-flex e-con-boxed e-con e-parent\" data-id=\"2329812\" data-element_type=\"container\" data-e-type=\"container\" data-settings=\"{&quot;background_background&quot;:&quot;classic&quot;}\">\n\t\t\t\t\t<div class=\"e-con-inner\">\n\t\t\t\t<div class=\"elementor-element elementor-element-5a69ac5 elementor-widget elementor-widget-heading\" data-id=\"5a69ac5\" data-element_type=\"widget\" data-e-type=\"widget\" data-widget_type=\"heading.default\">\n\t\t\t\t<div class=\"elementor-widget-container\">\n\t\t\t\t\t<h1 class=\"elementor-heading-title elementor-size-default\"><i>Correlophus sarasinorum<\/i><\/h1>\t\t\t\t<\/div>\n\t\t\t\t<\/div>\n\t\t\t\t<div class=\"elementor-element elementor-element-4ce34e6 elementor-widget elementor-widget-heading\" data-id=\"4ce34e6\" data-element_type=\"widget\" data-e-type=\"widget\" data-widget_type=\"heading.default\">\n\t\t\t\t<div class=\"elementor-widget-container\">\n\t\t\t\t\t<h2 class=\"elementor-heading-title elementor-size-default\">BREEDING PAIRS 2024<\/h2>\t\t\t\t<\/div>\n\t\t\t\t<\/div>\n\t\t\t\t<div class=\"elementor-element elementor-element-405c9ea elementor-align-center elementor-widget elementor-widget-breadcrumbs\" data-id=\"405c9ea\" data-element_type=\"widget\" data-e-type=\"widget\" data-widget_type=\"breadcrumbs.default\">\n\t\t\t\t<div class=\"elementor-widget-container\">\n\t\t\t\t\t<p id=\"breadcrumbs\"><span><span><a href=\"https:\/\/kanakyreptiles.com\/en\/\">Home page<\/a><\/span><\/span><\/p>\t\t\t\t<\/div>\n\t\t\t\t<\/div>\n\t\t\t\t\t<\/div>\n\t\t\t\t<\/div>\n\t\t<div class=\"elementor-element elementor-element-0212d42 e-flex e-con-boxed e-con e-parent\" data-id=\"0212d42\" data-element_type=\"container\" data-e-type=\"container\">\n\t\t\t\t\t<div class=\"e-con-inner\">\n\t\t\t\t<div class=\"elementor-element elementor-element-2134c82 elementor-widget elementor-widget-heading\" data-id=\"2134c82\" data-element_type=\"widget\" data-e-type=\"widget\" data-widget_type=\"heading.default\">\n\t\t\t\t<div class=\"elementor-widget-container\">\n\t\t\t\t\t<h2 class=\"elementor-heading-title elementor-size-default\">2024<\/h2>\t\t\t\t<\/div>\n\t\t\t\t<\/div>\n\t\t\t\t<div class=\"elementor-element elementor-element-97c50d6 premium-testimonial__skin1 elementor-widget elementor-widget-premium-addon-testimonials\" data-id=\"97c50d6\" data-element_type=\"widget\" data-e-type=\"widget\" data-settings=\"{&quot;skin&quot;:&quot;skin1&quot;,&quot;img_position&quot;:&quot;relative&quot;,&quot;arrows_lq_effect&quot;:&quot;none&quot;}\" data-widget_type=\"premium-addon-testimonials.default\">\n\t\t\t\t<div class=\"elementor-widget-container\">\n\t\t\t\t\t\n\t\t\n\t\t<div class=\"premium-testimonial-box\">\n\n\t\t\t\n\t\t\t\t<div class=\"premium-testimonial-container\">\n\n\t\t\t\t\t\t\t\t\t\t\t<div class=\"premium-testimonial-upper-quote\">\n\t\t\t\t\t\t\t<svg  class=\"premium-testimonial-quote\" xmlns=\"http:\/\/www.w3.org\/2000\/svg\" aria-hidden=\"true\" width=\"48\" height=\"37\" viewbox=\"0 0 48 37\"><path d=\"m37,37c6.07,0,11-4.93,11-11s-4.93-11-11-11c-.32,0-.63.02-.94.05.54-4.81,2.18-9.43,4.79-13.52.19-.31.2-.7.03-1.01-.18-.32-.51-.52-.88-.52h-2c-.27,0-.54.11-.73.31-5.14,5.41-11.27,14.26-11.27,25.69,0,6.07,4.93,10.99,11,11h0Zm-26,0c6.07,0,11-4.93,11-11s-4.93-11-11-11c-.32,0-.63.02-.94.05.54-4.81,2.18-9.43,4.79-13.52.19-.31.2-.7.03-1.01-.18-.32-.51-.52-.87-.52h-2c-.27,0-.54.11-.73.31C6.13,5.72,0,14.57,0,26c0,6.07,4.93,10.99,11,11h0Zm0,0\"\/><\/svg>\t\t\t\t\t\t<\/div>\n\t\t\t\t\t\n\t\t\t\t\t<div class=\"premium-testimonial-content-wrapper\">\n\n\t\t\t\t\t\t\n\t\t\t\t\t\t<div class=\"premium-testimonial-text-wrapper\">\n\t\t\t\t\t\t\t<div >\n\t\t\t\t\t\t\t\t<p>Transition season in which we have 2 young pairs that do not reach sufficient age and weight to enter to reproduce this year. We remove the nominal pair and wait patiently so that next year we can reproduce 3 pairs. <em>white collar<\/em>.<\/p>\t\t\t\t\t\t\t<\/div>\n\t\t\t\t\t\t<\/div>\n\n\t\t\t\t\t\t\n\t\t\t\t\t\t\n\n\t\t\t\t\t\t\t\n\n\t\t\t\t\t\t\t<div class=\"premium-testimonial-author-info\">\n\t\t\t\t\t\t\t\t<h4 class=\"premium-testimonial-person-name\">\n\t\t\t\t\t\t\t\t\t<span >\n\t\t\t\t\t\t\t\t\t\t\t\t\t\t\t\t\t\t\t<\/span>\n\t\t\t\t\t\t\t\t<\/h4>\n\n\t\t\t\t\t\t\t\t\t\t\t\t\t\t\t<\/div>\n\n\t\t\t\t\t\t\n\t\t\t\t\t<\/div>\n\n\t\t\t\t\t\t\t\t\t\t\t<div class=\"premium-testimonial-lower-quote\">\n\t\t\t\t\t\t\t<svg  class=\"premium-testimonial-quote\" xmlns=\"http:\/\/www.w3.org\/2000\/svg\" aria-hidden=\"true\" width=\"48\" height=\"37\" viewbox=\"0 0 48 37\"><path d=\"m37,37c6.07,0,11-4.93,11-11s-4.93-11-11-11c-.32,0-.63.02-.94.05.54-4.81,2.18-9.43,4.79-13.52.19-.31.2-.7.03-1.01-.18-.32-.51-.52-.88-.52h-2c-.27,0-.54.11-.73.31-5.14,5.41-11.27,14.26-11.27,25.69,0,6.07,4.93,10.99,11,11h0Zm-26,0c6.07,0,11-4.93,11-11s-4.93-11-11-11c-.32,0-.63.02-.94.05.54-4.81,2.18-9.43,4.79-13.52.19-.31.2-.7.03-1.01-.18-.32-.51-.52-.87-.52h-2c-.27,0-.54.11-.73.31C6.13,5.72,0,14.57,0,26c0,6.07,4.93,10.99,11,11h0Zm0,0\"\/><\/svg>\t\t\t\t\t\t<\/div>\n\t\t\t\t\t\t\t\t\t<\/div>\n\n\t\t\t\t\t<\/div>\n\t\t\t\t\t\t<\/div>\n\t\t\t\t<\/div>\n\t\t\t\t\t<\/div>\n\t\t\t\t<\/div>\n\t\t\t\t<section class=\"elementor-section elementor-top-section elementor-element elementor-element-bf2d61a elementor-section-content-middle elementor-section-boxed elementor-section-height-default elementor-section-height-default\" data-id=\"bf2d61a\" data-element_type=\"section\" data-e-type=\"section\">\n\t\t\t\t\t\t<div class=\"elementor-container elementor-column-gap-default\">\n\t\t\t\t\t<div class=\"elementor-column elementor-col-100 elementor-top-column elementor-element elementor-element-6f705e5\" data-id=\"6f705e5\" data-element_type=\"column\" data-e-type=\"column\">\n\t\t\t<div class=\"elementor-widget-wrap elementor-element-populated\">\n\t\t\t\t\t\t<div class=\"elementor-element elementor-element-3ff5cfd elementor-widget elementor-widget-gallery\" data-id=\"3ff5cfd\" data-element_type=\"widget\" data-e-type=\"widget\" data-settings=\"{&quot;gallery_layout&quot;:&quot;masonry&quot;,&quot;columns&quot;:1,&quot;lazyload&quot;:&quot;yes&quot;,&quot;columns_tablet&quot;:2,&quot;columns_mobile&quot;:1,&quot;gap&quot;:{&quot;unit&quot;:&quot;px&quot;,&quot;size&quot;:10,&quot;sizes&quot;:[]},&quot;gap_laptop&quot;:{&quot;unit&quot;:&quot;px&quot;,&quot;size&quot;:10,&quot;sizes&quot;:[]},&quot;gap_tablet_extra&quot;:{&quot;unit&quot;:&quot;px&quot;,&quot;size&quot;:10,&quot;sizes&quot;:[]},&quot;gap_tablet&quot;:{&quot;unit&quot;:&quot;px&quot;,&quot;size&quot;:10,&quot;sizes&quot;:[]},&quot;gap_mobile&quot;:{&quot;unit&quot;:&quot;px&quot;,&quot;size&quot;:10,&quot;sizes&quot;:[]},&quot;overlay_background&quot;:&quot;yes&quot;,&quot;content_hover_animation&quot;:&quot;fade-in&quot;}\" data-widget_type=\"gallery.default\">\n\t\t\t\t<div class=\"elementor-widget-container\">\n\t\t\t\t\t\t\t<div class=\"elementor-gallery__container\">\n\t\t\t\t\t\t\t<div class=\"e-gallery-item elementor-gallery-item elementor-animated-content\">\n\t\t\t\t\t<div class=\"e-gallery-image elementor-gallery-item__image\" data-thumbnail=\"https:\/\/kanakyreptiles.com\/wp-content\/uploads\/2024\/06\/Domino-x-Mokka-1.jpg\" data-width=\"1200\" data-height=\"600\" aria-label=\"Domino x Mokka\" role=\"img\" ><\/div>\n\t\t\t\t\t\t\t\t\t\t\t<div class=\"elementor-gallery-item__overlay\"><\/div>\n\t\t\t\t\t\t\t\t\t\t\t\t\t\t<\/div>\n\t\t\t\t\t<\/div>\n\t\t\t\t\t<\/div>\n\t\t\t\t<\/div>\n\t\t\t\t\t<\/div>\n\t\t<\/div>\n\t\t\t\t\t<\/div>\n\t\t<\/section>\n\t\t\t\t<\/div>","protected":false},"excerpt":{"rendered":"<p>Correlophus sarasinorum CRUCES 2024 2024 Temporada de transici\u00f3n en la que tenemos 2 parejas j\u00f3venes que no llegan a edad y peso suficiente para entrar a reproducir este a\u00f1o. Quitamos la pareja nominal y esperamos pacientemente para que el a\u00f1o que viene podamos reproducir 3 parejas white collar.<\/p>","protected":false},"author":2,"featured_media":0,"parent":593,"menu_order":0,"comment_status":"closed","ping_status":"closed","template":"","meta":{"footnotes":""},"class_list":["post-1233","page","type-page","status-publish","hentry"],"yoast_head":"<!-- This site is optimized with the Yoast SEO plugin v27.3 - https:\/\/yoast.com\/product\/yoast-seo-wordpress\/ -->\n<title>Cruces 2024 - Kanaky Reptiles<\/title>\n<meta name=\"robots\" content=\"index, follow, max-snippet:-1, max-image-preview:large, max-video-preview:-1\" \/>\n<link rel=\"canonical\" href=\"https:\/\/kanakyreptiles.com\/en\/correlophus-sarasinorum-historico-cruces\/cs2024\/\" \/>\n<meta property=\"og:locale\" content=\"en_US\" \/>\n<meta property=\"og:type\" content=\"article\" \/>\n<meta property=\"og:title\" content=\"Cruces 2024 - Kanaky Reptiles\" \/>\n<meta property=\"og:description\" content=\"Correlophus sarasinorum CRUCES 2024 2024 Temporada de transici\u00f3n en la que tenemos 2 parejas j\u00f3venes que no llegan a edad y peso suficiente para entrar a reproducir este a\u00f1o. Quitamos la pareja nominal y esperamos pacientemente para que el a\u00f1o que viene podamos reproducir 3 parejas white collar.\" \/>\n<meta property=\"og:url\" content=\"https:\/\/kanakyreptiles.com\/en\/correlophus-sarasinorum-historico-cruces\/cs2024\/\" \/>\n<meta property=\"og:site_name\" content=\"Kanaky Reptiles\" \/>\n<meta property=\"article:modified_time\" content=\"2024-06-12T14:01:14+00:00\" \/>\n<meta name=\"twitter:card\" content=\"summary_large_image\" \/>\n<meta name=\"twitter:label1\" content=\"Est. reading time\" \/>\n\t<meta name=\"twitter:data1\" content=\"1 minute\" \/>\n<script type=\"application\/ld+json\" class=\"yoast-schema-graph\">{\"@context\":\"https:\\\/\\\/schema.org\",\"@graph\":[{\"@type\":\"WebPage\",\"@id\":\"https:\\\/\\\/kanakyreptiles.com\\\/correlophus-sarasinorum-historico-cruces\\\/cs2024\\\/\",\"url\":\"https:\\\/\\\/kanakyreptiles.com\\\/correlophus-sarasinorum-historico-cruces\\\/cs2024\\\/\",\"name\":\"Cruces 2024 - Kanaky Reptiles\",\"isPartOf\":{\"@id\":\"https:\\\/\\\/kanakyreptiles.com\\\/#website\"},\"datePublished\":\"2024-05-27T10:05:00+00:00\",\"dateModified\":\"2024-06-12T14:01:14+00:00\",\"breadcrumb\":{\"@id\":\"https:\\\/\\\/kanakyreptiles.com\\\/correlophus-sarasinorum-historico-cruces\\\/cs2024\\\/#breadcrumb\"},\"inLanguage\":\"en-US\",\"potentialAction\":[{\"@type\":\"ReadAction\",\"target\":[\"https:\\\/\\\/kanakyreptiles.com\\\/correlophus-sarasinorum-historico-cruces\\\/cs2024\\\/\"]}]},{\"@type\":\"BreadcrumbList\",\"@id\":\"https:\\\/\\\/kanakyreptiles.com\\\/correlophus-sarasinorum-historico-cruces\\\/cs2024\\\/#breadcrumb\",\"itemListElement\":[{\"@type\":\"ListItem\",\"position\":1,\"name\":\"Portada\",\"item\":\"https:\\\/\\\/kanakyreptiles.com\\\/\"},{\"@type\":\"ListItem\",\"position\":2,\"name\":\"Correlophus sarasinorum &#8211; Hist\u00f3rico de cruces\",\"item\":\"https:\\\/\\\/kanakyreptiles.com\\\/correlophus-sarasinorum-historico-cruces\\\/\"},{\"@type\":\"ListItem\",\"position\":3,\"name\":\"Cruces 2024\"}]},{\"@type\":\"WebSite\",\"@id\":\"https:\\\/\\\/kanakyreptiles.com\\\/#website\",\"url\":\"https:\\\/\\\/kanakyreptiles.com\\\/\",\"name\":\"Kanaky Reptiles\",\"description\":\"Venta de reptiles\",\"publisher\":{\"@id\":\"https:\\\/\\\/kanakyreptiles.com\\\/#organization\"},\"potentialAction\":[{\"@type\":\"SearchAction\",\"target\":{\"@type\":\"EntryPoint\",\"urlTemplate\":\"https:\\\/\\\/kanakyreptiles.com\\\/?s={search_term_string}\"},\"query-input\":{\"@type\":\"PropertyValueSpecification\",\"valueRequired\":true,\"valueName\":\"search_term_string\"}}],\"inLanguage\":\"en-US\"},{\"@type\":\"Organization\",\"@id\":\"https:\\\/\\\/kanakyreptiles.com\\\/#organization\",\"name\":\"Kanaky Reptiles\",\"url\":\"https:\\\/\\\/kanakyreptiles.com\\\/\",\"logo\":{\"@type\":\"ImageObject\",\"inLanguage\":\"en-US\",\"@id\":\"https:\\\/\\\/kanakyreptiles.com\\\/#\\\/schema\\\/logo\\\/image\\\/\",\"url\":\"https:\\\/\\\/kanakyreptiles.com\\\/wp-content\\\/uploads\\\/2024\\\/05\\\/LOGO-KANAKY-REPTILES-COMPLETO-am.png\",\"contentUrl\":\"https:\\\/\\\/kanakyreptiles.com\\\/wp-content\\\/uploads\\\/2024\\\/05\\\/LOGO-KANAKY-REPTILES-COMPLETO-am.png\",\"width\":2278,\"height\":445,\"caption\":\"Kanaky Reptiles\"},\"image\":{\"@id\":\"https:\\\/\\\/kanakyreptiles.com\\\/#\\\/schema\\\/logo\\\/image\\\/\"},\"sameAs\":[\"https:\\\/\\\/www.youtube.com\\\/channel\\\/UClqHTv-N_fxdR2BacMygxPQ\",\"https:\\\/\\\/www.instagram.com\\\/kanakyterraria\\\/\"]}]}<\/script>\n<!-- \/ Yoast SEO plugin. -->","yoast_head_json":{"title":"Cruces 2024 - Kanaky Reptiles","robots":{"index":"index","follow":"follow","max-snippet":"max-snippet:-1","max-image-preview":"max-image-preview:large","max-video-preview":"max-video-preview:-1"},"canonical":"https:\/\/kanakyreptiles.com\/en\/correlophus-sarasinorum-historico-cruces\/cs2024\/","og_locale":"en_US","og_type":"article","og_title":"Cruces 2024 - Kanaky Reptiles","og_description":"Correlophus sarasinorum CRUCES 2024 2024 Temporada de transici\u00f3n en la que tenemos 2 parejas j\u00f3venes que no llegan a edad y peso suficiente para entrar a reproducir este a\u00f1o. Quitamos la pareja nominal y esperamos pacientemente para que el a\u00f1o que viene podamos reproducir 3 parejas white collar.","og_url":"https:\/\/kanakyreptiles.com\/en\/correlophus-sarasinorum-historico-cruces\/cs2024\/","og_site_name":"Kanaky Reptiles","article_modified_time":"2024-06-12T14:01:14+00:00","twitter_card":"summary_large_image","twitter_misc":{"Est. reading time":"1 minute"},"schema":{"@context":"https:\/\/schema.org","@graph":[{"@type":"WebPage","@id":"https:\/\/kanakyreptiles.com\/correlophus-sarasinorum-historico-cruces\/cs2024\/","url":"https:\/\/kanakyreptiles.com\/correlophus-sarasinorum-historico-cruces\/cs2024\/","name":"Cruces 2024 - Kanaky Reptiles","isPartOf":{"@id":"https:\/\/kanakyreptiles.com\/#website"},"datePublished":"2024-05-27T10:05:00+00:00","dateModified":"2024-06-12T14:01:14+00:00","breadcrumb":{"@id":"https:\/\/kanakyreptiles.com\/correlophus-sarasinorum-historico-cruces\/cs2024\/#breadcrumb"},"inLanguage":"en-US","potentialAction":[{"@type":"ReadAction","target":["https:\/\/kanakyreptiles.com\/correlophus-sarasinorum-historico-cruces\/cs2024\/"]}]},{"@type":"BreadcrumbList","@id":"https:\/\/kanakyreptiles.com\/correlophus-sarasinorum-historico-cruces\/cs2024\/#breadcrumb","itemListElement":[{"@type":"ListItem","position":1,"name":"Portada","item":"https:\/\/kanakyreptiles.com\/"},{"@type":"ListItem","position":2,"name":"Correlophus sarasinorum &#8211; Hist\u00f3rico de cruces","item":"https:\/\/kanakyreptiles.com\/correlophus-sarasinorum-historico-cruces\/"},{"@type":"ListItem","position":3,"name":"Cruces 2024"}]},{"@type":"WebSite","@id":"https:\/\/kanakyreptiles.com\/#website","url":"https:\/\/kanakyreptiles.com\/","name":"Kanaky Reptiles","description":"Reptiles for sale","publisher":{"@id":"https:\/\/kanakyreptiles.com\/#organization"},"potentialAction":[{"@type":"SearchAction","target":{"@type":"EntryPoint","urlTemplate":"https:\/\/kanakyreptiles.com\/?s={search_term_string}"},"query-input":{"@type":"PropertyValueSpecification","valueRequired":true,"valueName":"search_term_string"}}],"inLanguage":"en-US"},{"@type":"Organization","@id":"https:\/\/kanakyreptiles.com\/#organization","name":"Kanaky Reptiles","url":"https:\/\/kanakyreptiles.com\/","logo":{"@type":"ImageObject","inLanguage":"en-US","@id":"https:\/\/kanakyreptiles.com\/#\/schema\/logo\/image\/","url":"https:\/\/kanakyreptiles.com\/wp-content\/uploads\/2024\/05\/LOGO-KANAKY-REPTILES-COMPLETO-am.png","contentUrl":"https:\/\/kanakyreptiles.com\/wp-content\/uploads\/2024\/05\/LOGO-KANAKY-REPTILES-COMPLETO-am.png","width":2278,"height":445,"caption":"Kanaky Reptiles"},"image":{"@id":"https:\/\/kanakyreptiles.com\/#\/schema\/logo\/image\/"},"sameAs":["https:\/\/www.youtube.com\/channel\/UClqHTv-N_fxdR2BacMygxPQ","https:\/\/www.instagram.com\/kanakyterraria\/"]}]}},"_links":{"self":[{"href":"https:\/\/kanakyreptiles.com\/en\/wp-json\/wp\/v2\/pages\/1233","targetHints":{"allow":["GET"]}}],"collection":[{"href":"https:\/\/kanakyreptiles.com\/en\/wp-json\/wp\/v2\/pages"}],"about":[{"href":"https:\/\/kanakyreptiles.com\/en\/wp-json\/wp\/v2\/types\/page"}],"author":[{"embeddable":true,"href":"https:\/\/kanakyreptiles.com\/en\/wp-json\/wp\/v2\/users\/2"}],"replies":[{"embeddable":true,"href":"https:\/\/kanakyreptiles.com\/en\/wp-json\/wp\/v2\/comments?post=1233"}],"version-history":[{"count":7,"href":"https:\/\/kanakyreptiles.com\/en\/wp-json\/wp\/v2\/pages\/1233\/revisions"}],"predecessor-version":[{"id":1709,"href":"https:\/\/kanakyreptiles.com\/en\/wp-json\/wp\/v2\/pages\/1233\/revisions\/1709"}],"up":[{"embeddable":true,"href":"https:\/\/kanakyreptiles.com\/en\/wp-json\/wp\/v2\/pages\/593"}],"wp:attachment":[{"href":"https:\/\/kanakyreptiles.com\/en\/wp-json\/wp\/v2\/media?parent=1233"}],"curies":[{"name":"wp","href":"https:\/\/api.w.org\/{rel}","templated":true}]}}