{"id":10,"date":"2024-05-20T12:02:40","date_gmt":"2024-05-20T10:02:40","guid":{"rendered":"http:\/\/kanakyreptiles.com\/?page_id=10"},"modified":"2025-10-14T12:42:17","modified_gmt":"2025-10-14T10:42:17","slug":"terminos-de-venta","status":"publish","type":"page","link":"https:\/\/kanakyreptiles.com\/en\/terminos-de-venta\/","title":{"rendered":"Terms of service"},"content":{"rendered":"<div data-elementor-type=\"wp-page\" data-elementor-id=\"10\" class=\"elementor elementor-10\" data-elementor-post-type=\"page\">\n\t\t\t\t<div class=\"elementor-element elementor-element-d40b87e e-flex e-con-boxed e-con e-parent\" data-id=\"d40b87e\" data-element_type=\"container\" data-e-type=\"container\" data-settings=\"{&quot;background_background&quot;:&quot;classic&quot;}\">\n\t\t\t\t\t<div class=\"e-con-inner\">\n\t\t\t\t<div class=\"elementor-element elementor-element-22e3abc elementor-widget elementor-widget-spacer\" data-id=\"22e3abc\" data-element_type=\"widget\" data-e-type=\"widget\" data-widget_type=\"spacer.default\">\n\t\t\t\t<div class=\"elementor-widget-container\">\n\t\t\t\t\t\t\t<div class=\"elementor-spacer\">\n\t\t\t<div class=\"elementor-spacer-inner\"><\/div>\n\t\t<\/div>\n\t\t\t\t\t\t<\/div>\n\t\t\t\t<\/div>\n\t\t\t\t\t<\/div>\n\t\t\t\t<\/div>\n\t\t<div class=\"elementor-element elementor-element-aed3a92 e-flex e-con-boxed e-con e-parent\" data-id=\"aed3a92\" data-element_type=\"container\" data-e-type=\"container\">\n\t\t\t\t\t<div class=\"e-con-inner\">\n\t\t\t\t<div class=\"elementor-element elementor-element-a19bdf6 elementor-widget elementor-widget-heading\" data-id=\"a19bdf6\" data-element_type=\"widget\" data-e-type=\"widget\" data-widget_type=\"heading.default\">\n\t\t\t\t<div class=\"elementor-widget-container\">\n\t\t\t\t\t<h1 class=\"elementor-heading-title elementor-size-default\">Terms and Conditions<\/h1>\t\t\t\t<\/div>\n\t\t\t\t<\/div>\n\t\t\t\t<div class=\"elementor-element elementor-element-ad14215 elementor-widget elementor-widget-text-editor\" data-id=\"ad14215\" data-element_type=\"widget\" data-e-type=\"widget\" data-widget_type=\"text-editor.default\">\n\t\t\t\t<div class=\"elementor-widget-container\">\n\t\t\t\t\t\t\t\t\t<ul><li><strong>Method of payment<\/strong><\/li><\/ul><p>Payment will be made by bank transfer. We will need the following information that you will have to provide us by email or whatsapp:<\/p><ul><li>Full name<\/li><li>ID number<\/li><li>Address (street, postal code, town, province, country)<\/li><li>Telephone number<\/li><li>Email<\/li><\/ul><div>\u00a0<\/div><p>ES45 0182 3297 9002 0163 6867<br \/>BBVA<br \/>Beneficiary: KANAKY TERRARIA<br \/>Concept: your phone number<\/p><p>All payments must be completed prior to scheduling any shipments.<\/p><ul><li><strong>Shipping Spain mainland and Balearic Islands<\/strong><\/li><\/ul><p>It will be a mandatory condition to contact by whatsapp or email before sending any animal to make sure that there will be someone at destination to pick them up.<\/p><p>For deliveries we have 3 options:<\/p><ul><li>0\u20ac pick up at a national fair (Expoterraria or Terrasur).<\/li><li>0\u20ac pick up at our facilities in Seville (Spain).<\/li><li>40\u20ac entrega en tu domicilio antes de las 10.00 am (con un margen de 30-60 minutos si el env\u00edo no es a capital de provincia).<\/li><\/ul><p>It is the buyer's responsibility to provide a valid and complete shipping address.<\/p><p>An unlimited number of animals can be shipped in a single order and if you agree among several buyers in the same area, several orders can be combined to save on shipping.<\/p><p>All shipping supplies are included in the shipping cost.<\/p><p>Kanaky Reptiles reserves the right to postpone shipment if weather conditions are not appropriate (due to excessive cold or heat), by reaching an agreement with the buyer.<\/p><ul><li><strong>International shipping<\/strong><\/li><\/ul><p>Kanaky Reptiles offers the possibility to send animals for collection at exotic fairs in Hamm (Germany) and Houten (Holland) from 60\u20ac. The shipping company will contact the buyer and coordinate the delivery at the fair. Both animals and shipment must be paid in full before delivery. The shipping company will not make any financial transaction with the buyer.<\/p><p>For shipments to the United States we have the service of Colubra Reptiles. Please share with us your address so we can calculate the price.<\/p><p>*For other international shows, please ask us.<\/p><ul><li><strong>7-day health guarantee<\/strong><\/li><\/ul><p>Kanaky Reptiles guarantees that your animal will be 100% healthy for 7 full days after delivery (ONLY VALID FOR DELIVERIES IN SPAIN).<\/p><p>If within these 7 days it shows any signs of ill health, please contact us within 24 hours so we can help you fix the problem before it is too late. Failure to do so will VOID our 7 DAY HEALTH GUARANTEE.<\/p><p>Death due to inadequate care or feeding is excluded.<\/p><p>Proper diet and housing are crucial when caring for any animal. We strongly recommend Gecko nutrition or Rhacofood and crickets\/roaches sprinkled with calcium and vitamin D3. Proper nutrition, housing, temperature and care are required for our 7 DAY HEALTH GUARANTEE to be valid. Please read our care guidelines and if you have any other questions, please contact us before purchasing any animal, we will be happy to help!<\/p><p>*It is mandatory to notify the arrival of the animal within 3 hours of receipt for the 7 DAY HEALTH GUARANTEE to be valid.<\/p><ul><li><strong>Animals that do not arrive alive<\/strong><\/li><\/ul><p>In the rare event that you receive an animal that has died during shipment, Kanaky Reptiles must be contacted by phone or email within 3 hours of the animal's delivery.<\/p><p>PHOTOGRAPHIC AND\/OR VIDEO PROOF will be required in all cases. This is something we ask of all clients to be fair to everyone and also so we can get an idea of the cause of death.<\/p><p>In case of validating the situation as our fault, an animal of similar characteristics will be sent or a voucher will be issued for the amount of the order (excluding shipping). No cash refunds will be issued under any circumstances.<\/p><ul><li><strong>Pore sexing\/sexing policy<\/strong><\/li><\/ul><p>Any animal listed for sale on our website as definitely male or female is guaranteed to be male or female. If you receive an animal that was sold to you with a sex guarantee and it turns out to be the opposite, you must notify us as soon as you realize the error. You must then return the original to us, following our safe shipping guidelines, at your expense. Our team here will inspect the animal and then a comparable replacement will be shipped to you at our cost, or store credit will be issued for the value of the animal excluding shipping.<\/p><p>We perform pore sexing on our geckos upon request, however, no guarantees can be made about probable males or females.<\/p><ul><li><strong>What if my gecko pulls its tail?<\/strong><\/li><\/ul><p>It is not common, but geckos may drop their tails during shipping. They may also drop their tails when stressed and sometimes for no apparent reason. This is a natural phenomenon and has no effect on their health or ability to reproduce. We are not responsible and no compensation will be given if your gecko drops its tail before, during or after shipping.<\/p>\t\t\t\t\t\t\t\t<\/div>\n\t\t\t\t<\/div>\n\t\t\t\t\t<\/div>\n\t\t\t\t<\/div>\n\t\t\t\t<\/div>","protected":false},"excerpt":{"rendered":"<p>T\u00e9rminos y condiciones M\u00e9todo de pago El pago se har\u00e1 por transferencia bancaria. Necesitaremos los siguientes datos que nos tendr\u00e9is que facilitar por email o whatsapp: Nombre completo DNI Direcci\u00f3n (calle, c\u00f3digo postal, localidad, provincia, pa\u00eds) N\u00famero de tel\u00e9fono Email \u00a0 ES45 0182 3297 9002 0163 6867BBVABeneficiario: KANAKY TERRARIAConcepto: tu n\u00famero de tel\u00e9fono Todos los [&hellip;]<\/p>\n","protected":false},"author":1,"featured_media":0,"parent":0,"menu_order":0,"comment_status":"closed","ping_status":"closed","template":"","meta":{"footnotes":""},"class_list":["post-10","page","type-page","status-publish","hentry"],"yoast_head":"<!-- This site is optimized with the Yoast SEO plugin v27.3 - https:\/\/yoast.com\/product\/yoast-seo-wordpress\/ -->\n<title>T\u00e9rminos de venta - Kanaky Reptiles<\/title>\n<meta name=\"robots\" content=\"index, follow, max-snippet:-1, max-image-preview:large, max-video-preview:-1\" \/>\n<link rel=\"canonical\" href=\"https:\/\/kanakyreptiles.com\/en\/terminos-de-venta\/\" \/>\n<meta property=\"og:locale\" content=\"en_US\" \/>\n<meta property=\"og:type\" content=\"article\" \/>\n<meta property=\"og:title\" content=\"T\u00e9rminos de venta - Kanaky Reptiles\" \/>\n<meta property=\"og:description\" content=\"T\u00e9rminos y condiciones M\u00e9todo de pago El pago se har\u00e1 por transferencia bancaria. Necesitaremos los siguientes datos que nos tendr\u00e9is que facilitar por email o whatsapp: Nombre completo DNI Direcci\u00f3n (calle, c\u00f3digo postal, localidad, provincia, pa\u00eds) N\u00famero de tel\u00e9fono Email \u00a0 ES45 0182 3297 9002 0163 6867BBVABeneficiario: KANAKY TERRARIAConcepto: tu n\u00famero de tel\u00e9fono Todos los [&hellip;]\" \/>\n<meta property=\"og:url\" content=\"https:\/\/kanakyreptiles.com\/en\/terminos-de-venta\/\" \/>\n<meta property=\"og:site_name\" content=\"Kanaky Reptiles\" \/>\n<meta property=\"article:modified_time\" content=\"2025-10-14T10:42:17+00:00\" \/>\n<meta name=\"twitter:card\" content=\"summary_large_image\" \/>\n<meta name=\"twitter:label1\" content=\"Est. reading time\" \/>\n\t<meta name=\"twitter:data1\" content=\"4 minutes\" \/>\n<script type=\"application\/ld+json\" class=\"yoast-schema-graph\">{\"@context\":\"https:\\\/\\\/schema.org\",\"@graph\":[{\"@type\":\"WebPage\",\"@id\":\"https:\\\/\\\/kanakyreptiles.com\\\/terminos-de-venta\\\/\",\"url\":\"https:\\\/\\\/kanakyreptiles.com\\\/terminos-de-venta\\\/\",\"name\":\"T\u00e9rminos de venta - Kanaky Reptiles\",\"isPartOf\":{\"@id\":\"https:\\\/\\\/kanakyreptiles.com\\\/#website\"},\"datePublished\":\"2024-05-20T10:02:40+00:00\",\"dateModified\":\"2025-10-14T10:42:17+00:00\",\"breadcrumb\":{\"@id\":\"https:\\\/\\\/kanakyreptiles.com\\\/terminos-de-venta\\\/#breadcrumb\"},\"inLanguage\":\"en-US\",\"potentialAction\":[{\"@type\":\"ReadAction\",\"target\":[\"https:\\\/\\\/kanakyreptiles.com\\\/terminos-de-venta\\\/\"]}]},{\"@type\":\"BreadcrumbList\",\"@id\":\"https:\\\/\\\/kanakyreptiles.com\\\/terminos-de-venta\\\/#breadcrumb\",\"itemListElement\":[{\"@type\":\"ListItem\",\"position\":1,\"name\":\"Portada\",\"item\":\"https:\\\/\\\/kanakyreptiles.com\\\/\"},{\"@type\":\"ListItem\",\"position\":2,\"name\":\"T\u00e9rminos de venta\"}]},{\"@type\":\"WebSite\",\"@id\":\"https:\\\/\\\/kanakyreptiles.com\\\/#website\",\"url\":\"https:\\\/\\\/kanakyreptiles.com\\\/\",\"name\":\"Kanaky Reptiles\",\"description\":\"Venta de reptiles\",\"publisher\":{\"@id\":\"https:\\\/\\\/kanakyreptiles.com\\\/#organization\"},\"potentialAction\":[{\"@type\":\"SearchAction\",\"target\":{\"@type\":\"EntryPoint\",\"urlTemplate\":\"https:\\\/\\\/kanakyreptiles.com\\\/?s={search_term_string}\"},\"query-input\":{\"@type\":\"PropertyValueSpecification\",\"valueRequired\":true,\"valueName\":\"search_term_string\"}}],\"inLanguage\":\"en-US\"},{\"@type\":\"Organization\",\"@id\":\"https:\\\/\\\/kanakyreptiles.com\\\/#organization\",\"name\":\"Kanaky Reptiles\",\"url\":\"https:\\\/\\\/kanakyreptiles.com\\\/\",\"logo\":{\"@type\":\"ImageObject\",\"inLanguage\":\"en-US\",\"@id\":\"https:\\\/\\\/kanakyreptiles.com\\\/#\\\/schema\\\/logo\\\/image\\\/\",\"url\":\"https:\\\/\\\/kanakyreptiles.com\\\/wp-content\\\/uploads\\\/2024\\\/05\\\/LOGO-KANAKY-REPTILES-COMPLETO-am.png\",\"contentUrl\":\"https:\\\/\\\/kanakyreptiles.com\\\/wp-content\\\/uploads\\\/2024\\\/05\\\/LOGO-KANAKY-REPTILES-COMPLETO-am.png\",\"width\":2278,\"height\":445,\"caption\":\"Kanaky Reptiles\"},\"image\":{\"@id\":\"https:\\\/\\\/kanakyreptiles.com\\\/#\\\/schema\\\/logo\\\/image\\\/\"},\"sameAs\":[\"https:\\\/\\\/www.youtube.com\\\/channel\\\/UClqHTv-N_fxdR2BacMygxPQ\",\"https:\\\/\\\/www.instagram.com\\\/kanakyterraria\\\/\"]}]}<\/script>\n<!-- \/ Yoast SEO plugin. -->","yoast_head_json":{"title":"T\u00e9rminos de venta - Kanaky Reptiles","robots":{"index":"index","follow":"follow","max-snippet":"max-snippet:-1","max-image-preview":"max-image-preview:large","max-video-preview":"max-video-preview:-1"},"canonical":"https:\/\/kanakyreptiles.com\/en\/terminos-de-venta\/","og_locale":"en_US","og_type":"article","og_title":"T\u00e9rminos de venta - Kanaky Reptiles","og_description":"T\u00e9rminos y condiciones M\u00e9todo de pago El pago se har\u00e1 por transferencia bancaria. Necesitaremos los siguientes datos que nos tendr\u00e9is que facilitar por email o whatsapp: Nombre completo DNI Direcci\u00f3n (calle, c\u00f3digo postal, localidad, provincia, pa\u00eds) N\u00famero de tel\u00e9fono Email \u00a0 ES45 0182 3297 9002 0163 6867BBVABeneficiario: KANAKY TERRARIAConcepto: tu n\u00famero de tel\u00e9fono Todos los [&hellip;]","og_url":"https:\/\/kanakyreptiles.com\/en\/terminos-de-venta\/","og_site_name":"Kanaky Reptiles","article_modified_time":"2025-10-14T10:42:17+00:00","twitter_card":"summary_large_image","twitter_misc":{"Est. reading time":"4 minutes"},"schema":{"@context":"https:\/\/schema.org","@graph":[{"@type":"WebPage","@id":"https:\/\/kanakyreptiles.com\/terminos-de-venta\/","url":"https:\/\/kanakyreptiles.com\/terminos-de-venta\/","name":"T\u00e9rminos de venta - Kanaky Reptiles","isPartOf":{"@id":"https:\/\/kanakyreptiles.com\/#website"},"datePublished":"2024-05-20T10:02:40+00:00","dateModified":"2025-10-14T10:42:17+00:00","breadcrumb":{"@id":"https:\/\/kanakyreptiles.com\/terminos-de-venta\/#breadcrumb"},"inLanguage":"en-US","potentialAction":[{"@type":"ReadAction","target":["https:\/\/kanakyreptiles.com\/terminos-de-venta\/"]}]},{"@type":"BreadcrumbList","@id":"https:\/\/kanakyreptiles.com\/terminos-de-venta\/#breadcrumb","itemListElement":[{"@type":"ListItem","position":1,"name":"Portada","item":"https:\/\/kanakyreptiles.com\/"},{"@type":"ListItem","position":2,"name":"T\u00e9rminos de venta"}]},{"@type":"WebSite","@id":"https:\/\/kanakyreptiles.com\/#website","url":"https:\/\/kanakyreptiles.com\/","name":"Kanaky Reptiles","description":"Reptiles for sale","publisher":{"@id":"https:\/\/kanakyreptiles.com\/#organization"},"potentialAction":[{"@type":"SearchAction","target":{"@type":"EntryPoint","urlTemplate":"https:\/\/kanakyreptiles.com\/?s={search_term_string}"},"query-input":{"@type":"PropertyValueSpecification","valueRequired":true,"valueName":"search_term_string"}}],"inLanguage":"en-US"},{"@type":"Organization","@id":"https:\/\/kanakyreptiles.com\/#organization","name":"Kanaky Reptiles","url":"https:\/\/kanakyreptiles.com\/","logo":{"@type":"ImageObject","inLanguage":"en-US","@id":"https:\/\/kanakyreptiles.com\/#\/schema\/logo\/image\/","url":"https:\/\/kanakyreptiles.com\/wp-content\/uploads\/2024\/05\/LOGO-KANAKY-REPTILES-COMPLETO-am.png","contentUrl":"https:\/\/kanakyreptiles.com\/wp-content\/uploads\/2024\/05\/LOGO-KANAKY-REPTILES-COMPLETO-am.png","width":2278,"height":445,"caption":"Kanaky Reptiles"},"image":{"@id":"https:\/\/kanakyreptiles.com\/#\/schema\/logo\/image\/"},"sameAs":["https:\/\/www.youtube.com\/channel\/UClqHTv-N_fxdR2BacMygxPQ","https:\/\/www.instagram.com\/kanakyterraria\/"]}]}},"_links":{"self":[{"href":"https:\/\/kanakyreptiles.com\/en\/wp-json\/wp\/v2\/pages\/10","targetHints":{"allow":["GET"]}}],"collection":[{"href":"https:\/\/kanakyreptiles.com\/en\/wp-json\/wp\/v2\/pages"}],"about":[{"href":"https:\/\/kanakyreptiles.com\/en\/wp-json\/wp\/v2\/types\/page"}],"author":[{"embeddable":true,"href":"https:\/\/kanakyreptiles.com\/en\/wp-json\/wp\/v2\/users\/1"}],"replies":[{"embeddable":true,"href":"https:\/\/kanakyreptiles.com\/en\/wp-json\/wp\/v2\/comments?post=10"}],"version-history":[{"count":53,"href":"https:\/\/kanakyreptiles.com\/en\/wp-json\/wp\/v2\/pages\/10\/revisions"}],"predecessor-version":[{"id":2697,"href":"https:\/\/kanakyreptiles.com\/en\/wp-json\/wp\/v2\/pages\/10\/revisions\/2697"}],"wp:attachment":[{"href":"https:\/\/kanakyreptiles.com\/en\/wp-json\/wp\/v2\/media?parent=10"}],"curies":[{"name":"wp","href":"https:\/\/api.w.org\/{rel}","templated":true}]}}